{"id":93249,"date":"2017-03-20T01:57:25","date_gmt":"2017-03-20T00:57:25","guid":{"rendered":"https:\/\/africandreamland.com\/sobre-africandreamland-plata-joies\/"},"modified":"2023-03-28T09:25:53","modified_gmt":"2023-03-28T07:25:53","slug":"sobre-africandreamland-joies","status":"publish","type":"page","link":"https:\/\/africandreamland.com\/ca\/sobre-africandreamland-joies\/","title":{"rendered":"Com van comen\u00e7ar AfricanDreamland Joies"},"content":{"rendered":"<p>[et_pb_section fb_built=&#8221;1&#8243; fullwidth=&#8221;on&#8221; admin_label=&#8221;Header&#8221; _builder_version=&#8221;4.16&#8243; custom_padding=&#8221;0px|0|0px|0px|false|false&#8221; top_divider_style=&#8221;arrow3&#8243; top_divider_color=&#8221;rgba(255,255,255,0.3)&#8221; top_divider_height=&#8221;100%&#8221; top_divider_repeat=&#8221;2x&#8221; bottom_divider_color=&#8221;rgba(255,255,255,0.33)&#8221; bottom_divider_height=&#8221;500px&#8221; global_colors_info=&#8221;{}&#8221;][et_pb_fullwidth_header title=&#8221;com van comen\u00e7ar AfricanDreamland joies&#8221; text_orientation=&#8221;center&#8221; content_max_width=&#8221;70%&#8221; content_max_width_tablet=&#8221;100%&#8221; content_max_width_phone=&#8221;&#8221; content_max_width_last_edited=&#8221;on|phone&#8221; _builder_version=&#8221;4.17.1&#8243; title_font=&#8221;|700||on|||||&#8221; title_line_height=&#8221;1.2em&#8221; content_font=&#8221;||||||||&#8221; subhead_font=&#8221;Poppins|700||on|||||&#8221; subhead_font_size=&#8221;16px&#8221; subhead_letter_spacing=&#8221;15px&#8221; subhead_line_height=&#8221;2em&#8221; background_color=&#8221;rgba(255,255,255,0)&#8221; background_image=&#8221;https:\/\/africandreamland.com\/wp-content\/uploads\/2019\/07\/africandreamland-banner.jpg&#8221; parallax=&#8221;on&#8221; parallax_method=&#8221;on&#8221; custom_button_one=&#8221;on&#8221; button_one_text_size=&#8221;14px&#8221; button_one_text_color=&#8221;#000000&#8243; button_one_bg_color=&#8221;#ffffff&#8221; button_one_border_width=&#8221;14px&#8221; button_one_border_color=&#8221;#ffffff&#8221; button_one_border_radius=&#8221;0px&#8221; button_one_letter_spacing=&#8221;4px&#8221; button_one_font=&#8221;Poppins|500||on|||||&#8221; background_layout=&#8221;light&#8221; custom_margin=&#8221;||||false&#8221; custom_padding=&#8221;10vw||10vw||true|&#8221; filter_sepia=&#8221;35%&#8221; child_filter_sepia=&#8221;45%&#8221; title_text_align_tablet=&#8221;&#8221; title_text_align_phone=&#8221;center&#8221; title_text_align_last_edited=&#8221;on|phone&#8221; title_text_color_tablet=&#8221;&#8221; title_text_color_phone=&#8221;#FFFFFF&#8221; title_text_color_last_edited=&#8221;on|phone&#8221; title_font_size_tablet=&#8221;40px&#8221; title_font_size_phone=&#8221;23px&#8221; title_font_size_last_edited=&#8221;on|desktop&#8221; subhead_font_size_tablet=&#8221;40px&#8221; subhead_font_size_last_edited=&#8221;off|desktop&#8221; subhead_letter_spacing_tablet=&#8221;&#8221; subhead_letter_spacing_phone=&#8221;0px&#8221; subhead_letter_spacing_last_edited=&#8221;on|phone&#8221; button_one_border_color_hover=&#8221;#ecd5c5&#8243; button_one_border_radius_hover=&#8221;0px&#8221; button_one_letter_spacing_hover=&#8221;4px&#8221; button_one_bg_color_hover=&#8221;#ecd5c5&#8243; global_colors_info=&#8221;{}&#8221; button_one_text_size__hover_enabled=&#8221;off&#8221; button_two_text_size__hover_enabled=&#8221;off&#8221; button_one_text_color__hover_enabled=&#8221;off&#8221; button_two_text_color__hover_enabled=&#8221;off&#8221; button_one_border_width__hover_enabled=&#8221;off&#8221; button_two_border_width__hover_enabled=&#8221;off&#8221; button_one_border_color__hover_enabled=&#8221;on&#8221; button_one_border_color__hover=&#8221;#ecd5c5&#8243; button_two_border_color__hover_enabled=&#8221;off&#8221; button_one_border_radius__hover_enabled=&#8221;on&#8221; button_one_border_radius__hover=&#8221;0px&#8221; button_two_border_radius__hover_enabled=&#8221;off&#8221; button_one_letter_spacing__hover_enabled=&#8221;on&#8221; button_one_letter_spacing__hover=&#8221;4px&#8221; button_two_letter_spacing__hover_enabled=&#8221;off&#8221; button_one_bg_color__hover_enabled=&#8221;on&#8221; button_one_bg_color__hover=&#8221;#ecd5c5&#8243; button_two_bg_color__hover_enabled=&#8221;off&#8221;][\/et_pb_fullwidth_header][\/et_pb_section][et_pb_section fb_built=&#8221;1&#8243; custom_padding_last_edited=&#8221;on|phone&#8221; admin_label=&#8221;About Us&#8221; _builder_version=&#8221;4.17.1&#8243; custom_padding=&#8221;100px|0px|100px|0px|true|false&#8221; custom_padding_tablet=&#8221;100px|0px|100px|0px|true|false&#8221; custom_padding_phone=&#8221;0px|0px|0px|0px|true|false&#8221; locked=&#8221;off&#8221; global_colors_info=&#8221;{}&#8221;][et_pb_row column_structure=&#8221;1_2,1_2&#8243; custom_padding_last_edited=&#8221;on|phone&#8221; _builder_version=&#8221;4.20.2&#8243; custom_padding=&#8221;|20px||20px|false|true&#8221; custom_padding_tablet=&#8221;|0px||0px|false|false&#8221; custom_padding_phone=&#8221;|10%||10%|false|false&#8221; hover_enabled=&#8221;0&#8243; global_colors_info=&#8221;{}&#8221; sticky_enabled=&#8221;0&#8243;][et_pb_column type=&#8221;1_2&#8243; _builder_version=&#8221;4.16&#8243; custom_padding=&#8221;|||&#8221; global_colors_info=&#8221;{}&#8221; custom_padding__hover=&#8221;|||&#8221;][et_pb_image src=&#8221;https:\/\/africandreamland.com\/wp-content\/uploads\/2019\/07\/africa-ebony-white.jpg&#8221; url=&#8221;https:\/\/africandreamland.com\/buy\/africa-jewels\/africa-map-necklaces\/&#8221; force_fullwidth=&#8221;on&#8221; align_tablet=&#8221;center&#8221; align_phone=&#8221;&#8221; align_last_edited=&#8221;on|desktop&#8221; _builder_version=&#8221;4.16&#8243; custom_margin=&#8221;|||&#8221; custom_margin_tablet=&#8221;-160px|||&#8221; custom_margin_phone=&#8221;0px|||&#8221; custom_margin_last_edited=&#8221;off|desktop&#8221; animation_style=&#8221;slide&#8221; animation_direction=&#8221;bottom&#8221; animation_intensity_slide=&#8221;5%&#8221; box_shadow_style=&#8221;preset3&#8243; box_shadow_vertical=&#8221;70px&#8221; box_shadow_blur=&#8221;80px&#8221; box_shadow_spread=&#8221;-60px&#8221; global_colors_info=&#8221;{}&#8221;][\/et_pb_image][et_pb_divider _builder_version=&#8221;4.16&#8243; global_colors_info=&#8221;{}&#8221;][\/et_pb_divider][et_pb_image src=&#8221;https:\/\/africandreamland.com\/wp-content\/uploads\/2019\/07\/africandreamland-family-e1582195886652.jpg&#8221; _builder_version=&#8221;4.16&#8243; filter_sepia=&#8221;36%&#8221; global_colors_info=&#8221;{}&#8221;][\/et_pb_image][\/et_pb_column][et_pb_column type=&#8221;1_2&#8243; _builder_version=&#8221;4.16&#8243; custom_padding=&#8221;10%|||6%&#8221; global_colors_info=&#8221;{}&#8221; custom_padding__hover=&#8221;|||&#8221;][et_pb_text _builder_version=&#8221;4.17.1&#8243; text_font=&#8221;||||||||&#8221; text_line_height=&#8221;1.8em&#8221; link_font=&#8221;||||||||&#8221; ul_font=&#8221;||||||||&#8221; header_font=&#8221;||||||||&#8221; header_font_size=&#8221;20px&#8221; header_line_height=&#8221;1.8em&#8221; header_2_font=&#8221;Montserrat||||||||&#8221; header_2_font_size=&#8221;14px&#8221; header_2_line_height=&#8221;1.8em&#8221; header_3_font=&#8221;Montserrat||||||||&#8221; header_3_font_size=&#8221;20px&#8221; header_3_line_height=&#8221;1.8em&#8221; max_width_tablet=&#8221;100%&#8221; max_width_phone=&#8221;100%&#8221; max_width_last_edited=&#8221;off|desktop&#8221; module_alignment=&#8221;right&#8221; custom_padding=&#8221;|||&#8221; custom_padding_tablet=&#8221;|||0px&#8221; custom_padding_phone=&#8221;&#8221; custom_padding_last_edited=&#8221;on|tablet&#8221; text_font_size_tablet=&#8221;&#8221; text_font_size_phone=&#8221;&#8221; text_font_size_last_edited=&#8221;on|phone&#8221; header_3_font_size_tablet=&#8221;20px&#8221; header_3_font_size_phone=&#8221;14px&#8221; header_3_font_size_last_edited=&#8221;on|phone&#8221; global_colors_info=&#8221;{}&#8221;]<\/p>\n<p>Em dic Mar, s\u00f3c joiera artesana i mare adoptiva de Barcelona.<\/p>\n<h2>Dissenyo les joies de plata d&#8217;AfricanDreamland.<\/h2>\n<h3>Faig joies de mapa personalitzades.<\/h3>\n<p>El projecte de joies de plata AfricanDreamland va sorgir quan el meu marit i jo vam preparar el viatge a Bamako per con\u00e8ixer el nostre fill. Vam haver d&#8217;esperar molt per viatjar, aix\u00ed que necessitava alguna cosa que em pogu\u00e9s reconfortar mentrestant.<\/p>\n<h3>Va ser llavors quan vaig crear la meva primera <strong>joia de mapa d&#8217;\u00c0frica<\/strong>!<\/h3>\n<p>Moltes de les mares adoptives que coneixia em demanaven collarets o joies com la meva, per\u00f2 personalitzades per a les seves pr\u00f2pies situacions, continents o pa\u00efsos d&#8217;origen dels seus fills.<\/p>\n<p>M\u00e9s endavant, quan vaig comen\u00e7ar a vendre les meves joies, vaig poder estalviar diners per portar ajuda solid\u00e0ria a la Pouponiere de Mali, on el meu fill ens esperava: es necessitava roba, menjar i medicaments constantment.<\/p>\n<p>Aix\u00ed doncs, des del 2011, quan vam con\u00e8ixer el nostre fill, Africandreamland s&#8217;ha anat expandint constantment i destinant part dels beneficis a donar suport als nens orfes de Mali i altres projectes solidaris.<\/p>\n<p>AfricanDreamland \u00e9s el meu projecte m\u00e9s personal i \u00e9s tan especial com el meu fill.<\/p>\n<p>Es per aix\u00f3 que tinc especial cura en tots els detalls del proc\u00e9s: des de l&#8217;\u00fas de materials sostenibles (la nostra plata principalmemt \u00e9s Argentium Silver 935, un aliatge antial\u00b7lergogen que no es pot oxidar i es mant\u00e9 sempre perfecte; i l&#8217;or que utilitzem \u00e9s Or Fairtrade procedent del comer\u00e7 just) fins a l&#8217;elaboraci\u00f3 acurada i personalitzada, garantint sempre l&#8217;entrega i un enviament r\u00e0pid.<\/p>\n<p>Quan compres una joia al nostre petit taller, no nom\u00e9s adquireixes una joia \u00fanica feta exclusivament a m\u00e0 per a tu, sin\u00f3 que tamb\u00e9 <strong>contribueixes a fer del nostre m\u00f3n un lloc millor.<\/strong><\/p>\n<p>[\/et_pb_text][et_pb_text _builder_version=&#8221;4.16&#8243; text_font=&#8221;Cormorant Garamond||||||||&#8221; header_font=&#8221;||||||||&#8221; header_6_font=&#8221;Allura||||||||&#8221; header_6_font_size=&#8221;40px&#8221; max_width_last_edited=&#8221;off|desktop&#8221; custom_margin=&#8221;|||&#8221; custom_margin_tablet=&#8221;|||0px&#8221; custom_margin_phone=&#8221;|||0px&#8221; custom_margin_last_edited=&#8221;on|tablet&#8221; custom_padding=&#8221;|||&#8221; animation_style=&#8221;fold&#8221; animation_direction=&#8221;left&#8221; global_colors_info=&#8221;{}&#8221;]<\/p>\n<h6>Mar Pallar\u00e8s<\/h6>\n<p>dissenyadora de joies<br \/>\n[\/et_pb_text][\/et_pb_column][\/et_pb_row][\/et_pb_section][et_pb_section fb_built=&#8221;1&#8243; custom_padding_last_edited=&#8221;on|phone&#8221; admin_label=&#8221;What we do&#8221; _builder_version=&#8221;4.17.1&#8243; use_background_color_gradient=&#8221;on&#8221; background_color_gradient_stops=&#8221;#ffffff 0%|#f2e3de 100%&#8221; background_color_gradient_start=&#8221;#ffffff&#8221; background_color_gradient_end=&#8221;#f2e3de&#8221; custom_padding=&#8221;100px|0px|100px|0px|true|false&#8221; custom_padding_tablet=&#8221;100px|0px|100px|0px|true|false&#8221; custom_padding_phone=&#8221;0px|0px|0px|0px|true|false&#8221; top_divider_style=&#8221;arrow3&#8243; top_divider_color=&#8221;rgba(255,255,255,0.56)&#8221; top_divider_height=&#8221;500px&#8221; top_divider_repeat=&#8221;2x&#8221; bottom_divider_color=&#8221;rgba(255,255,255,0.55)&#8221; bottom_divider_repeat=&#8221;2x&#8221; global_colors_info=&#8221;{}&#8221;][et_pb_row column_structure=&#8221;1_2,1_2&#8243; custom_padding_last_edited=&#8221;on|phone&#8221; admin_label=&#8221;qu\u00e8 fem Fila&#8221; _builder_version=&#8221;4.20.2&#8243; custom_padding=&#8221;|20px||20px|false|true&#8221; custom_padding_tablet=&#8221;|||&#8221; custom_padding_phone=&#8221;|10%||10%|false|false&#8221; hover_enabled=&#8221;0&#8243; global_colors_info=&#8221;{}&#8221; sticky_enabled=&#8221;0&#8243;][et_pb_column type=&#8221;1_2&#8243; _builder_version=&#8221;4.16&#8243; custom_padding=&#8221;80px||80px|&#8221; global_colors_info=&#8221;{}&#8221; custom_padding__hover=&#8221;|||&#8221;][et_pb_text admin_label=&#8221;Subheading&#8221; _builder_version=&#8221;4.17.1&#8243; text_font=&#8221;||||||||&#8221; text_line_height=&#8221;1.5em&#8221; link_font=&#8221;||||||||&#8221; ul_font=&#8221;||||||||&#8221; header_font=&#8221;||||||||&#8221; header_2_font=&#8221;||||||||&#8221; header_3_font=&#8221;||||||||&#8221; header_3_font_size=&#8221;45px&#8221; header_3_line_height=&#8221;1.5em&#8221; header_4_font=&#8221;||||||||&#8221; header_5_font=&#8221;|700||on|||||&#8221; header_5_text_color=&#8221;#ecd5c5&#8243; header_5_letter_spacing=&#8221;15px&#8221; header_5_line_height=&#8221;1.8em&#8221; max_width_tablet=&#8221;100%&#8221; max_width_phone=&#8221;100%&#8221; max_width_last_edited=&#8221;off|desktop&#8221; module_alignment=&#8221;right&#8221; custom_margin=&#8221;|||&#8221; custom_padding=&#8221;|||&#8221; header_3_font_size_tablet=&#8221;45px&#8221; header_3_font_size_phone=&#8221;37px&#8221; header_3_font_size_last_edited=&#8221;on|phone&#8221; global_colors_info=&#8221;{}&#8221;]<\/p>\n<h5>Joies fetes amb materials ecol\u00f2gics<\/h5>\n<h3>Argentium Silver i metalls reciclats<\/h3>\n<p>A AfricanDreamland utilitzem la nova plata d&#8217;Argentium. Aquest aliatge \u00e9s molt m\u00e9s pur que la plata de llei, a m\u00e9s de ser m\u00e9s brillant i tenir un gran poder contra la oxidaci\u00f3. Tant la plata Argenium, com la plata de llei, com el llaut\u00f3 i coure que utilitzem al nostre taller s\u00f3n de metalls reciclats, el que els fa m\u00e9s sostenibles i ecol\u00f2gics.<\/p>\n<p>[\/et_pb_text][\/et_pb_column][et_pb_column type=&#8221;1_2&#8243; _builder_version=&#8221;4.16&#8243; custom_padding=&#8221;|||&#8221; global_colors_info=&#8221;{}&#8221; custom_padding__hover=&#8221;|||&#8221;][et_pb_image src=&#8221;https:\/\/africandreamland.com\/wp-content\/uploads\/2019\/07\/catalunya-ring-green.jpg&#8221; show_bottom_space=&#8221;off&#8221; align_tablet=&#8221;center&#8221; align_phone=&#8221;&#8221; align_last_edited=&#8221;on|desktop&#8221; _builder_version=&#8221;4.16&#8243; custom_margin=&#8221;||-10%|&#8221; custom_margin_tablet=&#8221;||0px|&#8221; custom_margin_phone=&#8221;&#8221; custom_margin_last_edited=&#8221;on|tablet&#8221; animation_style=&#8221;slide&#8221; animation_direction=&#8221;left&#8221; animation_intensity_slide=&#8221;10%&#8221; box_shadow_style=&#8221;preset3&#8243; box_shadow_blur=&#8221;80px&#8221; box_shadow_color=&#8221;rgba(143,128,114,0.27)&#8221; global_colors_info=&#8221;{}&#8221;][\/et_pb_image][\/et_pb_column][\/et_pb_row][\/et_pb_section][et_pb_section fb_built=&#8221;1&#8243; specialty=&#8221;on&#8221; custom_padding_last_edited=&#8221;on|desktop&#8221; padding_top_1=&#8221;0px&#8221; padding_top_2=&#8221;5%&#8221; padding_1_tablet=&#8221;60px|||&#8221; padding_1_phone=&#8221;&#8221; padding_1_last_edited=&#8221;on|tablet&#8221; _builder_version=&#8221;4.17.1&#8243; use_background_color_gradient=&#8221;on&#8221; background_color_gradient_stops=&#8221;#ffffff 0%|#fff4f2 100%&#8221; background_color_gradient_start=&#8221;#ffffff&#8221; background_color_gradient_end=&#8221;#fff4f2&#8243; inner_width=&#8221;100%&#8221; inner_max_width=&#8221;100%&#8221; custom_margin=&#8221;||-4px|||&#8221; custom_padding=&#8221;0|5%|||false|false&#8221; custom_padding_tablet=&#8221;|10%||10%||true&#8221; custom_padding_phone=&#8221;|10%||10%|false|false&#8221; use_custom_width=&#8221;on&#8221; width_unit=&#8221;off&#8221; custom_width_percent=&#8221;100%&#8221; global_colors_info=&#8221;{}&#8221;][et_pb_column type=&#8221;1_3&#8243; _builder_version=&#8221;4.16&#8243; custom_padding=&#8221;|||&#8221; global_colors_info=&#8221;{}&#8221; custom_padding__hover=&#8221;|||&#8221;][et_pb_image src=&#8221;https:\/\/africandreamland.com\/wp-content\/uploads\/2019\/07\/pendulum-ring-carnelian-e1582195904596.jpg&#8221; show_bottom_space=&#8221;off&#8221; force_fullwidth=&#8221;on&#8221; align_tablet=&#8221;center&#8221; align_phone=&#8221;&#8221; align_last_edited=&#8221;on|desktop&#8221; _builder_version=&#8221;4.16&#8243; locked=&#8221;off&#8221; global_colors_info=&#8221;{}&#8221;][\/et_pb_image][\/et_pb_column][et_pb_column type=&#8221;2_3&#8243; specialty_columns=&#8221;2&#8243; _builder_version=&#8221;4.16&#8243; custom_padding=&#8221;|||&#8221; global_colors_info=&#8221;{}&#8221; custom_padding__hover=&#8221;|||&#8221;][et_pb_row_inner _builder_version=&#8221;4.16&#8243; custom_padding=&#8221;||20px||false|false&#8221; global_colors_info=&#8221;{}&#8221;][et_pb_column_inner saved_specialty_column_type=&#8221;2_3&#8243; _builder_version=&#8221;4.16&#8243; custom_padding=&#8221;|||&#8221; global_colors_info=&#8221;{}&#8221; custom_padding__hover=&#8221;|||&#8221;][et_pb_text admin_label=&#8221;Subheading&#8221; _builder_version=&#8221;4.17.1&#8243; text_font=&#8221;Cormorant Garamond||||||||&#8221; text_font_size=&#8221;20px&#8221; text_line_height=&#8221;1.8em&#8221; link_font=&#8221;||||||||&#8221; ul_font=&#8221;||||||||&#8221; header_font=&#8221;||||||||&#8221; header_2_font=&#8221;||||||||&#8221; header_3_font=&#8221;||||||||&#8221; header_3_font_size=&#8221;45px&#8221; header_3_line_height=&#8221;1.5em&#8221; header_4_font=&#8221;||||||||&#8221; header_5_font=&#8221;Poppins|700||on|||||&#8221; header_5_text_color=&#8221;#ecd5c5&#8243; header_5_letter_spacing=&#8221;15px&#8221; header_5_line_height=&#8221;1.8em&#8221; max_width_tablet=&#8221;100%&#8221; max_width_phone=&#8221;100%&#8221; max_width_last_edited=&#8221;off|desktop&#8221; module_alignment=&#8221;right&#8221; custom_margin=&#8221;|||&#8221; custom_padding=&#8221;|||&#8221; header_3_text_align_tablet=&#8221;&#8221; header_3_text_align_phone=&#8221;center&#8221; header_3_text_align_last_edited=&#8221;on|phone&#8221; header_3_font_size_tablet=&#8221;45px&#8221; header_3_font_size_phone=&#8221;30px&#8221; header_3_font_size_last_edited=&#8221;on|phone&#8221; locked=&#8221;off&#8221; global_colors_info=&#8221;{}&#8221;]<\/p>\n<h3>Joies africandreamland en plata fetes a m\u00e0 especialment per a tu<\/h3>\n<p>[\/et_pb_text][\/et_pb_column_inner][\/et_pb_row_inner][et_pb_row_inner column_structure=&#8221;1_2,1_2&#8243; _builder_version=&#8221;4.16&#8243; custom_padding=&#8221;0|0px|0px|0px|false|false&#8221; global_colors_info=&#8221;{}&#8221;][et_pb_column_inner type=&#8221;1_2&#8243; saved_specialty_column_type=&#8221;2_3&#8243; _builder_version=&#8221;4.16&#8243; custom_padding=&#8221;||80px|&#8221; global_colors_info=&#8221;{}&#8221; custom_padding__hover=&#8221;|||&#8221;][et_pb_text _builder_version=&#8221;4.16.0&#8243; text_font=&#8221;||||||||&#8221; text_line_height=&#8221;1.8em&#8221; link_font=&#8221;||||||||&#8221; ul_font=&#8221;||||||||&#8221; header_font=&#8221;||||||||&#8221; header_2_font=&#8221;||||||||&#8221; header_3_font=&#8221;||||||||&#8221; header_3_font_size=&#8221;45px&#8221; header_3_line_height=&#8221;1.5em&#8221; header_4_font=&#8221;||||||||&#8221; header_5_font=&#8221;Poppins|700||on|||||&#8221; header_5_text_color=&#8221;#ecd5c5&#8243; header_5_letter_spacing=&#8221;15px&#8221; header_5_line_height=&#8221;1.8em&#8221; max_width_tablet=&#8221;100%&#8221; max_width_phone=&#8221;100%&#8221; max_width_last_edited=&#8221;off|desktop&#8221; module_alignment=&#8221;right&#8221; custom_margin=&#8221;|||&#8221; custom_padding=&#8221;|||&#8221; locked=&#8221;off&#8221; global_colors_info=&#8221;{}&#8221;]<\/p>\n<p style=\"text-align: left;\">Tens una idea? Fem-ho realitat Envia&#8217;ns els teus desitjos, les teves prefer\u00e8ncies, i creem una joia exclusiva amb tot el que vulguis, especialment pensada per a tu. Peces \u00faniques, tan \u00faniques com tu.<\/p>\n<p>[\/et_pb_text][\/et_pb_column_inner][et_pb_column_inner type=&#8221;1_2&#8243; saved_specialty_column_type=&#8221;2_3&#8243; _builder_version=&#8221;4.16&#8243; custom_padding=&#8221;||80px|&#8221; global_colors_info=&#8221;{}&#8221; custom_padding__hover=&#8221;|||&#8221;][et_pb_text _builder_version=&#8221;4.16.0&#8243; text_font=&#8221;||||||||&#8221; text_line_height=&#8221;1.8em&#8221; link_font=&#8221;||||||||&#8221; ul_font=&#8221;||||||||&#8221; header_font=&#8221;||||||||&#8221; header_2_font=&#8221;||||||||&#8221; header_3_font=&#8221;||||||||&#8221; header_3_font_size=&#8221;45px&#8221; header_3_line_height=&#8221;1.5em&#8221; header_4_font=&#8221;||||||||&#8221; header_5_font=&#8221;Poppins|700||on|||||&#8221; header_5_text_color=&#8221;#ecd5c5&#8243; header_5_letter_spacing=&#8221;15px&#8221; header_5_line_height=&#8221;1.8em&#8221; max_width_tablet=&#8221;100%&#8221; max_width_phone=&#8221;100%&#8221; max_width_last_edited=&#8221;off|desktop&#8221; module_alignment=&#8221;right&#8221; custom_margin=&#8221;|||&#8221; custom_padding=&#8221;|||&#8221; locked=&#8221;off&#8221; global_colors_info=&#8221;{}&#8221;]<\/p>\n<p style=\"text-align: left;\">A m\u00e9s, totes les joies que veus a la botiga online es poden personalitzar amb les teves prefer\u00e8ncies, canviar coses, afegir-ne d&#8217;altres, materials, acabats, etc. Tria la joia que m\u00e9s t&#8217;agradi i transforma-la en alguna cosa \u00fanica que et representi, que et transporti a aquells llocs que tant estimes, a aquelles persones que trobes a faltar. Comen\u00e7a ara a personalitzar la teva joia.<\/p>\n<p>[\/et_pb_text][et_pb_button button_url=&#8221;https:\/\/africandreamland.com\/map-jewelry-shop\/&#8221; button_text=&#8221;Veure Galeria&#8221; button_alignment=&#8221;left&#8221; admin_label=&#8221;Title &#038; Paragraph&#8221; _builder_version=&#8221;4.16&#8243; custom_button=&#8221;on&#8221; button_text_size=&#8221;14px&#8221; button_text_color=&#8221;#595353&#8243; button_border_width=&#8221;3px&#8221; button_border_color=&#8221;#c4beb9&#8243; button_border_radius=&#8221;0px&#8221; button_letter_spacing=&#8221;4px&#8221; button_font=&#8221;Poppins|500||on|||||&#8221; custom_margin=&#8221;|||&#8221; custom_margin_tablet=&#8221;0px|||0px&#8221; custom_margin_phone=&#8221;|||0px&#8221; custom_margin_last_edited=&#8221;off|desktop&#8221; custom_padding=&#8221;18px||18px|&#8221; button_text_color_hover=&#8221;#ffffff&#8221; button_bg_color_hover=&#8221;#c4beb9&#8243; locked=&#8221;off&#8221; global_colors_info=&#8221;{}&#8221; button_text_size__hover_enabled=&#8221;off&#8221; button_one_text_size__hover_enabled=&#8221;off&#8221; button_two_text_size__hover_enabled=&#8221;off&#8221; button_text_color__hover_enabled=&#8221;on&#8221; button_text_color__hover=&#8221;#ffffff&#8221; button_one_text_color__hover_enabled=&#8221;off&#8221; button_two_text_color__hover_enabled=&#8221;off&#8221; button_border_width__hover_enabled=&#8221;off&#8221; button_one_border_width__hover_enabled=&#8221;off&#8221; button_two_border_width__hover_enabled=&#8221;off&#8221; button_border_color__hover_enabled=&#8221;off&#8221; button_one_border_color__hover_enabled=&#8221;off&#8221; button_two_border_color__hover_enabled=&#8221;off&#8221; button_border_radius__hover_enabled=&#8221;off&#8221; button_one_border_radius__hover_enabled=&#8221;off&#8221; button_two_border_radius__hover_enabled=&#8221;off&#8221; button_letter_spacing__hover_enabled=&#8221;off&#8221; button_one_letter_spacing__hover_enabled=&#8221;off&#8221; button_two_letter_spacing__hover_enabled=&#8221;off&#8221; button_bg_color__hover_enabled=&#8221;on&#8221; button_bg_color__hover=&#8221;#c4beb9&#8243; button_one_bg_color__hover_enabled=&#8221;off&#8221; button_two_bg_color__hover_enabled=&#8221;off&#8221;][\/et_pb_button][\/et_pb_column_inner][\/et_pb_row_inner][\/et_pb_column][\/et_pb_section]<\/p>\n","protected":false},"excerpt":{"rendered":"<p>Em dic Mar, s\u00f3c joiera artesana i mare adoptiva de Barcelona. Dissenyo les joies de plata d&#8217;AfricanDreamland. Faig joies de mapa personalitzades. El projecte de joies de plata AfricanDreamland va sorgir quan el meu marit i jo vam preparar el viatge a Bamako per con\u00e8ixer el nostre fill. Vam haver d&#8217;esperar molt per viatjar, aix\u00ed [&hellip;]<\/p>\n","protected":false},"author":1,"featured_media":0,"parent":0,"menu_order":0,"comment_status":"closed","ping_status":"closed","template":"","meta":{"_et_pb_use_builder":"on","_et_pb_old_content":"","_et_gb_content_width":"","footnotes":""},"class_list":["post-93249","page","type-page","status-publish","hentry"],"jetpack_sharing_enabled":true,"_links":{"self":[{"href":"https:\/\/africandreamland.com\/ca\/wp-json\/wp\/v2\/pages\/93249","targetHints":{"allow":["GET"]}}],"collection":[{"href":"https:\/\/africandreamland.com\/ca\/wp-json\/wp\/v2\/pages"}],"about":[{"href":"https:\/\/africandreamland.com\/ca\/wp-json\/wp\/v2\/types\/page"}],"author":[{"embeddable":true,"href":"https:\/\/africandreamland.com\/ca\/wp-json\/wp\/v2\/users\/1"}],"replies":[{"embeddable":true,"href":"https:\/\/africandreamland.com\/ca\/wp-json\/wp\/v2\/comments?post=93249"}],"version-history":[{"count":0,"href":"https:\/\/africandreamland.com\/ca\/wp-json\/wp\/v2\/pages\/93249\/revisions"}],"wp:attachment":[{"href":"https:\/\/africandreamland.com\/ca\/wp-json\/wp\/v2\/media?parent=93249"}],"curies":[{"name":"wp","href":"https:\/\/api.w.org\/{rel}","templated":true}]}}