{"id":93277,"date":"2016-05-10T03:48:21","date_gmt":"2016-05-10T01:48:21","guid":{"rendered":"https:\/\/africandreamland.com\/politica-de-privacitat\/"},"modified":"2024-02-15T08:43:19","modified_gmt":"2024-02-15T07:43:19","slug":"politica-de-privacitat","status":"publish","type":"page","link":"https:\/\/africandreamland.com\/ca\/politica-de-privacitat\/","title":{"rendered":"Pol\u00edtica de privacitat"},"content":{"rendered":"<h2><strong><span class=\"notranslate\">Pol\u00edtica de Privacitat i Protecci\u00f3 de Dades<\/span><\/strong><\/h2>\n<p><span class=\"notranslate\">Amb la finalitat de donar compliment a l&#8217;article 10 de la Llei 34\/2002 de Serveis de la Societat de la Informaci\u00f3 i comer\u00e7 electr\u00f2nic, informem als usuaris de les nostres dades:<\/span><\/p>\n<p><span class=\"notranslate\">Denominaci\u00f3 social:<\/span> <span class=\"notranslate\">Mar Pallar\u00e8s L\u00f3pez ( Joieria Africandreamland<\/span> <span class=\"notranslate\">)<\/span><\/p>\n<p><span class=\"notranslate\">Domicili Social:<\/span> Apdo. de Correus 44 08242-Manresa (Barcelona)<\/p>\n<p><span class=\"notranslate\">NIF:<\/span> <span class=\"notranslate\">43727935J<\/span><\/p>\n<p><span class=\"notranslate\">Correu electr\u00f2nic:<\/span>   <span class=\"notranslate\"><br \/>\n  <a href=\"mailto:info@africandreamland.com\" target=\"_blank\" rel=\"noopener noreferrer\">info@africandreamland.com<\/a><br \/>\n<\/span><\/p>\n<p><span class=\"notranslate\">Lloc web:<\/span> <span class=\"notranslate\"><a href=\"https:\/\/africandreamland.com\/\" target=\"_blank\" rel=\"noopener noreferrer\">https:\/\/africandreamland.com<\/a><\/span><\/p>\n<p><span class=\"notranslate\">Mar Pallar\u00e8s L\u00f3pez ( Africandreamland<\/span> <span class=\"notranslate\">Joieria , com a responsable d&#8217;aquest lloc web i de conformitat amb el que estableix la legislaci\u00f3 vigent en mat\u00e8ria de protecci\u00f3 de dades personals, el Reglament (UE) 2016\/679 de 27 d&#8217;abril de 2016 (RGPD) relatiu a la protecci\u00f3 de les persones f\u00edsiques pel que fa al tractament de dades personals i a la lliure circulaci\u00f3 d&#8217;aquestes dades, la Llei Org\u00e0nica 15\/1999, de 13 de desembre, de Protecci\u00f3 de Dades de Car\u00e0cter Personal (LOPD) i per la Llei 34\/2002,  d&#8217;11 de juliol , de Serveis de la Societat de la Informaci\u00f3 i Comer\u00e7 Electr\u00f2nic (LSSICE), t\u00e9 implantades totes les mesures de seguretat, t\u00e8cniques i organitzatives, establertes en el Reial Decret 1720\/2007 de 21 de desembre (pel qual es desenvolupa la LOPD) per garantir i protegir la confidencialitat, integritat i disponibilitat de les dades introdu\u00efdes.<\/span><\/p>\n<p><span class=\"notranslate\">A l&#8217;efecte del que estableix la LOPD, Mar Pallar\u00e8s L\u00f3pez ( Joieria Africandreamland<\/span> <span class=\"notranslate\"><span class=\"notranslate\">l&#8217;informa que les dades que volunt\u00e0riament ens siguin facilitades seran incorporades als nostres sistemes d&#8217;informaci\u00f3 amb la finalitat de realitzar les gestions comercials i administratives necess\u00e0ries amb els usuaris del lloc web.<\/span>   <\/span><\/p>\n<p><span class=\"notranslate\">Les operacions previstes per dur a terme els tractaments s\u00f3n les seg\u00fcents:<\/span><\/p>\n<ul type=\"disc\">\n<li><span class=\"notranslate\">Respondre a les consultes i \/ o proporcionar informacions requerides per l&#8217;Usuari.<\/span><\/li>\n<li><span class=\"notranslate\">Realitzar les prestacions de serveis i \/ o productes contractats o subscrits per l&#8217;Usuari.<\/span><\/li>\n<li><span class=\"notranslate\">Realitzar totes aquelles activitats de Mar Pallar\u00e8s L\u00f3pez ( Joieria Africandreamland<\/span> <span class=\"notranslate\"><span class=\"notranslate\">per aquest av\u00eds legal revisat i enviar el butllet\u00ed de not\u00edcies de la p\u00e0gina web.<\/span>   <\/span><\/li>\n<\/ul>\n<p><span class=\"notranslate\">L&#8217;Usuari garanteix la veracitat de les dades facilitades i es compromet a comunicar qualsevol canvi que es produeixi en les mateixes.<\/span><\/p>\n<p><span class=\"notranslate\">Mar Pallar\u00e8s L\u00f3pez ( Africandreamland<\/span> <span class=\"notranslate\">Joieria mitjan\u00e7ant asterisc (*) en les caselles corresponents del formulari de contacte, informa d&#8217;aquesta obligaci\u00f3 a l&#8217;Usuari, indicant quines dades s\u00f3n necess\u00e0ries.<\/span> <span class=\"notranslate\">Mitjan\u00e7ant la indicaci\u00f3 i introducci\u00f3 de les dades, l&#8217;Usuari atorga el seu consentiment inequ\u00edvoc a Mar Pallar\u00e8s L\u00f3pez ( Africandreamland<\/span> <span class=\"notranslate\">Joieria<\/span> <span class=\"notranslate\">per procedir al tractament de les dades facilitades per a les finalitats esmentades.<\/span><\/p>\n<p><span class=\"notranslate\">El no facilitar les dades personals sol\u00b7licitades o el no acceptar la present pol\u00edtica de protecci\u00f3 de dades suposa la impossibilitat de subscriure&#8217;s, registrar-se o rebre informaci\u00f3 dels productes de Mar Pallar\u00e8s L\u00f3pez ( Africandreamland<\/span> <span class=\"notranslate\">Jewelry.<\/span><\/p>\n<p><span class=\"notranslate\">D&#8217;acord amb la normativa vigent en protecci\u00f3 de dades de car\u00e0cter personal, Mar Pallar\u00e8s L\u00f3pez ( Africandreamland<\/span> <span class=\"notranslate\">Joieria ) est\u00e0 complint amb totes les disposicions de les normatives RGPD i LOPD per al tractament de dades personals de la seva responsabilitat, i manifestament amb els principis descrits en l&#8217;art.<\/span> <span class=\"notranslate\">5 del RGPD i a l&#8217;art.<\/span> <span class=\"notranslate\">4 de la LOPD, per la qual s\u00f3n tractats de manera l\u00edcita, lleial i transparent en relaci\u00f3 amb l&#8217;interessat i adequades, pertinents i limitats al que \u00e9s necessari en relaci\u00f3 amb els fins per als quals s\u00f3n tractats.<\/span><\/p>\n<p><span class=\"notranslate\">Mar Pallar\u00e8s L\u00f3pez (Joieria Africandreamland<\/span><span class=\"notranslate\">)<\/span> <span class=\"notranslate\">garanteix que ha implementat pol\u00edtiques t\u00e8cniques i organitzatives apropiades per aplicar les mesures de seguretat que estableixen el RGPD i la LOPD per protegir els drets i llibertats dels Usuaris.<\/span><\/p>\n<p><span class=\"notranslate\">D&#8217;acord amb aquestes normatives, l&#8217;informem que t\u00e9 dret a sol\u00b7licitar l&#8217;acc\u00e9s, rectificaci\u00f3, portabilitat i supressi\u00f3 de les seves dades i la limitaci\u00f3 i oposici\u00f3 al seu tractament enviant un correu electr\u00f2nic a<\/span>   <span class=\"notranslate\">info@africandreamland.com<\/span><span class=\"notranslate\">indicant com a Assumpte: &#8220;LOPD, Drets ARCO&#8221;, i adjuntant fotoc\u00f2pia del seu DNI o qualsevol mitj\u00e0 an\u00e0leg en dret, tal com indica la llei.<\/span><\/p>\n<p><span class=\"notranslate\">T\u00e9 dret a retirar el consentiment prestat en qualsevol moment.<\/span> <span class=\"notranslate\">La retirada del consentiment no afectar\u00e0 la licitud del tractament efectuat abans de la retirada del consentiment.<\/span> <span class=\"notranslate\">Tamb\u00e9 teniu dret a presentar una reclamaci\u00f3 davant l&#8217;autoritat de control si creieu que es poden haver vulnerat els vostres drets en relaci\u00f3 amb la protecci\u00f3 de les vostres dades (agpd.es).<\/span><\/p>\n<h2><span class=\"notranslate\">Confidencialitat i cessi\u00f3 de dades a tercers<\/span><\/h2>\n<p><span class=\"notranslate\">La informaci\u00f3 que ens faciliti ser\u00e0 tractada de forma confidencial.<\/span> <span class=\"notranslate\">Mar Pallar\u00e8s L\u00f3pez ( Africandreamland<\/span> <span class=\"notranslate\">Joieria )<\/span> <span class=\"notranslate\">ha adoptat totes les mesures t\u00e8cniques i organitzatives i tots els nivells de protecci\u00f3 necessaris per garantir la seguretat en el tractament de les dades i evitar la seva alteraci\u00f3, p\u00e8rdua, robatori, tractament o acc\u00e9s no autoritzat, segons l&#8217;estat de la tecnologia i naturalesa de les dades emmagatzemades.<\/span><\/p>\n<p><span class=\"notranslate\">Aix\u00ed mateix, tamb\u00e9 es garanteix que el tractament i registre en fitxers, programes, sistemes o equips, locals i centres compleixen amb els requisits i condicions d&#8217;integritat i seguretat establertes en la normativa vigent.<\/span><\/p>\n<p><span class=\"notranslate\">Mar Pallar\u00e8s L\u00f3pez ( Africandreamland<\/span> <span class=\"notranslate\">Jewelry )<\/span> <span class=\"notranslate\">no cedir\u00e0 les dades personals a tercers, excepte per obligaci\u00f3 legal.<\/span> <span class=\"notranslate\">No obstant aix\u00f2, en el cas de ser cedides a un tercer, s&#8217;obtindria informaci\u00f3 pr\u00e8via sol\u00b7licitant el consentiment expr\u00e9s per a aquesta cessi\u00f3.<\/span><\/p>\n<p><span class=\"notranslate\">L&#8217;entitat responsable de la base de dades, aix\u00ed com aquelles que intervinguin en qualsevol fase del tractament i\/o les entitats a les quals se&#8217;ls hagi notificat -en tot cas sempre amb la corresponent autoritzaci\u00f3 atorgada per l&#8217;usuari-, estan obligades a observar el secret professional i l&#8217;adopci\u00f3 dels nivells de protecci\u00f3 i mesures t\u00e8cniques i organitzatives necess\u00e0ries per garantir la seguretat de les dades de car\u00e0cter personal,  evitant, en la mesura del possible, accessos no autoritzats, modificacions il\u00b7l\u00edcites, sostraccions i\/o p\u00e8rdua de dades, a fi de garantir el corresponent nivell de seguretat dels fitxers de Mar Pallar\u00e8s L\u00f3pez ( Africandreamland<\/span> <span class=\"notranslate\">) , d&#8217;acord amb la naturalesa i sensibilitat de les dades aportades pels usuaris d&#8217;aquest lloc web.<\/span><\/p>\n<h2><span class=\"notranslate\">Acceptaci\u00f3 i consentiment<\/span><\/h2>\n<p><span class=\"notranslate\">L&#8217;Usuari declara haver estat informat de les condicions sobre protecci\u00f3 de dades de car\u00e0cter personal, acceptant i consentint el tractament automatitzat dels mateixos per part de Mar Pallar\u00e8s L\u00f3pez ( Africandreamland<\/span> <span class=\"notranslate\">Jewelry )<\/span> <span class=\"notranslate\">en la forma i per a les finalitats indicades en la present Pol\u00edtica de Protecci\u00f3 de Dades Personals.<\/span>   <\/p>\n<p><span class=\"notranslate\">A trav\u00e9s d&#8217;aquesta Pol\u00edtica de Privacitat l&#8217;informem que les fotografies que estiguin penjades a la web s\u00f3n propietat de Mar Pallar\u00e8s L\u00f3pez ( Africandreamland<\/span> <span class=\"notranslate\">Joies ) , incloses les de menors d&#8217;edat, en les quals, per obtenir-les, s&#8217;ha obtingut el consentiment previ dels pares, tutors o representants legals mitjan\u00e7ant la signatura dels formularis realitzats a aquest efecte pels centres en els quals els menors formen part<\/span><\/p>\n<p><span class=\"notranslate\">No obstant aix\u00f2, els pares, tutors o representants dels menors, com a titulars de l&#8217;exercici dels drets d&#8217;aquests, i sempre previ requeriment formal per escrit, podran indicar la negativa a utilitzar la imatge del menor;<\/span> <span class=\"notranslate\">en aquest cas, la imatge es mostrar\u00e0 pixilatada .<\/span><\/p>\n<h2><span class=\"notranslate\">Exactitud i exactitud de les dades<\/span><\/h2>\n<p><span class=\"notranslate\">L&#8217;usuari \u00e9s l&#8217;\u00fanic responsable de la veracitat i correcci\u00f3 de les dades enviades a Mar Pallar\u00e8s L\u00f3pez ( Africandreamland<\/span> <span class=\"notranslate\">) ) , exonerant<\/span>   <span class=\"notranslate\">Mar Pallar\u00e8s L\u00f3pez ( Africandreamland<\/span> <span class=\"notranslate\">Joieria )<\/span> <span class=\"notranslate\">de qualsevol responsabilitat a respectar.<\/span> <span class=\"notranslate\">Els usuaris garanteixen i responen, en qualsevol cas, de l&#8217;exactitud, vig\u00e8ncia i autenticitat de les dades personals facilitades, i es comprometen a mantenir-les degudament actualitzades.<\/span> <span class=\"notranslate\">L&#8217;Usuari accepta proporcionar informaci\u00f3 completa i correcta en el formulari de registre o subscripci\u00f3.<\/span><\/p>\n<h2><span class=\"notranslate\">Contingut de la web i enlla\u00e7os (enlla\u00e7os)<\/span><\/h2>\n<p><span class=\"notranslate\">Mar Pallar\u00e8s L\u00f3pez ( Joieria Africandreamland<\/span> <span class=\"notranslate\">)<\/span> <span class=\"notranslate\">es reserva el dret a actualitzar, modificar o eliminar la informaci\u00f3 continguda en la web, podent fins i tot limitar o no permetre l&#8217;acc\u00e9s a la informaci\u00f3.<\/span><\/p>\n<p><span class=\"notranslate\">Mar Pallar\u00e8s L\u00f3pez (Joieria Africandreamland<\/span><span class=\"notranslate\">)<\/span> <span class=\"notranslate\">no assumeix cap tipus de responsabilitat per la informaci\u00f3 continguda en les p\u00e0gines web de tercers a les quals es pugui accedir a trav\u00e9s dels &#8220;links&#8221; o enlla\u00e7os des de qualsevol p\u00e0gina d&#8217;aquesta web.<\/span><\/p>\n<p><span class=\"notranslate\">La pres\u00e8ncia de &#8220;links&#8221; o links tenen una finalitat merament informativa i en cap cas suposa cap suggeriment, invitaci\u00f3 o reconeixement sobre els mateixos.<\/span><\/p>\n<h2><span class=\"notranslate\">Publicaci\u00f3 de testimonis<\/span><\/h2>\n<p><span class=\"notranslate\">En el cas que l&#8217;usuari vulgui publicar la seva opini\u00f3 a la web, l&#8217;informem que les dades aportades seran tractades per atendre els suggeriments proposats, experi\u00e8ncies o opinions respecte als productes i \/ o serveis a publicar en el lloc web i aix\u00ed poder ajudar a altres usuaris.<\/span><\/p>\n<p><span class=\"notranslate\">Les dades es conservaran mentre hi hagi un inter\u00e8s mutu per mantenir la fi del tractament i quan ja no sigui necessari per a tal fi, se suprimiran amb mesures de seguretat adequades per garantir la seudonimitzaci\u00f3 de les dades o destrucci\u00f3 total de les dades.<\/span> <span class=\"notranslate\">Els testimonis es publicaran a la nostra p\u00e0gina web.<\/span> <span class=\"notranslate\">Les \u00faniques dades personals que es publicaran del testimoni seran el seu nom.<\/span><\/p>\n<h2><span class=\"notranslate\">Canvis en aquesta Pol\u00edtica de Privacitat<\/span><\/h2>\n<p><span class=\"notranslate\">Mar Pallar\u00e8s L\u00f3pez (Joieria Africandreamland<\/span><span class=\"notranslate\">)<\/span> <span class=\"notranslate\">es reserva el dret a modificar la present pol\u00edtica per adaptar-la a novetats legislatives o jurisprudencials.<\/span><\/p>\n<h2><span class=\"notranslate\">Correus Comercials<\/span><\/h2>\n<p><span class=\"notranslate\">D&#8217;acord amb la LSSICE, Mar Pallar\u00e8s L\u00f3pez ( Africandreamland<\/span> <span class=\"notranslate\">Jewelry )<\/span> <span class=\"notranslate\">no realitza pr\u00e0ctiques de SPAM, per tant, no envia correus comercials per e-mail que no hagin estat pr\u00e8viament sol\u00b7licitats o autoritzats per l&#8217;Usuari.<\/span>   <\/p>\n<p><span class=\"notranslate\">En conseq\u00fc\u00e8ncia, en cadascun dels formularis de la p\u00e0gina web, l&#8217;Usuari t\u00e9 la possibilitat de donar el seu consentiment expr\u00e9s per rebre el nostre Butllet\u00ed, amb independ\u00e8ncia de la informaci\u00f3 comercial puntualment sol\u00b7licitada.<\/span><\/p>\n<h2>Stripe<\/h2>\n<p>Utilitzem Stripe per a pagaments, an\u00e0lisis i altres serveis empresarials. Stripe recopila informaci\u00f3 identificativa sobre els dispositius que es connecten als seus serveis. Stripe utilitza aquesta informaci\u00f3 per operar i millorar els serveis que ens proporciona, inclosa la detecci\u00f3 de fraus. Podeu obtenir m\u00e9s informaci\u00f3 sobre Stripe i llegir la seva pol\u00edtica de privadesa a https:\/\/stripe.com\/privacy.<\/p>\n<h2><span class=\"notranslate\">Legislaci\u00f3<\/span><\/h2>\n<p><span class=\"notranslate\">A tots els efectes, les relacions entre Mar Pallar\u00e8s L\u00f3pez ( Africandreamland<\/span> <span class=\"notranslate\">Joieria )<\/span>   <span class=\"notranslate\">amb els Usuaris, se sotmeten a la legislaci\u00f3 i jurisdicci\u00f3 espanyola a la qual se sotmeten expressament les parts, sent competents per a la resoluci\u00f3 de tots els conflictes derivats o relacionats amb el seu \u00fas pels Jutjats i Tribunals de Barcelona ( Espanya ).<\/span>[\/vc_column_text][\/vc_column][\/vc_row]<\/p>\n","protected":false},"excerpt":{"rendered":"<p>Pol\u00edtica de Privacitat i Protecci\u00f3 de Dades Amb la finalitat de donar compliment a l&#8217;article 10 de la Llei 34\/2002 de Serveis de la Societat de la Informaci\u00f3 i comer\u00e7 electr\u00f2nic, informem als usuaris de les nostres dades: Denominaci\u00f3 social: Mar Pallar\u00e8s L\u00f3pez ( Joieria Africandreamland ) Domicili Social: Apdo. de Correus 44 08242-Manresa (Barcelona) [&hellip;]<\/p>\n","protected":false},"author":1,"featured_media":0,"parent":0,"menu_order":0,"comment_status":"closed","ping_status":"closed","template":"","meta":{"_et_pb_use_builder":"","_et_pb_old_content":"","_et_gb_content_width":"","footnotes":""},"class_list":["post-93277","page","type-page","status-publish","hentry"],"jetpack_sharing_enabled":true,"_links":{"self":[{"href":"https:\/\/africandreamland.com\/ca\/wp-json\/wp\/v2\/pages\/93277","targetHints":{"allow":["GET"]}}],"collection":[{"href":"https:\/\/africandreamland.com\/ca\/wp-json\/wp\/v2\/pages"}],"about":[{"href":"https:\/\/africandreamland.com\/ca\/wp-json\/wp\/v2\/types\/page"}],"author":[{"embeddable":true,"href":"https:\/\/africandreamland.com\/ca\/wp-json\/wp\/v2\/users\/1"}],"replies":[{"embeddable":true,"href":"https:\/\/africandreamland.com\/ca\/wp-json\/wp\/v2\/comments?post=93277"}],"version-history":[{"count":0,"href":"https:\/\/africandreamland.com\/ca\/wp-json\/wp\/v2\/pages\/93277\/revisions"}],"wp:attachment":[{"href":"https:\/\/africandreamland.com\/ca\/wp-json\/wp\/v2\/media?parent=93277"}],"curies":[{"name":"wp","href":"https:\/\/api.w.org\/{rel}","templated":true}]}}