{"id":93311,"date":"2018-07-02T20:30:22","date_gmt":"2018-07-02T18:30:22","guid":{"rendered":"https:\/\/africandreamland.com\/personalized-africa-map-shop\/Sense%20categoria\/arracades-plata-africa-africa\/"},"modified":"2025-11-24T19:40:58","modified_gmt":"2025-11-24T18:40:58","slug":"arracades-africa-plata","status":"publish","type":"product","link":"https:\/\/africandreamland.com\/ca\/product\/arracades-africa-plata\/","title":{"rendered":"Arracades \u00c3\u20acfrica Plata"},"content":{"rendered":"<p data-start=\"240\" data-end=\"353\">\u00f0\u0178\u0152\u008d <strong data-start=\"243\" data-end=\"295\">Honra les teves arrels amb les nostres arracades \u00c3\u20acfrica Plata<\/strong> , fetes a m\u00c3\u00a0 en plata de llei amb prop\u00c3\u00b2sit i precisi\u00c3\u00b3.<\/p>\n<h2 data-start=\"355\" data-end=\"576\">Aquestes delicades arracades \u00c3\u20acfrica Plata tenen la forma <strong data-start=\"407\" data-end=\"424\">del mapa complet d&#8217;\u00c3\u20acfrica<\/strong>, tallades a m\u00c3\u00a0 amb cura de plata massissa de llei 925 i acabades amb una superf\u00c3\u00adcie <strong data-start=\"496\" data-end=\"512\">brillant ratllada<\/strong> que capta la llum amb una textura subtil i brillantor.<\/h2>\n<p data-start=\"578\" data-end=\"754\">Cada arracada mesura aproximadament <strong data-start=\"606\" data-end=\"614\">1 cm<\/strong> , prou petita per al seu \u00c3\u00bas diari, per\u00c3\u00b2 plena de significat. S\u00c3\u00b3n elegants, lleugers i estan fets per celebrar la identitat, el patrimoni i la connexi\u00c3\u00b3. <\/p>\n<p data-start=\"756\" data-end=\"883\">Acabades amb <strong data-start=\"786\" data-end=\"805\">l&#8217;esquena de papallona<\/strong> de plata de llei, aquestes arracades es mantenen segures al seu lloc alhora que ofereixen comoditat i minimalisme.<\/p>\n<p data-start=\"885\" data-end=\"999\">Cada parell est\u00c3\u00a0 elaborat individualment a m\u00c3\u00a0: no hi ha dos id\u00c3\u00a8ntics, cosa que fa que cada pe\u00c3\u00a7a sigui realment <strong data-start=\"981\" data-end=\"998\">\u00c3\u00banica<\/strong>.<\/p>\n<p data-start=\"1001\" data-end=\"1179\">Tant si les porteu per expressar el vostre origen, els vostres viatges o la vostra admiraci\u00c3\u00b3 pel continent, aquestes arracades s\u00c3\u00b3n un homenatge elegant i portable a la bellesa i la for\u00c3\u00a7a d&#8217;\u00c3\u20acfrica.<\/p>\n<p data-start=\"1181\" data-end=\"1336\">\u00e2\u0153\u00a8 <strong data-start=\"1183\" data-end=\"1199\">Com fer la comanda<\/strong><br data-start=\"1199\" data-end=\"1202\">Simplement afegiu les <strong data-start=\"1217\" data-end=\"1243\">arracades d&#8217;\u00c3\u20acfrica de plata<\/strong> al vostre carret\u00c3\u00b3 i completeu el pagament. El teu parell ser\u00c3\u00a0 fet a m\u00c3\u00a0 i t&#8217;enviar\u00c3\u00a0 amb cura. <\/p>\n<p data-start=\"1338\" data-end=\"1486\">\u00e2\u0153\u00a8 <strong data-start=\"1340\" data-end=\"1356\">Qu\u00c3\u00a8 obtens<\/strong><br data-start=\"1356\" data-end=\"1359\">Les teves arracades arribaran <strong data-start=\"1385\" data-end=\"1424\">molt ben empaquetades i preparades per a regals<\/strong>, amb una petita sorpresa inclosa per a tu o alg\u00c3\u00ba que estimes.<\/p>\n<p data-start=\"1488\" data-end=\"1676\">\u00e2\u0153\u00a8 <strong data-start=\"1490\" data-end=\"1498\">Preguntes freq\u00c3\u00bcents<\/strong><br data-start=\"1498\" data-end=\"1501\">Mida de l&#8217;arracada: aprox. 1 cm<br data-start=\"1527\" data-end=\"1530\">Materials: plata massissa de llei 925<br data-start=\"1566\" data-end=\"1569\">Acabat: brillant ratllat (esmalt amb textura)<br data-start=\"1607\" data-end=\"1610\">Esquenes: push-backs de papallona de plata de llei<br data-start=\"1653\" data-end=\"1656\">Estil: arracades <\/p>\n<p data-start=\"1678\" data-end=\"1888\">\u00e2\u0153\u00a8 <strong data-start=\"1680\" data-end=\"1695\">Tingueu en compte<\/strong><br data-start=\"1695\" data-end=\"1698\">Temps de processament: 1-3 dies laborables<br data-start=\"1732\" data-end=\"1735\">Navili:<\/p>\n<p data-start=\"1678\" data-end=\"1888\">Espanya 24-48 h \u00c2\u00b7<\/p>\n<p data-start=\"1678\" data-end=\"1888\">Europa- EUA- Altres: 3-5 dies (enviament expr\u00c3\u00a9s)<\/p>\n<p data-start=\"1678\" data-end=\"1888\"><br data-start=\"1795\" data-end=\"1798\">Tota la plata utilitzada est\u00c3\u00a0 certificada i segellada 925 segons els est\u00c3\u00a0ndards internacionals de qualitat.<\/p>\n","protected":false},"excerpt":{"rendered":"<p>Mapa d&#8217;\u00c3\u20acfrica Arracades Plata de Llei.<\/p>\n","protected":false},"featured_media":93164,"comment_status":"closed","ping_status":"closed","template":"","meta":{"_et_pb_use_builder":"","_et_pb_old_content":"","_et_gb_content_width":""},"product_brand":[],"product_cat":[1769],"product_tag":[],"class_list":{"0":"post-93311","1":"product","2":"type-product","3":"status-publish","4":"has-post-thumbnail","6":"product_cat-arracades-mapa-africa","8":"first","9":"instock","10":"taxable","11":"shipping-taxable","12":"purchasable","13":"product-type-simple"},"exclude_global_add_ons":[],"addons":[],"jetpack_sharing_enabled":true,"_links":{"self":[{"href":"https:\/\/africandreamland.com\/ca\/wp-json\/wp\/v2\/product\/93311","targetHints":{"allow":["GET"]}}],"collection":[{"href":"https:\/\/africandreamland.com\/ca\/wp-json\/wp\/v2\/product"}],"about":[{"href":"https:\/\/africandreamland.com\/ca\/wp-json\/wp\/v2\/types\/product"}],"replies":[{"embeddable":true,"href":"https:\/\/africandreamland.com\/ca\/wp-json\/wp\/v2\/comments?post=93311"}],"wp:featuredmedia":[{"embeddable":true,"href":"https:\/\/africandreamland.com\/ca\/wp-json\/wp\/v2\/media\/93164"}],"wp:attachment":[{"href":"https:\/\/africandreamland.com\/ca\/wp-json\/wp\/v2\/media?parent=93311"}],"wp:term":[{"taxonomy":"product_brand","embeddable":true,"href":"https:\/\/africandreamland.com\/ca\/wp-json\/wp\/v2\/product_brand?post=93311"},{"taxonomy":"product_cat","embeddable":true,"href":"https:\/\/africandreamland.com\/ca\/wp-json\/wp\/v2\/product_cat?post=93311"},{"taxonomy":"product_tag","embeddable":true,"href":"https:\/\/africandreamland.com\/ca\/wp-json\/wp\/v2\/product_tag?post=93311"}],"curies":[{"name":"wp","href":"https:\/\/api.w.org\/{rel}","templated":true}]}}