{"id":93319,"date":"2018-03-16T14:10:12","date_gmt":"2018-03-16T13:10:12","guid":{"rendered":"https:\/\/africandreamland.com\/personalized-africa-map-shop\/Sense%20categoria\/plata-anell-inicial-inicial\/"},"modified":"2024-11-20T11:37:38","modified_gmt":"2024-11-20T10:37:38","slug":"plata-anell-inicial-inicial","status":"publish","type":"product","link":"https:\/\/africandreamland.com\/ca\/product\/plata-anell-inicial-inicial\/","title":{"rendered":"Anell inicial de plata"},"content":{"rendered":"<p>Anell inicial de plata.<\/p>\n<h2>Anell de plata de llei amb Ronda Inicial. Aquest bonic i esvelt anell \u00c3\u00a9s perfecte per a totes les situacions i est\u00c3\u00a0 fet per enc\u00c3\u00a0rrec.<\/h2>\n<p><span style=\"font-weight: 400;\">Podeu triar la mida que necessiteu a les opcions. (recordeu que aquesta \u00c3\u00a9s la mida dels EUA).<\/span><\/p>\n<p><span style=\"font-weight: 400;\">Si necessiteu saber quina \u00c3\u00a9s la vostra mida correcta als Estats Units, utilitzeu el nostre<\/span><a href=\"https:\/\/africandreamland.com\/international-ring-size-chart\/\"> <span style=\"font-weight: 400;\">gr\u00c3\u00a0fic internacional de mides d&#8217;anell.<\/span><\/a><\/p>\n<p>I podeu triar la inicial, i si voleu min\u00c3\u00bascules o maj\u00c3\u00bascules (a partir de l&#8217;\u00c3\u00baltima imatge).<\/p>\n<p>Si us plau, escriviu MAJ\u00c3\u0161SCULES o MIN\u00c3\u0161SCULES a la caixa de comentaris al venedor, abans de fer el pagament.<\/p>\n<p>Mida rodona: 0,5 cm<\/p>\n<p>Podeu demanar qualsevol mida.<br \/>\nNom\u00c3\u00a9s has d&#8217;indicar als comentaris al venedor.<\/p>\n<p>\u00e2\u0153\u00bf MATERIALS \u00e2\u0153\u00bf<\/p>\n<p>Plata de llei 925.<\/p>\n<p>\u00e2\u0153\u00bf EMBALATGE \u00e2\u0153\u00bf<\/p>\n<p><span style=\"font-weight: 400;\">La teva joia estar\u00c3\u00a0 empaquetada en una caixa de regal kraft, amb un regal extra GRATIS i instruccions de cura. \u00c2\u00a1A punt per regalar!!<\/span><\/p>\n","protected":false},"excerpt":{"rendered":"<p>Anell inicial de plata.<\/p>\n","protected":false},"featured_media":99070,"comment_status":"closed","ping_status":"closed","template":"","meta":{"_et_pb_use_builder":"","_et_pb_old_content":"","_et_gb_content_width":""},"product_brand":[],"product_cat":[1845],"product_tag":[2205],"class_list":{"0":"post-93319","1":"product","2":"type-product","3":"status-publish","4":"has-post-thumbnail","6":"product_cat-anells-de-plata","7":"product_tag-anells","8":"pa_initial-heart-b-ca","9":"pa_initial-heart-c-ca","10":"pa_initial-heart-d-ca","11":"pa_initial-heart-e-ca","12":"pa_initial-heart-f-ca","13":"pa_initial-heart-g-ca","14":"pa_initial-heart-h-ca","15":"pa_initial-heart-j-ca","16":"pa_initial-heart-jo","17":"pa_initial-heart-k-ca","18":"pa_initial-heart-l-ca","19":"pa_initial-heart-m-ca","20":"pa_initial-heart-n-ca","21":"pa_initial-heart-o-ca","22":"pa_initial-heart-p-ca","23":"pa_initial-heart-q-ca","24":"pa_initial-heart-r-ca","25":"pa_initial-heart-s-ca","26":"pa_initial-heart-t-ca","27":"pa_initial-heart-u-ca","28":"pa_initial-heart-un","29":"pa_initial-heart-w-ca","30":"pa_initial-heart-x-ca","31":"pa_initial-heart-y-ca","32":"pa_initial-heart-z-ca","33":"pa_ring-size-10-ca","34":"pa_ring-size-10-1-4-ca","35":"pa_ring-size-10-1-2-ca","36":"pa_ring-size-10-3-4-ca","37":"pa_ring-size-11-ca","38":"pa_ring-size-11-1-4-ca","39":"pa_ring-size-11-1-2-ca","40":"pa_ring-size-11-3-4-ca","41":"pa_ring-size-12-ca","42":"pa_ring-size-4-ca","43":"pa_ring-size-4-1-4-ca","44":"pa_ring-size-4-1-2-ca","45":"pa_ring-size-4-3-4-ca","46":"pa_ring-size-5-ca","47":"pa_ring-size-5-1-4-ca","48":"pa_ring-size-5-1-2-ca","49":"pa_ring-size-5-3-4-ca","50":"pa_ring-size-6-ca","51":"pa_ring-size-6-1-4-ca","52":"pa_ring-size-6-1-2-ca","53":"pa_ring-size-6-3-4-ca","54":"pa_ring-size-7-ca","55":"pa_ring-size-7-1-4-ca","56":"pa_ring-size-7-1-2-ca","57":"pa_ring-size-7-3-4-ca","58":"pa_ring-size-8-ca","59":"pa_ring-size-8-1-4-ca","60":"pa_ring-size-8-1-2-ca","61":"pa_ring-size-8-3-4-ca","62":"pa_ring-size-9-ca","63":"pa_ring-size-9-1-4-ca","64":"pa_ring-size-9-1-2-ca","65":"pa_ring-size-9-3-4-ca","67":"first","68":"instock","69":"taxable","70":"shipping-taxable","71":"purchasable","72":"product-type-variable"},"exclude_global_add_ons":[],"addons":[],"jetpack_sharing_enabled":true,"_links":{"self":[{"href":"https:\/\/africandreamland.com\/ca\/wp-json\/wp\/v2\/product\/93319","targetHints":{"allow":["GET"]}}],"collection":[{"href":"https:\/\/africandreamland.com\/ca\/wp-json\/wp\/v2\/product"}],"about":[{"href":"https:\/\/africandreamland.com\/ca\/wp-json\/wp\/v2\/types\/product"}],"replies":[{"embeddable":true,"href":"https:\/\/africandreamland.com\/ca\/wp-json\/wp\/v2\/comments?post=93319"}],"wp:featuredmedia":[{"embeddable":true,"href":"https:\/\/africandreamland.com\/ca\/wp-json\/wp\/v2\/media\/99070"}],"wp:attachment":[{"href":"https:\/\/africandreamland.com\/ca\/wp-json\/wp\/v2\/media?parent=93319"}],"wp:term":[{"taxonomy":"product_brand","embeddable":true,"href":"https:\/\/africandreamland.com\/ca\/wp-json\/wp\/v2\/product_brand?post=93319"},{"taxonomy":"product_cat","embeddable":true,"href":"https:\/\/africandreamland.com\/ca\/wp-json\/wp\/v2\/product_cat?post=93319"},{"taxonomy":"product_tag","embeddable":true,"href":"https:\/\/africandreamland.com\/ca\/wp-json\/wp\/v2\/product_tag?post=93319"}],"curies":[{"name":"wp","href":"https:\/\/api.w.org\/{rel}","templated":true}]}}