{"id":93320,"date":"2018-06-22T22:20:10","date_gmt":"2018-06-22T20:20:10","guid":{"rendered":"https:\/\/africandreamland.com\/personalized-africa-map-shop\/Sense%20categoria\/18kt-or-africa-collaret\/"},"modified":"2024-03-09T15:46:56","modified_gmt":"2024-03-09T14:46:56","slug":"18kt-or-africa-collaret","status":"publish","type":"product","link":"https:\/\/africandreamland.com\/ca\/18kt-or-africa-collaret\/","title":{"rendered":"Collaret d&#8217;\u00c0frica d&#8217;Or de 18kt"},"content":{"rendered":"<p><span style=\"font-weight: 400;\">Collaret d&#8217;\u00c0frica d&#8217;Or de 18kt. fet a m\u00e0 en plata i xapat en or.<\/span><\/p>\n<h2>Aquest collaret d&#8217;\u00c0frica d&#8217;Or de 18kt. s\u00f3n hipoalerg\u00e8nics i perfectes per a dones i nenes per la seva petita mida.<\/h2>\n<h3>\u273fDeixa que el teu cor et porti als llocs que m\u00e9s t&#8217;estimes amb les nostre joies de mapa\u273f<\/h3>\n<p><span style=\"font-weight: 400;\">\u273f JOIA \u273f<\/span><\/p>\n<p><span style=\"font-weight: 400;\">MIDA DEL MAPA: 1,5&#215;2 cm (0,6&#215;0,8 polzades). 0,7 mm de gruix<\/span><\/p>\n<p><span style=\"font-weight: 400;\">ACABAT: Ratllat Brillant, matisat o polit.<\/span><\/p>\n<p><span style=\"font-weight: 400;\">COR: Tria: sense, sud, oest o est en les opcions<\/span><\/p>\n<p><span style=\"font-weight: 400;\">\u273f MATERIALS \u273f<\/span><\/p>\n<p>Plata de llei 925 amb 3 micres de 18kt xapat en or.<\/p>\n<p>La cadena \u00e9s una preciosa cadena de plata xapada en or de 18kt de primera qualitat. 18&#8243; &#8211; 45cm.<\/p>\n<p><span style=\"font-weight: 400;\">\u273f EMBALATGE \u273f<\/span><\/p>\n<p><span style=\"font-weight: 400;\">La teva joia estar\u00e0 empaquetada en una caixa de regal kraft, amb un regal extra GRATIS i instruccions de cura. \u00a1A punt per regalar!!<\/span><\/p>\n","protected":false},"excerpt":{"rendered":"<p>Collaret d&#8217;\u00c0frica xapat d&#8217;or de 18kt.<\/p>\n","protected":false},"featured_media":99347,"comment_status":"closed","ping_status":"closed","template":"","meta":{"_et_pb_use_builder":"off","_et_pb_old_content":"Collaret d'\u00c0frica d'Or de 18kt.\n<h2>Penjoll de mapa de 18kt d'OR a l'\u00c0frica en una caixa de regal kraft amb un regal extra.<\/h2>\n<h3>Aquest mapa d'or de collaret d'\u00c0frica \u00e9s perfecte per als amants d'\u00c0frica per a tots els dies perqu\u00e8 \u00e9s molt confortable amb la seva min\u00fascula cadena de plata xapada en or. Penjoll personalitzat del mapa d'\u00c0frica. Penjoll d'adopci\u00f3, \u00c0frica Mapa d'Or.<\/h3>\n\u273fDeixa que el teu cor et porti als llocs que m\u00e9s t'estimes amb les nostre joies de mapa\u273f\n\n\u273f JOIA \u273f\nMIDA DEL PENJOLL: 1,5x2 cm (0,6x0,8 polzades). 0,7 mm de gruix\nACABAT: Ratllat Brillant, matisat o polit (Com la imatge). Trieu-lo a les opcions.\n\nCADENA: Cadena de plata xapada en or de 18kt de primera qualitat.\nLongitud: La nova cadena \u00e9s una cadena min\u00fascula adaptable de 16 \"a 18\".\n\nCOR: Tria: sense, sud, oest o est en les opcions.\n\n.....................................................\n\n\u273f MATERIALS \u273f\nLlaut\u00f3 amb 3 micres de 18kt xapat en or.\nLa cadena \u00e9s una preciosa cadena de plata xapada en or de 18kt de primera qualitat.\n\n\u273f EMBALATGE \u273f\nLa teva joia estar\u00e0 empaquetada en una caixa de regal kraft, amb un regal extra GRATIS (consulta el regal real aqu\u00ed) i unes instruccions d'atenci\u00f3.","_et_gb_content_width":""},"product_brand":[],"product_cat":[1715],"product_tag":[],"class_list":{"0":"post-93320","1":"product","2":"type-product","3":"status-publish","4":"has-post-thumbnail","6":"product_cat-collares-mapa-de-africa","7":"pa_finished-heart-pulido-este-ca","8":"pa_finished-heart-pulido-oeste-ca","9":"pa_finished-heart-pulido-pecat","10":"pa_finished-heart-pulido-sud","11":"pa_finished-heart-rallado-pecat","12":"pa_finished-heart-rallado-este-ca","13":"pa_finished-heart-rallado-oeste-ca","14":"pa_finished-heart-rallado-sud","16":"first","17":"instock","18":"taxable","19":"shipping-taxable","20":"purchasable","21":"product-type-variable"},"exclude_global_add_ons":[],"addons":[],"jetpack_sharing_enabled":true,"_links":{"self":[{"href":"https:\/\/africandreamland.com\/ca\/wp-json\/wp\/v2\/product\/93320","targetHints":{"allow":["GET"]}}],"collection":[{"href":"https:\/\/africandreamland.com\/ca\/wp-json\/wp\/v2\/product"}],"about":[{"href":"https:\/\/africandreamland.com\/ca\/wp-json\/wp\/v2\/types\/product"}],"replies":[{"embeddable":true,"href":"https:\/\/africandreamland.com\/ca\/wp-json\/wp\/v2\/comments?post=93320"}],"wp:featuredmedia":[{"embeddable":true,"href":"https:\/\/africandreamland.com\/ca\/wp-json\/wp\/v2\/media\/99347"}],"wp:attachment":[{"href":"https:\/\/africandreamland.com\/ca\/wp-json\/wp\/v2\/media?parent=93320"}],"wp:term":[{"taxonomy":"product_brand","embeddable":true,"href":"https:\/\/africandreamland.com\/ca\/wp-json\/wp\/v2\/product_brand?post=93320"},{"taxonomy":"product_cat","embeddable":true,"href":"https:\/\/africandreamland.com\/ca\/wp-json\/wp\/v2\/product_cat?post=93320"},{"taxonomy":"product_tag","embeddable":true,"href":"https:\/\/africandreamland.com\/ca\/wp-json\/wp\/v2\/product_tag?post=93320"}],"curies":[{"name":"wp","href":"https:\/\/api.w.org\/{rel}","templated":true}]}}