{"id":93322,"date":"2020-02-19T19:11:36","date_gmt":"2020-02-19T18:11:36","guid":{"rendered":"https:\/\/africandreamland.com\/personalized-africa-map-shop\/Sense%20categoria\/africa-collaret-plata\/"},"modified":"2025-05-18T14:37:06","modified_gmt":"2025-05-18T12:37:06","slug":"collaret-africa-plata","status":"publish","type":"product","link":"https:\/\/africandreamland.com\/ca\/collaret-africa-plata\/","title":{"rendered":"Collaret \u00c0frica plata"},"content":{"rendered":"<p>Collaret \u00c0frica Plata fet a m\u00e0 en Plata de Llei.<\/p>\n<h2>Aquest collaret \u00c0frica plata \u00e9s perfecte per als amants d&#8217;\u00c0frica, per als viatgers o fam\u00edlies d&#8217;adopci\u00f3.<\/h2>\n<h3>\u273fDeixa que el teu cor et porti als llocs que m\u00e9s t&#8217;agraden amb els nostres mapes de joies personalitzats\u273f<\/h3>\n<p>JOIA<\/p>\n<p>MIDA DEL MAPA: 3&#215;2,5 cm (1,2&#215;1 polzades). 0,8 mm de gruix<\/p>\n<p>ACABAT: Brillant polit o ratllat.<\/p>\n<p>CADENA: Cadena de plata de llei 925 de 18&#8243; (45cm) o 16&#8243; (40cm) de primera qualitat. Pots triar sense cadena si vols.<\/p>\n<p>COR: Si us plau, si voleu personalitzar el vostre cor, escriviu la ubicaci\u00f3 a la nota al quadre del venedor, abans de pagar. Si no en dius res, ho vaig fer amb el cor per l&#8217;est, com a primera imatge.<\/p>\n<p>\u273f MATERIALS \u273fPlata de llei 925<br \/>\n.<\/p>\n<p>EMBALATGE<\/p>\n<p><span style=\"font-weight: 400;\">La teva joia estar\u00e0 empaquetada en una caixa de regal kraft, amb un regal extra GRATIS i instruccions de cura. \u00a1A punt per regalar!!<\/span><\/p>\n","protected":false},"excerpt":{"rendered":"<p>Penjoll mapa d&#8217;\u00c0frica en Plata.<\/p>\n","protected":false},"featured_media":98989,"comment_status":"closed","ping_status":"closed","template":"","meta":{"_et_pb_use_builder":"off","_et_pb_old_content":"Collaret \u00c0frica fet a m\u00e0 en Argentium Silver en una caixa de regal kraft amb un regal extra.\r\n<h2>Aquest collaret d'\u00c0frica de plata \u00e9s perfecte per als amants d'\u00c0frica, per als viatgers o fam\u00edlies d'adopci\u00f3.<\/h2>\r\n\u273fDeixa que el teu cor et porti als llocs que m\u00e9s t'agraden amb els nostres mapes de joies personalitzats\u273f\r\n\r\nJOIA\r\n<h2>MIDA DEL PENJOLL \u00c0FRICA: 3x2,5 cm (1,2x1 polzades). 0,8 mm de gruix<\/h2>\r\nACABAT: Ratllat Brillant (segona imatge), matisat o polit (Com la primera imatge). Triau a les opcions.\r\n\r\nCADENA: Cadena de plata de llei 925 de primera qualitat.\r\nLongitud: Trieu de 16 \"a 22\" a les opcions.\r\n\r\nCOR: Si us plau, si voleu personalitzar el vostre cor, escriviu la ubicaci\u00f3 a la nota al quadre del venedor, abans de pagar. Si no en dius res, ho vaig fer amb el cor per l'est, com a primera imatge.\r\n\r\n\u273f MATERIALS \u273f\r\nArgentium Silver 930 (plata m\u00e9s fina que la plata de llei 925) \u00e9s antial\u00b7l\u00e8rgica i evita l'embrutament.\r\n\r\n\u273f EMBALATGE \u273f\r\nLa teva joia s'empaquetar\u00e0 en una caixa de regal kraft, amb un regal extra GRATIS (veure el regal real aqu\u00ed) i unes instruccions de cura.\r\n\r\n\u273f ENVIAMENT \u273f\r\nTEMPS DE PROCESSAMENT: 3-5 dies (si us plau, poseu-vos en contacte amb mi si ho necessiteu abans).\r\nENVIAMENT: La teva joia s'enviar\u00e0 amb Correos paq. Lleuger amb enviament est\u00e0ndard (5-8 dies) o DHL express (1-2 dies) si trieu l'enviament expr\u00e9s. A Espanya Correos Premium 24h.\r\n<div id=\"et-boc\">\r\n<div class=\"et-l\">\r\n<div class=\"et_pb_module et_pb_text et_pb_text_5 et_pb_text_align_left et_pb_bg_layout_light\">\r\n<div class=\"et_pb_text_inner\">\r\n<h3>COM MANTENIR LES JOIES NETES I BRILLANTS<\/h3>\r\nTant la plata de llei com les joies d'or s'embrutaran amb el pas del temps. L'\u00e0mplia exposici\u00f3 a l'aire, l'alta humitat, la suor, els productes per a la pell \/ cabell i el cautx\u00fa acceleren el proc\u00e9s d'oxidaci\u00f3.\r\n\r\nAqu\u00ed teniu uns quants consells r\u00e0pids per ajudar-vos:\r\n<ul>\r\n \t<li>PER MANTENIR LES PECES BRILLANTS<\/li>\r\n<\/ul>\r\nManteniu-les tancades en el paper de seda quan no s'utilitzin. Eviteu utilitzar productes qu\u00edmics quan es portin posades. Netegeu la joia amb una camussa despr\u00e9s de portar-la.\r\n<ul>\r\n \t<li>NETEJA DE LA TEVA JOIA<\/li>\r\n<\/ul>\r\nUtilitzeu una camussa o drap de cot\u00f3 com a eina de neteja. Utilitzeu l\u00edquid netejador de plata el menys possible. Tant les camusses com els netejadors l\u00edquids es poden trobar a la majoria de botigues.\r\n<h3>La plata d'argentium te un baix manteniment.<\/h3>\r\nSimplement netegeu amb un drap suau o, per a peces m\u00e9s intricades, renteu-les amb aigua t\u00e8bia i sab\u00f3, despr\u00e9s esbandiu i sequeu immediatament per evitar marques d'aigua. Si us plau, no utilitzeu poliments \"submergits\" amb plata d'argentium.\r\n\r\nCom es recomana per a altres metalls preciosos, \u00e9s recomanable retirar les joies de plata abans d'entrar a piscines, jacuzzis i abans de realitzar activitats on el metall pugui entrar en contacte amb productes qu\u00edmics.\r\n\r\n<\/div>\r\n<\/div>\r\n<\/div>\r\n<\/div>","_et_gb_content_width":""},"product_brand":[],"product_cat":[1715],"product_tag":[],"class_list":{"0":"post-93322","1":"product","2":"type-product","3":"status-publish","4":"has-post-thumbnail","6":"product_cat-collares-mapa-de-africa","7":"pa_finished-heart-pulido-con-corazon-ca","8":"pa_finished-heart-pulido-pecat","9":"pa_finished-heart-rallado-con-corazon-ca","10":"pa_finished-heart-rallado-pecat","11":"pa_with-without-chain-sin-cadena-ca","13":"first","14":"instock","15":"taxable","16":"shipping-taxable","17":"purchasable","18":"product-type-variable"},"exclude_global_add_ons":[],"addons":[],"jetpack_sharing_enabled":true,"_links":{"self":[{"href":"https:\/\/africandreamland.com\/ca\/wp-json\/wp\/v2\/product\/93322","targetHints":{"allow":["GET"]}}],"collection":[{"href":"https:\/\/africandreamland.com\/ca\/wp-json\/wp\/v2\/product"}],"about":[{"href":"https:\/\/africandreamland.com\/ca\/wp-json\/wp\/v2\/types\/product"}],"replies":[{"embeddable":true,"href":"https:\/\/africandreamland.com\/ca\/wp-json\/wp\/v2\/comments?post=93322"}],"wp:featuredmedia":[{"embeddable":true,"href":"https:\/\/africandreamland.com\/ca\/wp-json\/wp\/v2\/media\/98989"}],"wp:attachment":[{"href":"https:\/\/africandreamland.com\/ca\/wp-json\/wp\/v2\/media?parent=93322"}],"wp:term":[{"taxonomy":"product_brand","embeddable":true,"href":"https:\/\/africandreamland.com\/ca\/wp-json\/wp\/v2\/product_brand?post=93322"},{"taxonomy":"product_cat","embeddable":true,"href":"https:\/\/africandreamland.com\/ca\/wp-json\/wp\/v2\/product_cat?post=93322"},{"taxonomy":"product_tag","embeddable":true,"href":"https:\/\/africandreamland.com\/ca\/wp-json\/wp\/v2\/product_tag?post=93322"}],"curies":[{"name":"wp","href":"https:\/\/api.w.org\/{rel}","templated":true}]}}