{"id":93350,"date":"2018-06-17T03:50:13","date_gmt":"2018-06-17T01:50:13","guid":{"rendered":"https:\/\/africandreamland.com\/personalized-africa-map-shop\/Sense%20categoria\/plata-mapa-africa-penjoll\/"},"modified":"2024-06-29T14:04:37","modified_gmt":"2024-06-29T12:04:37","slug":"penjoll-de-plata-africa","status":"publish","type":"product","link":"https:\/\/africandreamland.com\/ca\/penjoll-de-plata-africa\/","title":{"rendered":"Penjoll de plata \u00c0frica"},"content":{"rendered":"<p>Penjoll de plata \u00c0frica, fet a m\u00e0 especialment per a tu.<\/p>\n<h2>Aquest Penjoll de plata \u00c0frica \u00e9s perfecte per als amants d&#8217;\u00c0frica, i una joia per a cada dia per la seva mida i acabat.<\/h2>\n<p>&nbsp;<\/p>\n<h3>\u273fDeixa que el teu cor et porti als llocs que m\u00e9s t&#8217;estimes amb les nostre joies de mapa\u273f<\/h3>\n<p>&nbsp;<\/p>\n<p>\u273f JOIA \u273f<\/p>\n<p>MIDA DEL PENJOLL: 1,5X2 cm (0,6X0,8 polzades).<\/p>\n<p>0,8 mm de gruix<\/p>\n<p>ACABAT: Ratllat Brillant, matisat o polit (com la imatge). Trieu-lo a les opcions.<\/p>\n<p>CADENA: Sterling plata 925 cadena de primera qualitat.<\/p>\n<p>Longitud: Trieu 16 &#8220;(40cm) o 18&#8221; (45cm) a les opcions.<\/p>\n<p>COR: Si us plau, si voleu personalitzar la situaci\u00f3 card\u00edaca, escriviu la ubicaci\u00f3 a la nota al quadre del venedor, abans de pagar.<\/p>\n<p>\u273f MATERIALS \u273f<\/p>\n<p>Argentium Silver 935 (plata m\u00e9s fina que la plata de llei 925) \u00e9s antial\u00e8rgica i evita l&#8217;embrutiment.<\/p>\n<p>\u273f EMBALATGE \u273f<\/p>\n<p>La teva joia estar\u00e0 empaquetada en una caixa de regal kraft, amb un regal extra GRATIS. A punt per regalar!<\/p>\n","protected":false},"excerpt":{"rendered":"<p>Penjoll de plata \u00c0frica en plata de llei.<\/p>\n<p>&nbsp;<\/p>\n","protected":false},"featured_media":98992,"comment_status":"closed","ping_status":"closed","template":"","meta":{"_et_pb_use_builder":"off","_et_pb_old_content":"Penjoll de plata \u00c0frica, fet a m\u00e0 especialment per a tu.\n\n \n<h3>Penjoll de plata \u00c0frica Personalitza el teu Collaret \u00c0frica a Sterling Silver 935, enviant una caixa regal kraft amb un regal extra.<\/h3>\n \n<h3>\u273fDeixa que el teu cor et porti als llocs que m\u00e9s t'estimes amb les nostres joies de mapa\u273f<\/h3>\n \n<h4>\u273f JOIA \u273f<\/h4>\nMIDA DEL PENJOLL: 1,5X2 cm (0,6X0,8 polzades). 0,8 mm de gruix\nACABAT: Ratllat Brillant, matisat o polit (com la imatge). Triau a les opcions.\n\nCADENA: Cadena de plata de primera qualitat.\nLlargada: Tria entre 40 cm (16 \") i 45cm (18\") en les opcions.\n\nCOR: Si us plau, si vols personalitzar el lloc del cor, escriu la ubicaci\u00f3 a la nota al quadre del venedor, abans de pagar.\n\n \n<h4>\u273f MATERIALS \u273f<\/h4>\nPlata de llei 925.\n<h4>\u273f EMBALATGE \u273f<\/h4>\nLa teva joia estar\u00e0 empaquetada en una caixa de regal kraft, amb un regal extra GRATIS (consulta el regal real aqu\u00ed) i unes instruccions d'atenci\u00f3.","_et_gb_content_width":""},"product_brand":[],"product_cat":[1715],"product_tag":[],"class_list":{"0":"post-93350","1":"product","2":"type-product","3":"status-publish","4":"has-post-thumbnail","6":"product_cat-collares-mapa-de-africa","8":"first","9":"instock","10":"taxable","11":"shipping-taxable","12":"purchasable","13":"product-type-variable"},"exclude_global_add_ons":[],"addons":[],"jetpack_sharing_enabled":true,"_links":{"self":[{"href":"https:\/\/africandreamland.com\/ca\/wp-json\/wp\/v2\/product\/93350","targetHints":{"allow":["GET"]}}],"collection":[{"href":"https:\/\/africandreamland.com\/ca\/wp-json\/wp\/v2\/product"}],"about":[{"href":"https:\/\/africandreamland.com\/ca\/wp-json\/wp\/v2\/types\/product"}],"replies":[{"embeddable":true,"href":"https:\/\/africandreamland.com\/ca\/wp-json\/wp\/v2\/comments?post=93350"}],"wp:featuredmedia":[{"embeddable":true,"href":"https:\/\/africandreamland.com\/ca\/wp-json\/wp\/v2\/media\/98992"}],"wp:attachment":[{"href":"https:\/\/africandreamland.com\/ca\/wp-json\/wp\/v2\/media?parent=93350"}],"wp:term":[{"taxonomy":"product_brand","embeddable":true,"href":"https:\/\/africandreamland.com\/ca\/wp-json\/wp\/v2\/product_brand?post=93350"},{"taxonomy":"product_cat","embeddable":true,"href":"https:\/\/africandreamland.com\/ca\/wp-json\/wp\/v2\/product_cat?post=93350"},{"taxonomy":"product_tag","embeddable":true,"href":"https:\/\/africandreamland.com\/ca\/wp-json\/wp\/v2\/product_tag?post=93350"}],"curies":[{"name":"wp","href":"https:\/\/api.w.org\/{rel}","templated":true}]}}