{"id":93410,"date":"2018-07-03T22:32:01","date_gmt":"2018-07-03T20:32:01","guid":{"rendered":"https:\/\/africandreamland.com\/personalized-africa-map-shop\/Sense%20categoria\/india-map-keychain\/"},"modified":"2025-11-30T09:33:24","modified_gmt":"2025-11-30T08:33:24","slug":"india-map-keychain","status":"publish","type":"product","link":"https:\/\/africandreamland.com\/ca\/india-map-keychain\/","title":{"rendered":"Clauer del mapa de l&#8217;\u00cdndia"},"content":{"rendered":"<p>Clauer del mapa de l&#8217;\u00cdndia.<\/p>\n<h2>Es tracta d&#8217;un clauer del mapa de coure de l&#8217;\u00cdndia.<\/h2>\n<h3>\u273fDeixa que el teu cor et porti als llocs que m\u00e9s t&#8217;estimes amb els nostres mapes de joies\u273f<\/h3>\n<p>Aquesta joia \u00e9s perfecta com a regal per a un pare, un xicot o per a una dona. Aquest \u00e9s un gran regal per als amants de l&#8217;\u00cdndia.<\/p>\n<p>\u273f JOIA \u273f<\/p>\n<p>MIDA DEL PENJOLL: 2,5 cm (1 polzades). 0,7 mm de gruix<br \/>\nACABAT:Polit (Com la imatge).<\/p>\n<p>\u273f MATERIALS \u273f<\/p>\n<p>Coure de primera qualitat.<\/p>\n<p>\u273f EMBALATGE \u273f<\/p>\n<p>La teva joia estar\u00e0 empaquetada en una caixa de regal kraft, amb un regal extra GRATIS i instruccions de cura. \u00a1A punt per regalar!!<\/p>\n","protected":false},"excerpt":{"rendered":"<p>Clauer del mapa de l&#8217;\u00cdndia en coure, perfecte per als amants de l&#8217;\u00cdndia.<\/p>\n","protected":false},"featured_media":98114,"comment_status":"closed","ping_status":"closed","template":"","meta":{"_et_pb_use_builder":"","_et_pb_old_content":"","_et_gb_content_width":""},"product_brand":[],"product_cat":[1718],"product_tag":[],"class_list":{"0":"post-93410","1":"product","2":"type-product","3":"status-publish","4":"has-post-thumbnail","6":"product_cat-joies-mapa-india","8":"first","9":"instock","10":"taxable","11":"shipping-taxable","12":"purchasable","13":"product-type-simple"},"exclude_global_add_ons":[],"addons":[],"jetpack_sharing_enabled":true,"_links":{"self":[{"href":"https:\/\/africandreamland.com\/ca\/wp-json\/wp\/v2\/product\/93410","targetHints":{"allow":["GET"]}}],"collection":[{"href":"https:\/\/africandreamland.com\/ca\/wp-json\/wp\/v2\/product"}],"about":[{"href":"https:\/\/africandreamland.com\/ca\/wp-json\/wp\/v2\/types\/product"}],"replies":[{"embeddable":true,"href":"https:\/\/africandreamland.com\/ca\/wp-json\/wp\/v2\/comments?post=93410"}],"wp:featuredmedia":[{"embeddable":true,"href":"https:\/\/africandreamland.com\/ca\/wp-json\/wp\/v2\/media\/98114"}],"wp:attachment":[{"href":"https:\/\/africandreamland.com\/ca\/wp-json\/wp\/v2\/media?parent=93410"}],"wp:term":[{"taxonomy":"product_brand","embeddable":true,"href":"https:\/\/africandreamland.com\/ca\/wp-json\/wp\/v2\/product_brand?post=93410"},{"taxonomy":"product_cat","embeddable":true,"href":"https:\/\/africandreamland.com\/ca\/wp-json\/wp\/v2\/product_cat?post=93410"},{"taxonomy":"product_tag","embeddable":true,"href":"https:\/\/africandreamland.com\/ca\/wp-json\/wp\/v2\/product_tag?post=93410"}],"curies":[{"name":"wp","href":"https:\/\/api.w.org\/{rel}","templated":true}]}}