{"id":93474,"date":"2018-06-21T18:29:56","date_gmt":"2018-06-21T16:29:56","guid":{"rendered":"https:\/\/africandreamland.com\/personalized-africa-map-shop\/Sense%20categoria\/collaret-dor-vietnamita\/"},"modified":"2023-03-27T15:09:41","modified_gmt":"2023-03-27T13:09:41","slug":"collaret-dor-vietnamita","status":"publish","type":"product","link":"https:\/\/africandreamland.com\/ca\/collaret-dor-vietnamita\/","title":{"rendered":"Collaret d&#8217;or del Vietnam"},"content":{"rendered":"<p>Collaret Vietnam d&#8217;Or.<\/p>\n<h2>Aquest collaret d&#8217;or amb el mapa del Vietnam \u00e9s perfecte per als amants d&#8217;aquest pa\u00eds.<\/h2>\n<h3>\u273fDeixa que el teu cor et porti als llocs que m\u00e9s t&#8217;estimes amb els nostres mapes de joies\u273f<\/h3>\n<p>\u273f JOIA \u273f<\/p>\n<p>MIDA DEL PENJOLL: 2,5 cm (1 polzades). 0,7 mm de gruix<br \/>\nACABAT: Polit (Com la imatge).<\/p>\n<p>CADENA: Cord\u00f3 veg\u00e0 negre de primera qualitat.<br \/>\nDurada: Tria entre 16 &#8220;i 22&#8221; en les opcions.<\/p>\n<p>\u273f MATERIALS \u273f<\/p>\n<p>El nu-or \u00e9s un aliatge de coure format per un 85% de coure i un 15% d&#8217;estany. T\u00e9 un color c\u00e0lid ric i si est\u00e0 molt polit s&#8217;assembla a l&#8217;or. A continuaci\u00f3, la joia \u00e9s d&#8217;or de 18kt xapada amb 3 micres d&#8217;or s\u00f2lid.<\/p>\n<p>\u273f EMBALATGE \u273f<\/p>\n<p><span style=\"font-weight: 400;\">La teva joia estar\u00e0 empaquetada en una caixa de regal kraft, amb un regal extra GRATIS i instruccions de cura. \u00a1A punt per regalar!!<\/span><\/p>\n","protected":false},"excerpt":{"rendered":"<p>Collaret Vietnam xapat d&#8217;or de 18kt.<\/p>\n","protected":false},"featured_media":99208,"comment_status":"closed","ping_status":"closed","template":"","meta":{"_et_pb_use_builder":"","_et_pb_old_content":"","_et_gb_content_width":""},"product_brand":[],"product_cat":[1702],"product_tag":[],"class_list":{"0":"post-93474","1":"product","2":"type-product","3":"status-publish","4":"has-post-thumbnail","6":"product_cat-altres-joies-de-mapa","8":"first","9":"instock","10":"taxable","11":"shipping-taxable","12":"purchasable","13":"product-type-variable"},"exclude_global_add_ons":[],"addons":[],"jetpack_sharing_enabled":true,"_links":{"self":[{"href":"https:\/\/africandreamland.com\/ca\/wp-json\/wp\/v2\/product\/93474","targetHints":{"allow":["GET"]}}],"collection":[{"href":"https:\/\/africandreamland.com\/ca\/wp-json\/wp\/v2\/product"}],"about":[{"href":"https:\/\/africandreamland.com\/ca\/wp-json\/wp\/v2\/types\/product"}],"replies":[{"embeddable":true,"href":"https:\/\/africandreamland.com\/ca\/wp-json\/wp\/v2\/comments?post=93474"}],"wp:featuredmedia":[{"embeddable":true,"href":"https:\/\/africandreamland.com\/ca\/wp-json\/wp\/v2\/media\/99208"}],"wp:attachment":[{"href":"https:\/\/africandreamland.com\/ca\/wp-json\/wp\/v2\/media?parent=93474"}],"wp:term":[{"taxonomy":"product_brand","embeddable":true,"href":"https:\/\/africandreamland.com\/ca\/wp-json\/wp\/v2\/product_brand?post=93474"},{"taxonomy":"product_cat","embeddable":true,"href":"https:\/\/africandreamland.com\/ca\/wp-json\/wp\/v2\/product_cat?post=93474"},{"taxonomy":"product_tag","embeddable":true,"href":"https:\/\/africandreamland.com\/ca\/wp-json\/wp\/v2\/product_tag?post=93474"}],"curies":[{"name":"wp","href":"https:\/\/api.w.org\/{rel}","templated":true}]}}