{"id":93598,"date":"2020-04-18T20:41:26","date_gmt":"2020-04-18T18:41:26","guid":{"rendered":"https:\/\/africandreamland.com\/personalized-africa-map-shop\/Sense%20categoria\/txec-mapa\/"},"modified":"2023-03-27T15:14:02","modified_gmt":"2023-03-27T13:14:02","slug":"txec-mapa","status":"publish","type":"product","link":"https:\/\/africandreamland.com\/ca\/txec-mapa\/","title":{"rendered":"Collaret de mapes txecs"},"content":{"rendered":"<p>Collaret de mapes txecs fets a m\u00e0 especialment per a vosaltres.<\/p>\n<h2>Aquest collaret de mapes txec est\u00e0 fet a m\u00e0 en plata de llei i un cord\u00f3 veg\u00e0.<\/h2>\n<h3>\u273fDeixa que el teu cor et porti als llocs que m\u00e9s t&#8217;estimes amb els nostres mapes de joies\u273f<\/h3>\n<p>\u273f JOIA \u273f<\/p>\n<p>MIDA DEL PENJOLL: 2&#215;1,5 cm (0,8&#215;0,6 polzades). 0,8 mm de gruix<br \/>\nACABAT: Ratllat Brillant (Com la imatge).<\/p>\n<p>CADENA: Cord\u00f3 veg\u00e0 de primera qualitat.<br \/>\nDurada: Tria entre 16 &#8220;i 22&#8221; en les opcions. A la imatge rellisca.<\/p>\n<p>COR: Si us plau, si voleu personalitzar el vostre cor, escriviu la ubicaci\u00f3 a la nota al quadre del venedor.<\/p>\n<p>\u273f MATERIALS \u273f<\/p>\n<p>Argentium Silver 935 (plata m\u00e9s fina que la plata de llei 925) \u00e9s antial\u00e8rgica i evita l&#8217;embrutiment.<\/p>\n<p>\u273f EMBALATGE \u273f<\/p>\n<p><span style=\"font-weight: 400;\">La teva joia estar\u00e0 empaquetada en una caixa de regal kraft, amb un regal extra GRATIS i instruccions de cura. \u00a1A punt per regalar!!<\/span><\/p>\n<p>&nbsp;<\/p>\n","protected":false},"excerpt":{"rendered":"<p>Penjoll del mapa txec.<\/p>\n","protected":false},"featured_media":99299,"comment_status":"open","ping_status":"closed","template":"","meta":{"_et_pb_use_builder":"","_et_pb_old_content":"","_et_gb_content_width":""},"product_brand":[],"product_cat":[1702],"product_tag":[],"class_list":{"0":"post-93598","1":"product","2":"type-product","3":"status-publish","4":"has-post-thumbnail","6":"product_cat-altres-joies-de-mapa","8":"first","9":"instock","10":"taxable","11":"shipping-taxable","12":"purchasable","13":"product-type-variable"},"exclude_global_add_ons":[],"addons":[],"jetpack_sharing_enabled":true,"_links":{"self":[{"href":"https:\/\/africandreamland.com\/ca\/wp-json\/wp\/v2\/product\/93598","targetHints":{"allow":["GET"]}}],"collection":[{"href":"https:\/\/africandreamland.com\/ca\/wp-json\/wp\/v2\/product"}],"about":[{"href":"https:\/\/africandreamland.com\/ca\/wp-json\/wp\/v2\/types\/product"}],"replies":[{"embeddable":true,"href":"https:\/\/africandreamland.com\/ca\/wp-json\/wp\/v2\/comments?post=93598"}],"wp:featuredmedia":[{"embeddable":true,"href":"https:\/\/africandreamland.com\/ca\/wp-json\/wp\/v2\/media\/99299"}],"wp:attachment":[{"href":"https:\/\/africandreamland.com\/ca\/wp-json\/wp\/v2\/media?parent=93598"}],"wp:term":[{"taxonomy":"product_brand","embeddable":true,"href":"https:\/\/africandreamland.com\/ca\/wp-json\/wp\/v2\/product_brand?post=93598"},{"taxonomy":"product_cat","embeddable":true,"href":"https:\/\/africandreamland.com\/ca\/wp-json\/wp\/v2\/product_cat?post=93598"},{"taxonomy":"product_tag","embeddable":true,"href":"https:\/\/africandreamland.com\/ca\/wp-json\/wp\/v2\/product_tag?post=93598"}],"curies":[{"name":"wp","href":"https:\/\/api.w.org\/{rel}","templated":true}]}}