{"id":96204,"date":"2024-06-25T12:10:39","date_gmt":"2024-06-25T10:10:39","guid":{"rendered":"https:\/\/africandreamland.com\/personalized-africa-map-shop\/sense%20categoria\/botifarra-negre-gos-polsera\/"},"modified":"2024-06-25T12:24:36","modified_gmt":"2024-06-25T10:24:36","slug":"polsera-gos-salsitxa-negra","status":"publish","type":"product","link":"https:\/\/africandreamland.com\/ca\/polsera-gos-salsitxa-negra\/","title":{"rendered":"Polsera Gos Salsitxa Negra"},"content":{"rendered":"<p>Polsera Gos Salsitxa Negra en una caixa de regal kraft amb un regal extra gratu\u00eft.<\/p>\n<p>\u2b50\ufe0f\u2b50\ufe0f\u2b50\ufe0f\u2b50\ufe0f\u2b50\ufe0f<br \/>\n&#8220;Encantat de rebre la meva petita pulsera. \u00c9s tal com es veu a la imatge. Ve molt bonica presentada en una caixa de cartr\u00f3 amb estrelles i cors de paper. En la mesura del possible, repetir\u00e9 comprant-me el collaret&#8221;. Sandra.<\/p>\n<h2>Aquesta polsera de gos de salsitxa negra \u00e9s perfecta per als amants del dachshunds!!<\/h2>\n<p>\u2728 COM FER UNA COMANDA<\/p>\n<p>Per rebre la polsera Dachshund a casa teva, nom\u00e9s has de posar la polsera al carret\u00f3 i fer la comanda.<\/p>\n<p>I ja est\u00e0!<br \/>\nEstar\u00e0s preparada per rebre la teva polsera dachshund, feta a m\u00e0 especialment per a tu!<\/p>\n<p>\u2728 QU\u00c8 OBTINDR\u00c0S<\/p>\n<p>La teva polsera arribar\u00e0 ben embolicada per a regal, amb un regal extra per a tu o per a qui tu vulguis.<\/p>\n<p>\u2728Preguntes freq\u00fcents<\/p>\n<p>MIDA DEL DACHSHUND: 3&#215;1.5 cm (1.5&#215;0.6 polzades). 0,8 mm de gruix.<\/p>\n<p>CORD\u00d3:<br \/>\nCord\u00f3 de cuir de nus lliscant.<\/p>\n<p>MATERIALS:<br \/>\nPlata de llei 925.<\/p>\n<p>AQUESTA JOIA NO ES POT GRAVAR.<\/p>\n<p>\u2728TINGUEU EN COMPTE:<br \/>\nTEMPS DE PROCESSAMENT: 1-3 dies.<\/p>\n<p>ENVIAMENT:<br \/>\nLa teva joia ser\u00e0 enviada per DHL express (1-2 dies) fora de Catalunya.<\/p>\n<p>Arribar\u00e0 als EUA EN 1-2 dies!<\/p>\n<p>A Catalunya i Espanya s&#8217;envia per Correos Express 24h.<\/p>\n<p>SEGELL 925:<br \/>\nTotes les meves joies de plata (incloses les joies banyades en or) estan segellades 925 a la part posterior o al tancament, aix\u00f2 no es pot canviar.<\/p>\n","protected":false},"excerpt":{"rendered":"<p>Polsera Dachshund feta a m\u00e0 en plata.<\/p>\n","protected":false},"featured_media":99256,"comment_status":"open","ping_status":"closed","template":"","meta":{"_et_pb_use_builder":"","_et_pb_old_content":"","_et_gb_content_width":""},"product_brand":[],"product_cat":[2240],"product_tag":[],"class_list":{"0":"post-96204","1":"product","2":"type-product","3":"status-publish","4":"has-post-thumbnail","6":"product_cat-joieria-de-mascotes","8":"first","9":"instock","10":"taxable","11":"shipping-taxable","12":"purchasable","13":"product-type-simple"},"exclude_global_add_ons":[],"addons":[],"jetpack_sharing_enabled":true,"_links":{"self":[{"href":"https:\/\/africandreamland.com\/ca\/wp-json\/wp\/v2\/product\/96204","targetHints":{"allow":["GET"]}}],"collection":[{"href":"https:\/\/africandreamland.com\/ca\/wp-json\/wp\/v2\/product"}],"about":[{"href":"https:\/\/africandreamland.com\/ca\/wp-json\/wp\/v2\/types\/product"}],"replies":[{"embeddable":true,"href":"https:\/\/africandreamland.com\/ca\/wp-json\/wp\/v2\/comments?post=96204"}],"wp:featuredmedia":[{"embeddable":true,"href":"https:\/\/africandreamland.com\/ca\/wp-json\/wp\/v2\/media\/99256"}],"wp:attachment":[{"href":"https:\/\/africandreamland.com\/ca\/wp-json\/wp\/v2\/media?parent=96204"}],"wp:term":[{"taxonomy":"product_brand","embeddable":true,"href":"https:\/\/africandreamland.com\/ca\/wp-json\/wp\/v2\/product_brand?post=96204"},{"taxonomy":"product_cat","embeddable":true,"href":"https:\/\/africandreamland.com\/ca\/wp-json\/wp\/v2\/product_cat?post=96204"},{"taxonomy":"product_tag","embeddable":true,"href":"https:\/\/africandreamland.com\/ca\/wp-json\/wp\/v2\/product_tag?post=96204"}],"curies":[{"name":"wp","href":"https:\/\/api.w.org\/{rel}","templated":true}]}}