{"id":96388,"date":"2024-10-19T00:33:49","date_gmt":"2024-10-18T22:33:49","guid":{"rendered":"https:\/\/africandreamland.com\/personalized-africa-map-shop\/sense%20categoria\/argentina-mapa-collaret\/"},"modified":"2024-11-22T14:04:56","modified_gmt":"2024-11-22T13:04:56","slug":"argentina-mapa-collaret","status":"publish","type":"product","link":"https:\/\/africandreamland.com\/ca\/argentina-mapa-collaret\/","title":{"rendered":"Collaret mapa Argentina"},"content":{"rendered":"<p>Collaret mapa d&#8217;Argentina, fet a m\u00e0 especialment per a tu. <\/p>\n<h2>Aquest collaret de mapa argent\u00ed de plata \u00e9s perfecte per als amants de l&#8217;Argentina, i una joia di\u00e0ria per la seva mida i acabat.<\/h2>\n<p>&nbsp;<\/p>\n<h3>\u273fDeixa que el teu cor et porti als llocs que m\u00e9s t&#8217;estimes amb les nostres joies de mapa\u273f<\/h3>\n<p>&nbsp; .MIDA DEL PENJOLL: 2,5 cm (0,8 polzades). 0,7 mm de gruix.<br \/>ACABAT: Polit (com a la imatge)  CADENA: Cadena de plata de primera qualitat. o cord\u00f3 de cuir. Longitud: Trieu 16 &#8220;(40cm) o 18&#8221; (45cm) a les opcions. MATERIALS<\/p>\n<p>La plata de llei 925 \u00e9s antial\u00b7l\u00e8rgica i evita l&#8217;oxidat.<\/p>\n<p>EMBALATGE<\/p>\n<p>La teva joia s&#8217;empaquetar\u00e0 en una caixa de regal kraft, amb un regal extra GRATU\u00cfT.  A punt per regalar!<\/p>\n","protected":false},"excerpt":{"rendered":"<p>Penjoll Argentina en plata de llei. &nbsp;<\/p>\n","protected":false},"featured_media":99270,"comment_status":"closed","ping_status":"closed","template":"","meta":{"_et_pb_use_builder":"","_et_pb_old_content":"","_et_gb_content_width":""},"product_brand":[],"product_cat":[1702],"product_tag":[],"class_list":{"0":"post-96388","1":"product","2":"type-product","3":"status-publish","4":"has-post-thumbnail","6":"product_cat-altres-joies-de-mapa","8":"first","9":"instock","10":"taxable","11":"shipping-taxable","12":"purchasable","13":"product-type-variable"},"exclude_global_add_ons":[],"addons":[],"jetpack_sharing_enabled":true,"_links":{"self":[{"href":"https:\/\/africandreamland.com\/ca\/wp-json\/wp\/v2\/product\/96388","targetHints":{"allow":["GET"]}}],"collection":[{"href":"https:\/\/africandreamland.com\/ca\/wp-json\/wp\/v2\/product"}],"about":[{"href":"https:\/\/africandreamland.com\/ca\/wp-json\/wp\/v2\/types\/product"}],"replies":[{"embeddable":true,"href":"https:\/\/africandreamland.com\/ca\/wp-json\/wp\/v2\/comments?post=96388"}],"wp:featuredmedia":[{"embeddable":true,"href":"https:\/\/africandreamland.com\/ca\/wp-json\/wp\/v2\/media\/99270"}],"wp:attachment":[{"href":"https:\/\/africandreamland.com\/ca\/wp-json\/wp\/v2\/media?parent=96388"}],"wp:term":[{"taxonomy":"product_brand","embeddable":true,"href":"https:\/\/africandreamland.com\/ca\/wp-json\/wp\/v2\/product_brand?post=96388"},{"taxonomy":"product_cat","embeddable":true,"href":"https:\/\/africandreamland.com\/ca\/wp-json\/wp\/v2\/product_cat?post=96388"},{"taxonomy":"product_tag","embeddable":true,"href":"https:\/\/africandreamland.com\/ca\/wp-json\/wp\/v2\/product_tag?post=96388"}],"curies":[{"name":"wp","href":"https:\/\/api.w.org\/{rel}","templated":true}]}}