{"id":96759,"date":"2025-04-12T19:56:18","date_gmt":"2025-04-12T17:56:18","guid":{"rendered":"https:\/\/africandreamland.com\/?post_type=product&#038;p=96759"},"modified":"2025-04-12T20:06:54","modified_gmt":"2025-04-12T18:06:54","slug":"vegan-leather-feather-earrings","status":"publish","type":"product","link":"https:\/\/africandreamland.com\/ca\/product\/vegan-leather-feather-earrings\/","title":{"rendered":"Arracades de plomes de cuir veg\u00c3\u00a0 &#8211; \u00c3\u0161ltima unitat!"},"content":{"rendered":"<p>Arracades de plomes de pell vegana en plata de llei.<\/p>\n<p>Mida: aproximadament: 7 cm.<\/p>\n<p>\u00c3\u0161ltima unitat!! Aix\u00c3\u00b2 tanca l&#8217;estoc d&#8217;aquest model.<\/p>\n<p>Si tries diferents peces de l&#8217;apartat d&#8217;\u00c3\u00baltimes unitats, pots estalviar-te l&#8217;enviament de les seg\u00c3\u00bcents.<\/p>\n","protected":false},"excerpt":{"rendered":"<p>Arracades de plomes de pell vegana en plata de llei. Mida: aproximadament: 7 cm. \u00c3\u0161ltima unitat!! Aix\u00c3\u00b2 tanca l&#8217;estoc d&#8217;aquest model. Si tries diferents peces de l&#8217;apartat d&#8217;\u00c3\u00baltimes unitats, pots estalviar-te l&#8217;enviament de les seg\u00c3\u00bcents.<\/p>\n","protected":false},"featured_media":96705,"comment_status":"open","ping_status":"closed","template":"","meta":{"_et_pb_use_builder":"","_et_pb_old_content":"","_et_gb_content_width":""},"product_brand":[],"product_cat":[2210],"product_tag":[],"class_list":{"0":"post-96759","1":"product","2":"type-product","3":"status-publish","4":"has-post-thumbnail","6":"product_cat-ultimes-unitats","8":"first","9":"instock","10":"sale","11":"taxable","12":"shipping-taxable","13":"purchasable","14":"product-type-simple"},"exclude_global_add_ons":[],"addons":[],"jetpack_sharing_enabled":true,"_links":{"self":[{"href":"https:\/\/africandreamland.com\/ca\/wp-json\/wp\/v2\/product\/96759","targetHints":{"allow":["GET"]}}],"collection":[{"href":"https:\/\/africandreamland.com\/ca\/wp-json\/wp\/v2\/product"}],"about":[{"href":"https:\/\/africandreamland.com\/ca\/wp-json\/wp\/v2\/types\/product"}],"replies":[{"embeddable":true,"href":"https:\/\/africandreamland.com\/ca\/wp-json\/wp\/v2\/comments?post=96759"}],"wp:featuredmedia":[{"embeddable":true,"href":"https:\/\/africandreamland.com\/ca\/wp-json\/wp\/v2\/media\/96705"}],"wp:attachment":[{"href":"https:\/\/africandreamland.com\/ca\/wp-json\/wp\/v2\/media?parent=96759"}],"wp:term":[{"taxonomy":"product_brand","embeddable":true,"href":"https:\/\/africandreamland.com\/ca\/wp-json\/wp\/v2\/product_brand?post=96759"},{"taxonomy":"product_cat","embeddable":true,"href":"https:\/\/africandreamland.com\/ca\/wp-json\/wp\/v2\/product_cat?post=96759"},{"taxonomy":"product_tag","embeddable":true,"href":"https:\/\/africandreamland.com\/ca\/wp-json\/wp\/v2\/product_tag?post=96759"}],"curies":[{"name":"wp","href":"https:\/\/api.w.org\/{rel}","templated":true}]}}