{"id":97047,"date":"2025-05-18T12:34:12","date_gmt":"2025-05-18T10:34:12","guid":{"rendered":"https:\/\/africandreamland.com\/?post_type=product&#038;p=97047"},"modified":"2025-05-18T14:05:12","modified_gmt":"2025-05-18T12:05:12","slug":"collaret-de-vidre-de-mar-blau","status":"publish","type":"product","link":"https:\/\/africandreamland.com\/ca\/collaret-de-vidre-de-mar-blau\/","title":{"rendered":"Collaret de vidre de mar blau"},"content":{"rendered":"<p>Abra\u00e7a l&#8217;eleg\u00e0ncia de l&#8217;oce\u00e0 amb el nostre <em data-start=\"318\" data-end=\"349\">collaret de vidre de mar blau<\/em>.<\/p>\n<p>Cada pe\u00e7a presenta una aut\u00e8ntica joia de vidre de mar blau caigut al mar, acuradament seleccionada a m\u00e0 i col\u00b7locada en un marc de bisell minimalista que real\u00e7a la seva bellesa natural.<\/p>\n<p>Penjat d&#8217;una delicada cadena de plata de llei, aquest collaret \u00e9s un recordatori atemporal de la serenitat i la for\u00e7a del mar.<\/p>\n<p data-start=\"1029\" data-end=\"1165\">Portat a prop del cor, aquest collaret captura l&#8217;esperit calmant de les onades de l&#8217;oce\u00e0 i les ganes de viatjar per la costa.<\/p>\n<p data-start=\"1168\" data-end=\"1304\">No hi ha dues peces de vidre mar\u00ed iguals. Cada collaret \u00e9s un tresor \u00fanic modelat pel temps i la marea.<\/p>\n<p data-start=\"1307\" data-end=\"1429\">Elaborada amb amor amb vidre reciclat, aquesta pe\u00e7a d\u00f3na suport a les opcions de moda sostenible.<\/p>\n<p data-start=\"1432\" data-end=\"1534\">Ideal per a aniversaris, aniversaris o simplement per celebrar l&#8217;amor pel mar.<\/p>\n<p>\u2728 COM FER UNA COMANDA<\/p>\n<h2>Per rebre el vostre <em data-start=\"318\" data-end=\"349\">collaret de vidre de mar blau<\/em> a casa vostra, nom\u00e9s heu de posar el penjoll al carret\u00f3 i pagar-lo.<\/h2>\n<p>I ja est\u00e0!<br \/>\nEstar\u00e0s a punt per rebre la teva polsera feta a m\u00e0 especialment per a tu!<\/p>\n<p>\u2728 QU\u00c8 OBTINDR\u00c0S<\/p>\n<p>El teu penjoll arribar\u00e0 ben embolicat per a regalar, amb un regal extra per a tu o per a qui tu vulguis.<\/p>\n<p>\u2728Preguntes freq\u00fcents<\/p>\n<p>MIDA DEL PENJOLL: 1 cm .<\/p>\n<p>ACABAT: Polit.<\/p>\n<p>CADENA: 18 &#8220;- 45 cm Cadena de boletes de plata de llei.<\/p>\n<p>MATERIALS:<br \/>\nVidre mar\u00ed.<\/p>\n<p>925 Plata de llei.<\/p>\n<p>&nbsp;<\/p>\n<p>\u2728TINGUEU EN COMPTE:<br \/>\nTEMPS DE TRAMITACI\u00d3: 1-3 dies.<\/p>\n<p>ENVIAMENT:<br \/>\nLa teva joia s&#8217;enviar\u00e0 per enviament expr\u00e9s en 3-5 dies. A Espanya 24-48 hores.<\/p>\n<p>SEGELL 925:<br \/>\nTotes les meves joies de plata (incloses les joies banyades en or) estan estampades 925 a la part posterior o al tancament, aix\u00f2 no es pot canviar.<\/p>\n","protected":false},"excerpt":{"rendered":"<p data-start=\"1536\" data-end=\"1882\">Aquest collaret no \u00e9s nom\u00e9s joies, \u00e9s una hist\u00f2ria. Una hist\u00f2ria de natura, de renovaci\u00f3, de bellesa trobada en llocs inesperats. Tant si sou un amant del mar, un somiador o alg\u00fa que aprecia accessoris significatius, el <em data-start=\"1780\" data-end=\"1811\">collaret de de vidre de mar blau <\/em>es convertir\u00e0 en el vostre recordatori diari de pau, for\u00e7a i individualitat.<\/p>\n","protected":false},"featured_media":97089,"comment_status":"open","ping_status":"closed","template":"","meta":{"_et_pb_use_builder":"","_et_pb_old_content":"","_et_gb_content_width":""},"product_brand":[],"product_cat":[2222],"product_tag":[],"class_list":{"0":"post-97047","1":"product","2":"type-product","3":"status-publish","4":"has-post-thumbnail","6":"product_cat-joies-del-mar","8":"first","9":"outofstock","10":"taxable","11":"shipping-taxable","12":"purchasable","13":"product-type-simple"},"exclude_global_add_ons":[],"addons":[],"jetpack_sharing_enabled":true,"_links":{"self":[{"href":"https:\/\/africandreamland.com\/ca\/wp-json\/wp\/v2\/product\/97047","targetHints":{"allow":["GET"]}}],"collection":[{"href":"https:\/\/africandreamland.com\/ca\/wp-json\/wp\/v2\/product"}],"about":[{"href":"https:\/\/africandreamland.com\/ca\/wp-json\/wp\/v2\/types\/product"}],"replies":[{"embeddable":true,"href":"https:\/\/africandreamland.com\/ca\/wp-json\/wp\/v2\/comments?post=97047"}],"wp:featuredmedia":[{"embeddable":true,"href":"https:\/\/africandreamland.com\/ca\/wp-json\/wp\/v2\/media\/97089"}],"wp:attachment":[{"href":"https:\/\/africandreamland.com\/ca\/wp-json\/wp\/v2\/media?parent=97047"}],"wp:term":[{"taxonomy":"product_brand","embeddable":true,"href":"https:\/\/africandreamland.com\/ca\/wp-json\/wp\/v2\/product_brand?post=97047"},{"taxonomy":"product_cat","embeddable":true,"href":"https:\/\/africandreamland.com\/ca\/wp-json\/wp\/v2\/product_cat?post=97047"},{"taxonomy":"product_tag","embeddable":true,"href":"https:\/\/africandreamland.com\/ca\/wp-json\/wp\/v2\/product_tag?post=97047"}],"curies":[{"name":"wp","href":"https:\/\/api.w.org\/{rel}","templated":true}]}}