{"id":97543,"date":"2020-01-17T21:29:07","date_gmt":"2020-01-17T20:29:07","guid":{"rendered":"https:\/\/africandreamland.com\/collaret-venecuela\/"},"modified":"2025-06-24T19:50:03","modified_gmt":"2025-06-24T17:50:03","slug":"collaret-venecuela","status":"publish","type":"product","link":"https:\/\/africandreamland.com\/ca\/collaret-venecuela\/","title":{"rendered":"Collaret Vene\u00e7uela"},"content":{"rendered":"<p>Collaret Vene\u00e7uela de plata fet a m\u00e0 en plata de llei.<\/p>\n<h2>Aquest collaret de Vene\u00e7uela \u00e9s perfecte per als amants de Vene\u00e7uela. La teva terra a prop del teu cor. <\/h2>\n<p>\u273fDeixa que el teu cor et porti als llocs que m\u00e9s t&#8217;estimes amb les nostres joies de mapa\u273f<\/p>\n<p>\u273f JOIA \u273f<br \/>\nMIDA PENJOLL: 2&#215;1,5 cm. 0,7 mm de gruix<br \/>\nCADENA: Cord\u00f3 de pell de 40 a 50cm. <\/p>\n<p>\u273f MATERIALS \u273fPlata de llei 925<br \/>\n.<\/p>\n","protected":false},"excerpt":{"rendered":"<p>Collaret de plata de Vene\u00e7uela Argentium Plata personalitzada Vene\u00e7uela mapa penjollant, penjoll de Vene\u00e7uela penjoll d&#8217;adopci\u00f3, joies<br \/>\npersonalitzades en una caixa de regal kraft amb un regal extra gratu\u00eft.<\/p>\n<p>\u273fDeixa que el teu cor et porti a &#8230;<\/p>\n","protected":false},"featured_media":97538,"comment_status":"open","ping_status":"closed","template":"","meta":{"_et_pb_use_builder":"","_et_pb_old_content":"","_et_gb_content_width":""},"product_brand":[],"product_cat":[1702],"product_tag":[],"class_list":{"0":"post-97543","1":"product","2":"type-product","3":"status-publish","4":"has-post-thumbnail","6":"product_cat-altres-joies-de-mapa","8":"first","9":"instock","10":"taxable","11":"shipping-taxable","12":"purchasable","13":"product-type-variable"},"exclude_global_add_ons":[],"addons":[],"jetpack_sharing_enabled":true,"_links":{"self":[{"href":"https:\/\/africandreamland.com\/ca\/wp-json\/wp\/v2\/product\/97543","targetHints":{"allow":["GET"]}}],"collection":[{"href":"https:\/\/africandreamland.com\/ca\/wp-json\/wp\/v2\/product"}],"about":[{"href":"https:\/\/africandreamland.com\/ca\/wp-json\/wp\/v2\/types\/product"}],"replies":[{"embeddable":true,"href":"https:\/\/africandreamland.com\/ca\/wp-json\/wp\/v2\/comments?post=97543"}],"wp:featuredmedia":[{"embeddable":true,"href":"https:\/\/africandreamland.com\/ca\/wp-json\/wp\/v2\/media\/97538"}],"wp:attachment":[{"href":"https:\/\/africandreamland.com\/ca\/wp-json\/wp\/v2\/media?parent=97543"}],"wp:term":[{"taxonomy":"product_brand","embeddable":true,"href":"https:\/\/africandreamland.com\/ca\/wp-json\/wp\/v2\/product_brand?post=97543"},{"taxonomy":"product_cat","embeddable":true,"href":"https:\/\/africandreamland.com\/ca\/wp-json\/wp\/v2\/product_cat?post=97543"},{"taxonomy":"product_tag","embeddable":true,"href":"https:\/\/africandreamland.com\/ca\/wp-json\/wp\/v2\/product_tag?post=97543"}],"curies":[{"name":"wp","href":"https:\/\/api.w.org\/{rel}","templated":true}]}}