{"id":97740,"date":"2020-03-04T14:20:43","date_gmt":"2020-03-04T13:20:43","guid":{"rendered":"https:\/\/africandreamland.com\/penjoll-africa-rodona-daurat\/"},"modified":"2020-03-04T14:20:43","modified_gmt":"2020-03-04T13:20:43","slug":"penjoll-africa-rodona-daurat","status":"publish","type":"product","link":"https:\/\/africandreamland.com\/ca\/penjoll-africa-rodona-daurat\/","title":{"rendered":"Penjoll \u00c0frica Rodona Daurat"},"content":{"rendered":"<p>Penjoll \u00c0frica Rodona Daurat fet a m\u00e0 amb plata de llei.<\/p>\n<h2 class=\"p1\">Porta el teu estimat continent afric\u00e0 a prop del teu cor amb aquest Penjoll \u00c0frica Rodona Daurat fet a m\u00e0.<\/h2>\n<p class=\"p1\">Cada pe\u00e7a est\u00e0 feta amb amor, amb forma de mapa de la teva p\u00e0tria, s\u00edmbol d&#8217;identitat, mem\u00f2ria i orgull. Porta les teves arrels amb eleg\u00e0ncia i significat.<\/p>\n<p>\u273f JOIA \u273f<br \/>\n MIDA DEL PENJOLL: 2,5 cm ( 1 polzades). 0,7 mm de gruix<br \/>\nACABAT: Ratllat brillant o polit (com a la primera imatge de la imatge).  Triau a les opcions.<\/p>\n<p>CADENA: Cadena de plata banyada en or de 18kt de primera qualitat.<br \/>\nLongitud: Tria 40cm o 45cm a les opcions.<\/p>\n<p>\u273f MATERIALS \u273f<br \/>\nPlata de llei xapada en or de 18kt.<\/p>\n","protected":false},"excerpt":{"rendered":"<p>Collaret d &#8216;\u00c0frica amb bany d\u201d or de 18 quirats<\/p>\n","protected":false},"featured_media":99344,"comment_status":"open","ping_status":"closed","template":"","meta":{"_et_pb_use_builder":"","_et_pb_old_content":"","_et_gb_content_width":""},"product_brand":[],"product_cat":[1715],"product_tag":[],"class_list":{"0":"post-97740","1":"product","2":"type-product","3":"status-publish","4":"has-post-thumbnail","6":"product_cat-collares-mapa-de-africa","8":"first","9":"instock","10":"taxable","11":"shipping-taxable","12":"purchasable","13":"product-type-variable"},"exclude_global_add_ons":[],"addons":[],"jetpack_sharing_enabled":true,"_links":{"self":[{"href":"https:\/\/africandreamland.com\/ca\/wp-json\/wp\/v2\/product\/97740","targetHints":{"allow":["GET"]}}],"collection":[{"href":"https:\/\/africandreamland.com\/ca\/wp-json\/wp\/v2\/product"}],"about":[{"href":"https:\/\/africandreamland.com\/ca\/wp-json\/wp\/v2\/types\/product"}],"replies":[{"embeddable":true,"href":"https:\/\/africandreamland.com\/ca\/wp-json\/wp\/v2\/comments?post=97740"}],"wp:featuredmedia":[{"embeddable":true,"href":"https:\/\/africandreamland.com\/ca\/wp-json\/wp\/v2\/media\/99344"}],"wp:attachment":[{"href":"https:\/\/africandreamland.com\/ca\/wp-json\/wp\/v2\/media?parent=97740"}],"wp:term":[{"taxonomy":"product_brand","embeddable":true,"href":"https:\/\/africandreamland.com\/ca\/wp-json\/wp\/v2\/product_brand?post=97740"},{"taxonomy":"product_cat","embeddable":true,"href":"https:\/\/africandreamland.com\/ca\/wp-json\/wp\/v2\/product_cat?post=97740"},{"taxonomy":"product_tag","embeddable":true,"href":"https:\/\/africandreamland.com\/ca\/wp-json\/wp\/v2\/product_tag?post=97740"}],"curies":[{"name":"wp","href":"https:\/\/api.w.org\/{rel}","templated":true}]}}