{"id":98033,"date":"2020-02-18T11:40:26","date_gmt":"2020-02-18T10:40:26","guid":{"rendered":"https:\/\/africandreamland.com\/collaret-euskadi\/"},"modified":"2020-02-18T11:40:26","modified_gmt":"2020-02-18T10:40:26","slug":"collaret-euskadi","status":"publish","type":"product","link":"https:\/\/africandreamland.com\/ca\/collaret-euskadi\/","title":{"rendered":"Collaret Euskadi"},"content":{"rendered":"<p class=\"p1\"><span class=\"s1\">Celebra l&#8217;esperit d&#8217;Euskadi amb aquest exquisit penjoll fet a m\u00e0, meticulosament elaborat amb plata de llei d&#8217;alta qualitat.  <\/span><\/p>\n<h2 class=\"p1\"><span class=\"s1\">Aquest collaret Euskadi est\u00e0 dissenyat amb la forma del Pa\u00eds Basc. Aquesta elegant pe\u00e7a \u00e9s un homenatge a la tradici\u00f3, la identitat i l&#8217;excel\u00b7l\u00e8ncia artesanal. Tant si es porta a prop del cor com si es regala a alg\u00fa especial, \u00e9s un s\u00edmbol d&#8217;orgull, arrels i gust refinat.  <\/span><\/h2>\n<p>JOIA<\/p>\n<p>MIDA DEL PENJOL: 2 cm aproximadament (0,8 polzades). 0,8 mm de gruix<br \/>\nCADENA: Cord\u00f3 de pell negra de primera qualitat.<br \/>\nLongitud: Trieu de 16 &#8220;a 22&#8221; a les opcions. <\/p>\n<p>ACABAT: Brillant ratllat com la imatge.<\/p>\n<p>\u273f MATERIALS \u273fPlata de llei 925<br \/>\n.<\/p>\n","protected":false},"excerpt":{"rendered":"<p>Penjoll Euskadi de plata<\/p>\n","protected":false},"featured_media":99154,"comment_status":"open","ping_status":"closed","template":"","meta":{"_et_pb_use_builder":"","_et_pb_old_content":"","_et_gb_content_width":""},"product_brand":[],"product_cat":[1702],"product_tag":[],"class_list":{"0":"post-98033","1":"product","2":"type-product","3":"status-publish","4":"has-post-thumbnail","6":"product_cat-altres-joies-de-mapa","8":"first","9":"instock","10":"taxable","11":"shipping-taxable","12":"purchasable","13":"product-type-variable"},"exclude_global_add_ons":[],"addons":[],"jetpack_sharing_enabled":true,"_links":{"self":[{"href":"https:\/\/africandreamland.com\/ca\/wp-json\/wp\/v2\/product\/98033","targetHints":{"allow":["GET"]}}],"collection":[{"href":"https:\/\/africandreamland.com\/ca\/wp-json\/wp\/v2\/product"}],"about":[{"href":"https:\/\/africandreamland.com\/ca\/wp-json\/wp\/v2\/types\/product"}],"replies":[{"embeddable":true,"href":"https:\/\/africandreamland.com\/ca\/wp-json\/wp\/v2\/comments?post=98033"}],"wp:featuredmedia":[{"embeddable":true,"href":"https:\/\/africandreamland.com\/ca\/wp-json\/wp\/v2\/media\/99154"}],"wp:attachment":[{"href":"https:\/\/africandreamland.com\/ca\/wp-json\/wp\/v2\/media?parent=98033"}],"wp:term":[{"taxonomy":"product_brand","embeddable":true,"href":"https:\/\/africandreamland.com\/ca\/wp-json\/wp\/v2\/product_brand?post=98033"},{"taxonomy":"product_cat","embeddable":true,"href":"https:\/\/africandreamland.com\/ca\/wp-json\/wp\/v2\/product_cat?post=98033"},{"taxonomy":"product_tag","embeddable":true,"href":"https:\/\/africandreamland.com\/ca\/wp-json\/wp\/v2\/product_tag?post=98033"}],"curies":[{"name":"wp","href":"https:\/\/api.w.org\/{rel}","templated":true}]}}