{"id":98078,"date":"2020-01-25T16:00:47","date_gmt":"2020-01-25T15:00:47","guid":{"rendered":"https:\/\/africandreamland.com\/collaret-adinkra\/"},"modified":"2020-01-25T16:00:47","modified_gmt":"2020-01-25T15:00:47","slug":"collaret-adinkra","status":"publish","type":"product","link":"https:\/\/africandreamland.com\/ca\/collaret-adinkra\/","title":{"rendered":"Collaret Adrinkra"},"content":{"rendered":"<p class=\"p1\"><span class=\"s1\">Celebra la for\u00e7a, l&#8217;espiritualitat i el patrimoni cultural amb el nostre <\/span><span class=\"s2\">collaret Adinkra<\/span><span class=\"s1\">, amb l&#8217;ic\u00f2nic <\/span> s\u00edmbol <span class=\"s3\">Gye Nyame<\/span><span class=\"s1\">, un dels s\u00edmbols Adinkra m\u00e9s poderosos de Ghana, que significa &#8220;excepte D\u00e9u&#8221;. <\/span> <\/p>\n<h2 class=\"p1\"><span class=\"s1\">Aquest collaret Adinkra est\u00e0 fet de <\/span><span class=\"s3\">plata de llei 925<\/span> d&#8217;alta qualitat <span class=\"s1\"> i ve amb un <\/span><span class=\"s3\">cord\u00f3 de cuir<\/span><span class=\"s1\"> disponible en tres longituds, el que el converteix en una pe\u00e7a atemporal plena de significat i car\u00e0cter.<\/span><\/h2>\n<ul>\n<li>\n<p class=\"p1\"><span class=\"s1\">S\u00edmbol:<\/span><span class=\"s2\"> Gye Nyame \u2013 &#8220;Excepte D\u00e9u&#8221;<\/span><\/p>\n<\/li>\n<li>\n<p class=\"p1\"><span class=\"s1\">Material:<\/span><span class=\"s2\"> Plata de llei massissa 925<\/span><\/p>\n<\/li>\n<li>\n<p class=\"p1\"><span class=\"s1\">Mida del penjol:<\/span><span class=\"s2\">  Aprox. 2 cm <\/span><\/p>\n<\/li>\n<li>\n<p class=\"p1\"><span class=\"s1\">Cord\u00f3:<\/span><span class=\"s2\"> Cuir genu\u00ed, disponible en 40 cm, 45 cm i 50 cm<\/span><\/p>\n<\/li>\n<li>\n<p class=\"p1\"><span class=\"s1\">Tancament:<\/span><span class=\"s2\"> tancament segur per facilitar el seu \u00fas<\/span><\/p>\n<\/li>\n<li>\n<p class=\"p1\"><span class=\"s1\">Fet a m\u00e0:<\/span><span class=\"s2\"> Elaborat artesanalment amb cura i atenci\u00f3 als detalls.<\/span><\/p>\n<\/li>\n<\/ul>\n<p class=\"p1\"><span class=\"s1\">El <\/span><span class=\"s2\">collaret Adinkra<\/span><span class=\"s1\">  no \u00e9s nom\u00e9s joieria, \u00e9s una declaraci\u00f3 de fe, identitat i tradici\u00f3. El s\u00edmbol de Gye Nyame parla del poder i la protecci\u00f3 divins, fent que aquesta pe\u00e7a sigui profundament personal i espiritual. Amb el seu acabat platejat net i el seu cord\u00f3 de cuir suau, \u00e9s perfecte per al dia a dia o com a regal significatiu per a alg\u00fa que valora la cultura i l&#8217;\u00e0nima.  <\/span><\/p>\n","protected":false},"excerpt":{"rendered":"<p>Collaret ADINKRA de plata<\/p>\n","protected":false},"featured_media":99148,"comment_status":"open","ping_status":"closed","template":"","meta":{"_et_pb_use_builder":"","_et_pb_old_content":"","_et_gb_content_width":""},"product_brand":[],"product_cat":[1878],"product_tag":[],"class_list":{"0":"post-98078","1":"product","2":"type-product","3":"status-publish","4":"has-post-thumbnail","6":"product_cat-collars-de-plata","8":"first","9":"instock","10":"taxable","11":"shipping-taxable","12":"purchasable","13":"product-type-variable"},"exclude_global_add_ons":[],"addons":[],"jetpack_sharing_enabled":true,"_links":{"self":[{"href":"https:\/\/africandreamland.com\/ca\/wp-json\/wp\/v2\/product\/98078","targetHints":{"allow":["GET"]}}],"collection":[{"href":"https:\/\/africandreamland.com\/ca\/wp-json\/wp\/v2\/product"}],"about":[{"href":"https:\/\/africandreamland.com\/ca\/wp-json\/wp\/v2\/types\/product"}],"replies":[{"embeddable":true,"href":"https:\/\/africandreamland.com\/ca\/wp-json\/wp\/v2\/comments?post=98078"}],"wp:featuredmedia":[{"embeddable":true,"href":"https:\/\/africandreamland.com\/ca\/wp-json\/wp\/v2\/media\/99148"}],"wp:attachment":[{"href":"https:\/\/africandreamland.com\/ca\/wp-json\/wp\/v2\/media?parent=98078"}],"wp:term":[{"taxonomy":"product_brand","embeddable":true,"href":"https:\/\/africandreamland.com\/ca\/wp-json\/wp\/v2\/product_brand?post=98078"},{"taxonomy":"product_cat","embeddable":true,"href":"https:\/\/africandreamland.com\/ca\/wp-json\/wp\/v2\/product_cat?post=98078"},{"taxonomy":"product_tag","embeddable":true,"href":"https:\/\/africandreamland.com\/ca\/wp-json\/wp\/v2\/product_tag?post=98078"}],"curies":[{"name":"wp","href":"https:\/\/api.w.org\/{rel}","templated":true}]}}