{"id":98325,"date":"2020-02-12T12:10:24","date_gmt":"2020-02-12T11:10:24","guid":{"rendered":"https:\/\/africandreamland.com\/arracades-terres-de-lebre\/"},"modified":"2020-02-12T12:10:24","modified_gmt":"2020-02-12T11:10:24","slug":"arracades-terres-de-lebre","status":"publish","type":"product","link":"https:\/\/africandreamland.com\/ca\/product\/arracades-terres-de-lebre\/","title":{"rendered":"Arracades Terres de l&#8217;Ebre"},"content":{"rendered":"<p data-start=\"252\" data-end=\"377\">\u00f0\u0178\u0152\u00bf Celebra les teves arrels amb les nostres <strong data-start=\"298\" data-end=\"327\">arracades Terres de l&#8217;Ebre<\/strong> fetes a m\u00c3\u00a0, elaborades en plata de llei i plenes de significat.<\/p>\n<p data-start=\"379\" data-end=\"588\">Cada arracada t\u00c3\u00a9 la forma de la silueta ic\u00c3\u00b2nica de les <strong data-start=\"436\" data-end=\"463\">Terres de l&#8217;Ebre<\/strong> i presenta un petit retallable de cor al centre, un s\u00c3\u00admbol subtil per\u00c3\u00b2 poder\u00c3\u00b3s d&#8217;amor per la terra, el patrimoni i la identitat.<\/p>\n<h2 data-start=\"590\" data-end=\"793\">Elaborades amb cura a m\u00c3\u00a0 en plata massissa de llei 925, aquestes arracades Terres de l&#8217;Ebre s\u00c3\u00b3n lleugeres i minimalistes, per\u00c3\u00b2 riques en valor emocional. La seva longitud d&#8217;1 cm els fa ideals per al dia a dia o per a regals significatius. <\/h2>\n<p data-start=\"795\" data-end=\"923\">Portats a prop de la cara, parlen tranquil\u00c2\u00b7lament per\u00c3\u00b2 clarament de pertinen\u00c3\u00a7a, bellesa i connexi\u00c3\u00b3 amb el paisatge que et va formar.<\/p>\n<p data-start=\"925\" data-end=\"1072\">Sense motlles, sense producci\u00c3\u00b3 en massa: cada parell es fa individualment, fent <strong data-start=\"996\" data-end=\"1017\">que cada pe\u00c3\u00a7a sigui \u00c3\u00banica<\/strong>, igual que les hist\u00c3\u00b2ries de la gent d&#8217;aquestes terres.<\/p>\n<p data-start=\"1074\" data-end=\"1202\">Un regal perfecte per a filles de l&#8217;Ebre, amants de la identitat local o qualsevol persona que porti el sud de Catalunya al cor.<\/p>\n<p data-start=\"1209\" data-end=\"1227\"><strong>\u00e2\u0153\u00a8 COM FER UNA COMANDA<\/strong><\/p>\n<p data-start=\"1229\" data-end=\"1360\">Per portar aquestes arracades de les Terres de l&#8217;Ebre a la teva vida, nom\u00c3\u00a9s has de triar el teu parell, afegir-los a la cistella i completar el pagament.<\/p>\n<p data-start=\"1362\" data-end=\"1416\">Es fabricaran i s&#8217;enviaran amb cura, nom\u00c3\u00a9s per a tu.<\/p>\n<p data-start=\"1423\" data-end=\"1441\"><strong>\u00e2\u0153\u00a8 QU\u00c3\u02c6 OBTINDR\u00c3\u20acS<\/strong><\/p>\n<p data-start=\"1443\" data-end=\"1579\">Rebr\u00c3\u00a0s les teves arracades <strong data-start=\"1472\" data-end=\"1511\">molt ben empaquetades i preparades per regalar<\/strong>, amb una petita sorpresa inclosa, perfecta per regalar o atresorar.<\/p>\n<p data-start=\"1586\" data-end=\"1596\"><strong>\u00e2\u0153\u00a8 Preguntes freq\u00c3\u00bcents<\/strong><\/p>\n<p data-start=\"1598\" data-end=\"1792\"><strong data-start=\"1598\" data-end=\"1615\">MIDA DE L&#8217;ARRACADA:<\/strong> aprox. 1 cm <br data-start=\"1628\" data-end=\"1631\"><strong data-start=\"1631\" data-end=\"1642\">ACABAR:<\/strong> Plata polida suau (com a la imatge)<br data-start=\"1660\" data-end=\"1663\"><strong data-start=\"1663\" data-end=\"1677\">MATERIALS:<\/strong><br data-start=\"1677\" data-end=\"1680\">\u00e2\u20ac\u00a2 Plata de llei massissa 925<br data-start=\"1707\" data-end=\"1710\">\u00e2\u20ac\u00a2 Fet a m\u00c3\u00a0: no hi ha dos id\u00c3\u00a8ntics<br data-start=\"1743\" data-end=\"1746\"><strong data-start=\"1746\" data-end=\"1758\">SUPORT:<\/strong> Dors de papallona de plata de llei<\/p>\n<p data-start=\"1799\" data-end=\"1816\"><strong>\u00e2\u0153\u00a8 TINGUEU EN COMPTE<\/strong><\/p>\n<p data-start=\"1818\" data-end=\"1943\"><strong data-start=\"1818\" data-end=\"1838\">TEMPS DE PROCESSAMENT:<\/strong> 1-3 dies laborables<br data-start=\"1856\" data-end=\"1859\"><strong data-start=\"1859\" data-end=\"1872\">NAVILI:<\/strong><br data-start=\"1872\" data-end=\"1875\">\u00e2\u20ac\u00a2 Espanya: 24-48 hores<br data-start=\"1895\" data-end=\"1898\">\u00e2\u20ac\u00a2 Resta d&#8217;Europa: 3-5 dies (enviament expr\u00c3\u00a9s)<\/p>\n<p data-start=\"1945\" data-end=\"2078\"><strong data-start=\"1945\" data-end=\"1959\">SEGELL 925:<\/strong><br data-start=\"1959\" data-end=\"1962\">Totes les meves joies de plata de llei estan estampades 925 a la part posterior o prop del tancament, complint amb els est\u00c3\u00a0ndards de qualitat.<\/p>\n","protected":false},"excerpt":{"rendered":"<p>Terres de l&#8217;Ebre Mapa Arracades Plata de llei Amposta Tacs, Plata Montsia Mapa Arracades Plata 935 en una caixa de regal kraft amb un regal extra gratu\u00c3\u00aft.<\/p>\n<p>\u00e2\u0153\u00bfDeixa que el teu cor et porti a &#8230;<\/p>\n","protected":false},"featured_media":99118,"comment_status":"open","ping_status":"closed","template":"","meta":{"_et_pb_use_builder":"","_et_pb_old_content":"","_et_gb_content_width":""},"product_brand":[],"product_cat":[1702],"product_tag":[],"class_list":{"0":"post-98325","1":"product","2":"type-product","3":"status-publish","4":"has-post-thumbnail","6":"product_cat-altres-joies-de-mapa","8":"first","9":"instock","10":"taxable","11":"shipping-taxable","12":"purchasable","13":"product-type-simple"},"exclude_global_add_ons":[],"addons":[],"jetpack_sharing_enabled":true,"_links":{"self":[{"href":"https:\/\/africandreamland.com\/ca\/wp-json\/wp\/v2\/product\/98325","targetHints":{"allow":["GET"]}}],"collection":[{"href":"https:\/\/africandreamland.com\/ca\/wp-json\/wp\/v2\/product"}],"about":[{"href":"https:\/\/africandreamland.com\/ca\/wp-json\/wp\/v2\/types\/product"}],"replies":[{"embeddable":true,"href":"https:\/\/africandreamland.com\/ca\/wp-json\/wp\/v2\/comments?post=98325"}],"wp:featuredmedia":[{"embeddable":true,"href":"https:\/\/africandreamland.com\/ca\/wp-json\/wp\/v2\/media\/99118"}],"wp:attachment":[{"href":"https:\/\/africandreamland.com\/ca\/wp-json\/wp\/v2\/media?parent=98325"}],"wp:term":[{"taxonomy":"product_brand","embeddable":true,"href":"https:\/\/africandreamland.com\/ca\/wp-json\/wp\/v2\/product_brand?post=98325"},{"taxonomy":"product_cat","embeddable":true,"href":"https:\/\/africandreamland.com\/ca\/wp-json\/wp\/v2\/product_cat?post=98325"},{"taxonomy":"product_tag","embeddable":true,"href":"https:\/\/africandreamland.com\/ca\/wp-json\/wp\/v2\/product_tag?post=98325"}],"curies":[{"name":"wp","href":"https:\/\/api.w.org\/{rel}","templated":true}]}}