{"id":98331,"date":"2020-02-29T21:10:55","date_gmt":"2020-02-29T20:10:55","guid":{"rendered":"https:\/\/africandreamland.com\/collar-kazakhstan\/"},"modified":"2020-02-29T21:10:55","modified_gmt":"2020-02-29T20:10:55","slug":"collar-kazakhstan","status":"publish","type":"product","link":"https:\/\/africandreamland.com\/ca\/product\/collar-kazakhstan\/","title":{"rendered":"Collar Kazakhstan"},"content":{"rendered":"<p>\u00f0\u0178\u0152\u008d Porta les teves arrels amb tu amb el nostre <strong>mapa de collarets de Kazakhstan<\/strong> , un s\u00c3\u00admbol poder\u00c3\u00b3s en plata de llei massissa.<\/p>\n<p>Aquest penjoll artesanal representa la forma completa del <strong>Kazakhstan<\/strong>, tallat i polit en plata de llei 925 amb vores org\u00c3\u00a0niques llises i un acabat mat. Mesura aproximadament 3 cm, \u00c3\u00a9s atrevit per\u00c3\u00b2 minimalista, una pe\u00c3\u00a7a que parla d&#8217;identitat, origen i connexi\u00c3\u00b3. <\/p>\n<h2>Susp\u00c3\u00a8s d&#8217;un cord\u00c3\u00b3 de cot\u00c3\u00b3 marr\u00c3\u00b3 fosc, disponible en 3 longituds diferents (40, 45 o 50 cm), aquest collar Kazakhstan est\u00c3\u00a0 dissenyat per adaptar-se a tots els estils, des del minimalisme proper al coll fins a una sensaci\u00c3\u00b3 m\u00c3\u00a9s fluixa i relaxada.<\/h2>\n<p>Cada pe\u00c3\u00a7a est\u00c3\u00a0 acuradament serrada, arxivada i acabada a m\u00c3\u00a0, sense motlles ni fosa, fent que cada collaret sigui realment <strong>\u00c3\u00banic<\/strong>.<\/p>\n<p>Un regal atent per a expatriats kazakhs, di\u00c3\u00a0spora, viatgers o qualsevol persona amb una hist\u00c3\u00b2ria personal lligada a aquesta vasta i bella terra.<\/p>\n<p><strong>\u00e2\u0153\u00a8 COM FER UNA COMANDA<\/strong><\/p>\n<p>Nom\u00c3\u00a9s has de seleccionar la longitud del cord\u00c3\u00b3 que prefereixis (40 cm, 45 cm o 50 cm), afegir el collaret a la cistella i completar el pagament.<\/p>\n<p>El seu collaret Kazakhstan ser\u00c3\u00a0 fet a m\u00c3\u00a0 i enviat amb cura nom\u00c3\u00a9s per a vost\u00c3\u00a8.<\/p>\n<p><strong>\u00e2\u0153\u00a8 QU\u00c3\u02c6 OBTINDR\u00c3\u20acS<\/strong><\/p>\n<p>El vostre collaret arribar\u00c3\u00a0 <strong>preparat per regalar i bellament embolicat<\/strong>, inclosa una petita sorpresa, ideal per regalar o col\u00c2\u00b7leccionar.<\/p>\n<p><strong>\u00e2\u0153\u00a8 Preguntes freq\u00c3\u00bcents<\/strong><\/p>\n<p><strong>MIDA DEL PENJOL:<\/strong> aprox. 3 cm d&#8217;ample<br \/>\n<strong>OPCIONS DE LONGITUD DEL CORD\u00c3\u201c:<\/strong> 40 cm \u00c2\u00b7 45 cm \u00c2\u00b7 50 cm<br \/>\n<strong>MATERIALS:<\/strong><br \/>\n\u00e2\u20ac\u00a2 Plata<br \/>\n de llei 925 massissa\u00e2\u20ac\u00a2 Cord\u00c3\u00b3 de cot\u00c3\u00b3 encerat &#8211; marr\u00c3\u00b3 fosc<br \/>\n<strong>ACABAR:<\/strong> Plata polida suau<br \/>\n<strong>TANCAMENT:<\/strong> tancament platejat<\/p>\n<p><strong>\u00e2\u0153\u00a8 TINGUEU EN COMPTE<\/strong><\/p>\n<p><strong>TEMPS DE PROCESSAMENT:<\/strong> 1-3 dies laborables<br \/>\n<strong>ENVIAMENT:<\/strong><br \/>\n\u00e2\u20ac\u00a2 Espanya: 24-48 hores<br \/>\n\u00e2\u20ac\u00a2 Europa i EUA: 3-5 dies (enviament expr\u00c3\u00a9s)<\/p>\n<p><strong>SEGELL 925:<\/strong><br \/>\nTots els elements de plata estan estampats 925, ja sigui al penjoll o al fermall, d&#8217;acord amb els est\u00c3\u00a0ndards internacionals de plata.<\/p>\n","protected":false},"excerpt":{"rendered":"<p>Penjoll del mapa del Kazakhstan.<\/p>\n","protected":false},"featured_media":99115,"comment_status":"open","ping_status":"closed","template":"","meta":{"_et_pb_use_builder":"","_et_pb_old_content":"","_et_gb_content_width":""},"product_brand":[],"product_cat":[1702],"product_tag":[],"class_list":{"0":"post-98331","1":"product","2":"type-product","3":"status-publish","4":"has-post-thumbnail","6":"product_cat-altres-joies-de-mapa","8":"first","9":"instock","10":"taxable","11":"shipping-taxable","12":"purchasable","13":"product-type-variable"},"exclude_global_add_ons":[],"addons":[],"jetpack_sharing_enabled":true,"_links":{"self":[{"href":"https:\/\/africandreamland.com\/ca\/wp-json\/wp\/v2\/product\/98331","targetHints":{"allow":["GET"]}}],"collection":[{"href":"https:\/\/africandreamland.com\/ca\/wp-json\/wp\/v2\/product"}],"about":[{"href":"https:\/\/africandreamland.com\/ca\/wp-json\/wp\/v2\/types\/product"}],"replies":[{"embeddable":true,"href":"https:\/\/africandreamland.com\/ca\/wp-json\/wp\/v2\/comments?post=98331"}],"wp:featuredmedia":[{"embeddable":true,"href":"https:\/\/africandreamland.com\/ca\/wp-json\/wp\/v2\/media\/99115"}],"wp:attachment":[{"href":"https:\/\/africandreamland.com\/ca\/wp-json\/wp\/v2\/media?parent=98331"}],"wp:term":[{"taxonomy":"product_brand","embeddable":true,"href":"https:\/\/africandreamland.com\/ca\/wp-json\/wp\/v2\/product_brand?post=98331"},{"taxonomy":"product_cat","embeddable":true,"href":"https:\/\/africandreamland.com\/ca\/wp-json\/wp\/v2\/product_cat?post=98331"},{"taxonomy":"product_tag","embeddable":true,"href":"https:\/\/africandreamland.com\/ca\/wp-json\/wp\/v2\/product_tag?post=98331"}],"curies":[{"name":"wp","href":"https:\/\/api.w.org\/{rel}","templated":true}]}}