{"id":98357,"date":"2020-01-06T09:50:23","date_gmt":"2020-01-06T08:50:23","guid":{"rendered":"https:\/\/africandreamland.com\/arracades-dafrica-de-banus\/"},"modified":"2020-01-06T09:50:23","modified_gmt":"2020-01-06T08:50:23","slug":"arracades-dafrica-de-banus","status":"publish","type":"product","link":"https:\/\/africandreamland.com\/ca\/arracades-dafrica-de-banus\/","title":{"rendered":"Arracades d&#8217;\u00c0frica de ban\u00fas"},"content":{"rendered":"<p class=\"p1\"><span class=\"s2\">Arracades d&#8217;\u00c0frica de ban\u00fas: petits tacs fets a m\u00e0 amb esquenes de plata de llei<\/span><\/p>\n<h2 class=\"p1\"><span class=\"s1\">Celebra l&#8217;eleg\u00e0ncia i la identitat amb les nostres <\/span><span class=\"s4\">arracades Ebony Africa<\/span><span class=\"s1\">, delicades <\/span><span class=\"s2\">tacs d&#8217;1 cm<\/span><span class=\"s1\"> amb forma de continent afric\u00e0, fetes artesanalment amb fusta de ban\u00fas rica i de tons profunds<\/span><span class=\"s2\"><span class=\"s1\">. <\/span><\/span> <\/h2>\n<p class=\"p1\"><span class=\"s1\">Muntades sobre <\/span><span class=\"s2\">pals de plata de llei 925 amb tancaments segurs<\/span><span class=\"s1\">, aquestes arracades minimalistes s\u00f3n lleugeres, significatives i atemporals. <\/span> <\/p>\n<p class=\"p1\"><span class=\"s1\">Una subtil declaraci\u00f3 d&#8217;orgull, her\u00e8ncia o connexi\u00f3 amb el continent.<\/span><\/p>\n<ul>\n<li>\n<p class=\"p1\"><span class=\"s1\">Disseny:<\/span><span class=\"s2\"> silueta del mapa d&#8217;\u00c0frica<\/span><\/p>\n<\/li>\n<li>\n<p class=\"p1\"><span class=\"s1\">Material:<\/span><span class=\"s2\"> fusta de ban\u00fas tallada a m\u00e0<\/span><\/p>\n<\/li>\n<li>\n<p class=\"p1\"><span class=\"s1\">Mida:<\/span><span class=\"s2\">  Aprox. 1 cm <\/span><\/p>\n<\/li>\n<li>\n<p class=\"p1\"><span class=\"s1\">Esquenes:<\/span><span class=\"s2\"> pals de plata de llei 925 i esquenes de papallona (empenyents enrere)<\/span><\/p>\n<\/li>\n<li>\n<p class=\"p1\"><span class=\"s1\">Acabat:<\/span><span class=\"s2\"> Textura mat llisa, gra de fusta natural visible<\/span><\/p>\n<\/li>\n<li>\n<p class=\"p1\"><span class=\"s1\">Fet a m\u00e0:<\/span><span class=\"s2\"> cada parell est\u00e0 elaborat a m\u00e0 de manera \u00fanica<\/span><\/p>\n<\/li>\n<\/ul>\n<p class=\"p1\"><span class=\"s1\">Les <\/span><span class=\"s4\">arracades d&#8217;\u00c0frica de ban\u00fas<\/span><span class=\"s1\">  s\u00f3n de mida petita per\u00f2 plens de significat. Tant si est\u00e0s honrant les teves arrels, els teus viatges o la teva connexi\u00f3 amb la cultura africana, aquests tacs s\u00f3n una expressi\u00f3 poderosa per\u00f2 subtil. El contrast de ban\u00fas fosc i plata polida els fa prou elegants per al dia a dia i ocasions especials. Lleugers, naturals i fets amb cura: s\u00f3n un regal o un record perfecte per a qualsevol persona que porti l&#8217;\u00c0frica a prop del seu cor.   <\/span><\/p>\n","protected":false},"excerpt":{"rendered":"<p>Arracades Mapa d&#8217;\u00c0frica fetes a m\u00e0 amb ban\u00fas<\/p>\n","protected":false},"featured_media":98124,"comment_status":"open","ping_status":"closed","template":"","meta":{"_et_pb_use_builder":"","_et_pb_old_content":"","_et_gb_content_width":""},"product_brand":[],"product_cat":[1769],"product_tag":[],"class_list":{"0":"post-98357","1":"product","2":"type-product","3":"status-publish","4":"has-post-thumbnail","6":"product_cat-arracades-mapa-africa","8":"first","9":"instock","10":"taxable","11":"shipping-taxable","12":"purchasable","13":"product-type-simple"},"exclude_global_add_ons":[],"addons":[],"jetpack_sharing_enabled":true,"_links":{"self":[{"href":"https:\/\/africandreamland.com\/ca\/wp-json\/wp\/v2\/product\/98357","targetHints":{"allow":["GET"]}}],"collection":[{"href":"https:\/\/africandreamland.com\/ca\/wp-json\/wp\/v2\/product"}],"about":[{"href":"https:\/\/africandreamland.com\/ca\/wp-json\/wp\/v2\/types\/product"}],"replies":[{"embeddable":true,"href":"https:\/\/africandreamland.com\/ca\/wp-json\/wp\/v2\/comments?post=98357"}],"wp:featuredmedia":[{"embeddable":true,"href":"https:\/\/africandreamland.com\/ca\/wp-json\/wp\/v2\/media\/98124"}],"wp:attachment":[{"href":"https:\/\/africandreamland.com\/ca\/wp-json\/wp\/v2\/media?parent=98357"}],"wp:term":[{"taxonomy":"product_brand","embeddable":true,"href":"https:\/\/africandreamland.com\/ca\/wp-json\/wp\/v2\/product_brand?post=98357"},{"taxonomy":"product_cat","embeddable":true,"href":"https:\/\/africandreamland.com\/ca\/wp-json\/wp\/v2\/product_cat?post=98357"},{"taxonomy":"product_tag","embeddable":true,"href":"https:\/\/africandreamland.com\/ca\/wp-json\/wp\/v2\/product_tag?post=98357"}],"curies":[{"name":"wp","href":"https:\/\/api.w.org\/{rel}","templated":true}]}}