{"id":19304,"date":"2016-05-10T03:48:21","date_gmt":"2016-05-10T01:48:21","guid":{"rendered":"https:\/\/africandreamland.com\/politica-de-privacidad\/"},"modified":"2024-02-15T08:42:03","modified_gmt":"2024-02-15T07:42:03","slug":"politica-de-privacidad","status":"publish","type":"page","link":"https:\/\/africandreamland.com\/es\/politica-de-privacidad\/","title":{"rendered":"Pol\u00edtica de privacidad"},"content":{"rendered":"<h2><strong><span class=\"notranslate\">Pol\u00edtica de privacidad y protecci\u00f3n de datos<\/span><\/strong><\/h2>\n<p><span class=\"notranslate\">Para dar cumplimiento al art\u00edculo 10 de la Ley 34\/2002 de Servicios de la Sociedad de la Informaci\u00f3n y Comercio Electr\u00f3nico, informamos a los usuarios de nuestros datos:<\/span><\/p>\n<p><span class=\"notranslate\">Denominaci\u00f3n social:<\/span> <span class=\"notranslate\">Mar Pallar\u00e9s L\u00f3pez (Joyer\u00eda Africandreamland)<\/span> <span class=\"notranslate\">Jewelry )<\/span><\/p>\n<p><span class=\"notranslate\">Domicilio social:<\/span> Apdo. de Correos 44 08242-Manresa (Barcelona)<\/p>\n<p><span class=\"notranslate\">NIF:<\/span> <span class=\"notranslate\">43727935J<\/span><\/p>\n<p><span class=\"notranslate\">Correo electr\u00f3nico:<\/span>   <span class=\"notranslate\"><br \/>\n  <a href=\"mailto:info@africandreamland.com\" target=\"_blank\" rel=\"noopener noreferrer\">info@africandreamland.com<\/a><br \/>\n<\/span><\/p>\n<p><span class=\"notranslate\">Sitio web:<\/span> <span class=\"notranslate\"><a href=\"https:\/\/africandreamland.com\/\" target=\"_blank\" rel=\"noopener noreferrer\">https:\/\/africandreamland.com<\/a><\/span><\/p>\n<p><span class=\"notranslate\">Mar Pallar\u00e9s L\u00f3pez (Africandreamland<\/span> <span class=\"notranslate\">Joyer\u00eda, como responsable de este Sitio Web y de conformidad con lo dispuesto en la legislaci\u00f3n vigente en materia de protecci\u00f3n de datos de car\u00e1cter personal, Reglamento (UE) 2016\/679 de 27 de abril de 2016 (RGPD) sobre la protecci\u00f3n de las personas f\u00edsicas en lo que respecta al tratamiento de datos personales y a la libre circulaci\u00f3n de estos datos, Ley Org\u00e1nica 15\/1999, de 13 de diciembre, protecci\u00f3n de datos de car\u00e1cter personal (LOPD) y por Ley 34\/2002, de 11 de julio, de Servicios de la Sociedad de la Informaci\u00f3n y Comercio Electr\u00f3nico (LSSICE), ha implementado todas las medidas de seguridad, t\u00e9cnicas y organizativas, establecidas en el Real Decreto 1720\/2007 de 21 de diciembre (que desarrolla la LOPD) para garantizar y proteger la confidencialidad, integridad y disponibilidad de los datos introducidos.<\/span><\/p>\n<p><span class=\"notranslate\">A los efectos de lo dispuesto en la LOPD, Mar Pallar\u00e9s L\u00f3pez (Africandreamland<\/span> <span class=\"notranslate\">Jewelry<\/span>le informa que los datos<span class=\"notranslate\">que voluntariamente nos sean facilitados ser\u00e1n incorporados a nuestros sistemas de informaci\u00f3n con el fin de llevar a cabo los procedimientos comerciales y administrativos necesarios con los usuarios del sitio web.<\/span>   <\/p>\n<p><span class=\"notranslate\">Las operaciones previstas para llevar a cabo los tratamientos son las siguientes:<\/span><\/p>\n<ul type=\"disc\">\n<li><span class=\"notranslate\">Responder a consultas y\/o proporcionar la informaci\u00f3n requerida por el Usuario.<\/span><\/li>\n<li><span class=\"notranslate\">Realizar la prestaci\u00f3n de servicios y\/o productos contratados o suscritos por el Usuario.<\/span><\/li>\n<li><span class=\"notranslate\">Llevar a cabo todas aquellas actividades de Mar Pallar\u00e9s L\u00f3pez (Africandreamland<\/span> <span class=\"notranslate\">Jewelry)<\/span>   <span class=\"notranslate\">para este aviso legal revisado y enviar el bolet\u00edn informativo del sitio web.<\/span><\/li>\n<\/ul>\n<p><span class=\"notranslate\">El Usuario garantiza la exactitud de la informaci\u00f3n facilitada y se compromete a comunicar cualquier cambio que se produzca en los pa\u00edses de la mismas.<\/span><\/p>\n<p><span class=\"notranslate\">Mar Pallar\u00e9s L\u00f3pez (Africandreamland<\/span> <span class=\"notranslate\">Joyer\u00eda con asterisco (*) en las casillas correspondientes del formulario de contacto, informa de esta obligaci\u00f3n al Usuario, indicando qu\u00e9 datos son necesarios.<\/span> <span class=\"notranslate\">Al indicar e introducir los datos, el Usuario concede el consentimiento inequ\u00edvoco a Mar Pallar\u00e9s L\u00f3pez (Africandreamland<\/span> <span class=\"notranslate\">Joyer\u00eda<\/span> <span class=\"notranslate\">para proceder al tratamiento de los datos facilitados para los fines mencionados.<\/span><\/p>\n<p><span class=\"notranslate\">El hecho de no facilitar los datos personales solicitados o no aceptar esta pol\u00edtica de protecci\u00f3n de datos significa que es imposible suscribirse, registrarse o recibir informaci\u00f3n sobre los productos de Mar Pallar\u00e9s L\u00f3pez (Africandreamland<\/span> <span class=\"notranslate\">Jewelry.<\/span><\/p>\n<p><span class=\"notranslate\">De acuerdo con la normativa vigente en materia de protecci\u00f3n de datos personales, Mar Pallar\u00e9s L\u00f3pez (Africandreamland<\/span> <span class=\"notranslate\">Jewelry ) est\u00e1 cumpliendo con todas las disposiciones de la normativa RGPD y LOPD para el tratamiento de los datos personales de su responsabilidad, y manifiestamente con los principios descritos en el art.<\/span> <span class=\"notranslate\">5 del RGPD y al arte.<\/span> <span class=\"notranslate\">4 de la LOPD, mediante la cual son tratados de manera l\u00edcita, leal y transparente en relaci\u00f3n con el interesado y adecuados, pertinentes y limitados a lo necesario en relaci\u00f3n con los fines para los que son tratados.<\/span><\/p>\n<p><span class=\"notranslate\">Mar Pallar\u00e9s L\u00f3pez (Africandreamland<\/span> <span class=\"notranslate\">Jewelry)<\/span> <span class=\"notranslate\">garantiza que ha implementado pol\u00edticas t\u00e9cnicas y organizativas adecuadas para aplicar las medidas de seguridad establecidas por el RGPD y la LOPD para proteger los derechos y libertades de los Usuarios.<\/span><\/p>\n<p><span class=\"notranslate\">De acuerdo con esta normativa, le informamos que tiene derecho a solicitar el acceso, rectificaci\u00f3n, portabilidad y supresi\u00f3n de sus datos y la limitaci\u00f3n y oposici\u00f3n a su tratamiento mediante el env\u00edo de un correo electr\u00f3nico a<\/span>   <span class=\"notranslate\">info@africandreamland.com<\/span><span class=\"notranslate\">indicando como Sujeto: &#8220;LOPD, Derechos ARCO&#8221;, y adjuntando una fotocopia de su DNI o cualquier medio similar en la ley, seg\u00fan lo indicado por la ley.<\/span><\/p>\n<p><span class=\"notranslate\">Usted tiene derecho a retirar el consentimiento otorgado en cualquier momento.<\/span> <span class=\"notranslate\">La retirada del consentimiento no afectar\u00e1 a la legalidad del tratamiento realizado antes de la retirada del consentimiento.<\/span> <span class=\"notranslate\">Tambi\u00e9n tiene derecho a presentar una reclamaci\u00f3n ante la autoridad de control si cree que sus derechos pueden haber sido violados en relaci\u00f3n con la protecci\u00f3n de sus datos (agpd.es).<\/span><\/p>\n<h2><span class=\"notranslate\">Confidencialidad y transferencia de datos a terceros<\/span><\/h2>\n<p><span class=\"notranslate\">La informaci\u00f3n que proporcione ser\u00e1 tratada confidencialmente.<\/span> <span class=\"notranslate\">Mar Pallar\u00e9s L\u00f3pez (Africandreamland<\/span> <span class=\"notranslate\">Joyer\u00eda )<\/span> <span class=\"notranslate\">ha adoptado todas las medidas t\u00e9cnicas y organizativas y todos los niveles de protecci\u00f3n necesarios para garantizar la seguridad en el tratamiento de los datos y evitar su alteraci\u00f3n, p\u00e9rdida, robo, tratamiento o acceso no autorizado, seg\u00fan el estado de la tecnolog\u00eda y la naturaleza de los datos almacenados.<\/span><\/p>\n<p><span class=\"notranslate\">Asimismo, tambi\u00e9n se garantiza que el tratamiento y registro en ficheros, programas, sistemas o equipos, locales y centros cumplen con los requisitos y condiciones de integridad y seguridad establecidos en la normativa vigente.<\/span><\/p>\n<p><span class=\"notranslate\">Mar Pallar\u00e9s L\u00f3pez (Africandreamland<\/span> <span class=\"notranslate\">Jewelry)<\/span> <span class=\"notranslate\">no ceder\u00e1 datos personales a terceros, salvo obligaci\u00f3n legal.<\/span> <span class=\"notranslate\">However, in the case of being transferred to a third party, prior information would be obtained requesting the express consent for such assignment.<\/span><\/p>\n<p><span class=\"notranslate\">La entidad responsable de la base de datos, as\u00ed como las que intervienen en cualquier fase del tratamiento y\/o las entidades a las que han sido notificadas -en todo caso siempre con la correspondiente autorizaci\u00f3n otorgada por el usuario-, est\u00e1n obligados a observar el secreto profesional y la adopci\u00f3n de los niveles de protecci\u00f3n y las medidas t\u00e9cnicas y organizativas necesarias para garantizar la seguridad de los datos personales, evitando, en la medida de lo posible, el acceso no autorizado, las modificaciones ilegales, las restas y\/o la p\u00e9rdida de datos, con el fin de garantizar el correspondiente nivel de seguridad de los ficheros de Mar Pallar&#8217;s L\u00f3pez (Africandreamlandland<\/span> <span class=\"notranslate\">Joyer\u00eda ) , de acuerdo con la naturaleza y sensibilidad de los datos facilitados por los usuarios de este Sitio Web.<\/span><\/p>\n<h2><span class=\"notranslate\">Aceptaci\u00f3n y consentimiento<\/span><\/h2>\n<p><span class=\"notranslate\">El Usuario declara haber sido informado de las condiciones de protecci\u00f3n de datos de car\u00e1cter personal, aceptando y consintando el tratamiento automatizado de los mismos por parte de Mar Pallar\u00e9s L\u00f3pez (Africandreamland<\/span> <span class=\"notranslate\">Jewelry)<\/span>   <span class=\"notranslate\">en la forma y para los fines indicados en esta Pol\u00edtica de Protecci\u00f3n de Datos de Car\u00e1cter Personal.<\/span><\/p>\n<p><span class=\"notranslate\">A trav\u00e9s de esta Pol\u00edtica de Privacidad le informamos que las fotograf\u00edas que se publican en la web son propiedad de Mar Pallar\u00e9s L\u00f3pez (Africandreamland<\/span> <span class=\"notranslate\">Joyas ) , incluidas las de menores, en las que, para obtenerlas, se ha obtenido el consentimiento previo de los padres, tutores o representantes legales mediante la firma de los formularios realizados a tal efecto por los centros en los que forman parte los menores en los que se encuentran<\/span><\/p>\n<p><span class=\"notranslate\">No obstante, los padres, tutores o representantes de los menores, como titulares del ejercicio de los derechos de los presentes, y siempre previo requisito formal por escrito, podr\u00e1n indicar la negativa a utilizar la imagen del menor;<\/span> <span class=\"notranslate\">en este caso, la imagen se mostrar\u00e1 pixilada.<\/span><\/p>\n<h2><span class=\"notranslate\">Precisi\u00f3n y precisi\u00f3n de los datos<\/span><\/h2>\n<p><span class=\"notranslate\">El usuario es el \u00fanico responsable de la veracidad y correcci\u00f3n de los datos enviados a Mar Pallar\u00e9s L\u00f3pez (Africandreamland<\/span> <span class=\"notranslate\">Joyer\u00eda ) , exonerando<\/span>   <span class=\"notranslate\">Mar Pallar\u00e9s L\u00f3pez (Africandreamland<\/span> <span class=\"notranslate\">Joyer\u00eda )<\/span> <span class=\"notranslate\">de cualquier responsabilidad de respeto.<\/span> <span class=\"notranslate\">Los usuarios garantizan y responden, en cualquier caso, de la exactitud, validez y autenticidad de los datos personales facilitados, y se comprometen a mantenerlos debidamente actualizados.<\/span> <span class=\"notranslate\">El Usuario se compromete a proporcionar informaci\u00f3n completa y correcta en el formulario de registro o suscripci\u00f3n.<\/span><\/p>\n<h2><span class=\"notranslate\">Contenido web y enlaces (enlaces)<\/span><\/h2>\n<p><span class=\"notranslate\">Mar Pallar\u00e9s L\u00f3pez (Africandreamland<\/span> <span class=\"notranslate\">Jewelry)<\/span> <span class=\"notranslate\">se reserva el derecho de actualizar, modificar o eliminar la informaci\u00f3n contenida en la web, e incluso puede limitar o no permitir el acceso a la informaci\u00f3n.<\/span><\/p>\n<p><span class=\"notranslate\">Mar Pallar\u00e9s L\u00f3pez (Africandreamland<\/span> <span class=\"notranslate\">Jewelry)<\/span> <span class=\"notranslate\">no asume ning\u00fan tipo de responsabilidad por la informaci\u00f3n contenida en los sitios web de terceros a los que se pueda acceder a trav\u00e9s de los &#8220;enlaces&#8221; o enlaces desde cualquier p\u00e1gina de este sitio web.<\/span><\/p>\n<p><span class=\"notranslate\">La presencia de &#8220;enlaces&#8221; o enlaces son s\u00f3lo con fines informativos y en ning\u00fan caso implica ninguna sugerencia, invitaci\u00f3n o reconocimiento sobre ellos.<\/span><\/p>\n<h2><span class=\"notranslate\">Publicaci\u00f3n de testimonios<\/span><\/h2>\n<p><span class=\"notranslate\">En el caso de que el usuario quiera publicar su opini\u00f3n en la web, le informamos que la informaci\u00f3n facilitada ser\u00e1 tratada para abordar las sugerencias, experiencias u opiniones propuestas sobre los productos y\/o servicios a publicar en el sitio web y as\u00ed poder ayudar a otros usuarios.<\/span><\/p>\n<p><span class=\"notranslate\">Los datos se conservar\u00e1n mientras exista un inter\u00e9s mutuo para mantener el final del tratamiento y cuando ya no sea necesario para este fin, se suprimir\u00e1n con las medidas de seguridad adecuadas para garantizar la seudonizaci\u00f3n de los datos o la destrucci\u00f3n total de los datos.<\/span> <span class=\"notranslate\">Los testimonios se publicar\u00e1n en nuestro sitio web.<\/span> <span class=\"notranslate\">Los \u00fanicos datos personales que se publicar\u00e1n del testigo ser\u00e1n su nombre.<\/span><\/p>\n<h2><span class=\"notranslate\">Cambios en esta Pol\u00edtica de Privacidad<\/span><\/h2>\n<p><span class=\"notranslate\">Mar Pallar\u00e9s L\u00f3pez (Africandreamland<\/span> <span class=\"notranslate\">Jewelry)<\/span> <span class=\"notranslate\">se reserva el derecho de modificar esta pol\u00edtica para adaptarla a la nueva legislaci\u00f3n o jurisprudencia.<\/span><\/p>\n<h2><span class=\"notranslate\">Oficina de Correos Comerciales<\/span><\/h2>\n<p><span class=\"notranslate\">Seg\u00fan la LSSICE, Mar Pallar\u00e9s L\u00f3pez (Africandreamland<\/span> <span class=\"notranslate\">Jewelry)<\/span>   <span class=\"notranslate\">no realiza pr\u00e1cticas de SPAM, por lo tanto, no env\u00eda correos electr\u00f3nicos comerciales que no hayan sido previamente solicitados o autorizados por el Usuario.<\/span><\/p>\n<p><span class=\"notranslate\">En consecuencia, en cada una de las formas de la P\u00e1gina Web, el Usuario tiene la posibilidad de dar su consentimiento expreso para recibir nuestro Bolet\u00edn, independientemente de la informaci\u00f3n comercial solicitada puntualmente.<\/span><\/p>\n<h2>Stripe<\/h2>\n<p>Utilizamos Stripe para pagos, an\u00e1lisis y otros servicios empresariales. Stripe recopila informaci\u00f3n de identificaci\u00f3n sobre los dispositivos que se conectan a sus servicios. Stripe utiliza esta informaci\u00f3n para operar y mejorar los servicios que nos proporciona, incluida la detecci\u00f3n de fraudes. Puede obtener m\u00e1s informaci\u00f3n sobre Stripe y leer su pol\u00edtica de privacidad en https:\/\/stripe.com\/privacy.<\/p>\n<h2><span class=\"notranslate\">Legislaci\u00f3n<\/span><\/h2>\n<p><span class=\"notranslate\">Para todos los efectos, las relaciones entre Mar Pallar\u00e9s L\u00f3pez (Africandreamland<\/span> <span class=\"notranslate\">Joyer\u00eda )<\/span>   <span class=\"notranslate\">con los Usuarios, est\u00e1n sujetos a la legislaci\u00f3n y jurisdicci\u00f3n espa\u00f1ola a la que se someten expresamente las partes, siendo competentes para la resoluci\u00f3n de todos los conflictos que surjan o est\u00e9n relacionados con su uso por los Juzgados y Tribunales de Barcelona (Espa\u00f1a).<\/span>[\/vc_column_text][\/vc_column][\/vc_row]<\/p>\n","protected":false},"excerpt":{"rendered":"<p>Pol\u00edtica de privacidad y protecci\u00f3n de datos Para dar cumplimiento al art\u00edculo 10 de la Ley 34\/2002 de Servicios de la Sociedad de la Informaci\u00f3n y Comercio Electr\u00f3nico, informamos a los usuarios de nuestros datos: Denominaci\u00f3n social: Mar Pallar\u00e9s L\u00f3pez (Joyer\u00eda Africandreamland) Jewelry ) Domicilio social: Apdo. de Correos 44 08242-Manresa (Barcelona) NIF: 43727935J Correo [&hellip;]<\/p>\n","protected":false},"author":1,"featured_media":0,"parent":0,"menu_order":0,"comment_status":"closed","ping_status":"closed","template":"","meta":{"_et_pb_use_builder":"","_et_pb_old_content":"","_et_gb_content_width":"","footnotes":""},"class_list":["post-19304","page","type-page","status-publish","hentry"],"jetpack_sharing_enabled":true,"_links":{"self":[{"href":"https:\/\/africandreamland.com\/es\/wp-json\/wp\/v2\/pages\/19304","targetHints":{"allow":["GET"]}}],"collection":[{"href":"https:\/\/africandreamland.com\/es\/wp-json\/wp\/v2\/pages"}],"about":[{"href":"https:\/\/africandreamland.com\/es\/wp-json\/wp\/v2\/types\/page"}],"author":[{"embeddable":true,"href":"https:\/\/africandreamland.com\/es\/wp-json\/wp\/v2\/users\/1"}],"replies":[{"embeddable":true,"href":"https:\/\/africandreamland.com\/es\/wp-json\/wp\/v2\/comments?post=19304"}],"version-history":[{"count":0,"href":"https:\/\/africandreamland.com\/es\/wp-json\/wp\/v2\/pages\/19304\/revisions"}],"wp:attachment":[{"href":"https:\/\/africandreamland.com\/es\/wp-json\/wp\/v2\/media?parent=19304"}],"curies":[{"name":"wp","href":"https:\/\/api.w.org\/{rel}","templated":true}]}}