{"id":19336,"date":"2017-02-17T01:18:45","date_gmt":"2017-02-17T00:18:45","guid":{"rendered":"https:\/\/africandreamland.com\/politica-de-cookies\/"},"modified":"2022-03-29T18:41:06","modified_gmt":"2022-03-29T16:41:06","slug":"politica-de-cookies","status":"publish","type":"page","link":"https:\/\/africandreamland.com\/es\/politica-de-cookies\/","title":{"rendered":"pol\u00edtica de cookies"},"content":{"rendered":"<h2><strong><span class=\"notranslate\">Pol\u00edtica de cookies<\/span><\/strong><\/h2>\n<p><span class=\"notranslate\">De conformidad con la normativa espa\u00f1ola que regula el uso de cookies en relaci\u00f3n con la prestaci\u00f3n de servicios de comunicaciones electr\u00f3nicas, establecida en el Real Decreto Ley 13\/2012, de 30 de marzo, le informamos sobre las cookies utilizadas en el sitio web de Mar Pallar\u00e9s L\u00f3pez (Africandreamland<\/span> <span class=\"notranslate\">Joyer\u00eda )<\/span>   <span class=\"notranslate\">y la raz\u00f3n de su uso.<\/span> <span class=\"notranslate\">Asimismo, le informa que al navegar por el Sitio Web, el Usuario est\u00e1 dando su consentimiento para utilizarlo.<\/span><\/p>\n<h2><span class=\"notranslate\">\u00bfQu\u00e9 son las cookies?<\/span><\/h2>\n<p><span class=\"notranslate\">Una cookie es un archivo que se descarga en su ordenador cuando accede a determinadas p\u00e1ginas web.<\/span> <span class=\"notranslate\">Las cookies permiten a una p\u00e1gina web, entre otras cosas, almacenar y recuperar informaci\u00f3n sobre los h\u00e1bitos de navegaci\u00f3n de un usuario o de su equipo y, dependiendo de la informaci\u00f3n que contengan y de la forma en que utilicen su equipo, pueden utilizarse para reconocer al usuario.<\/span><\/p>\n<p><span class=\"notranslate\">Las cookies solo se asocian con un usuario an\u00f3nimo y su ordenador o dispositivo y no proporcionan referencias que permitan conocer sus datos personales.<\/span><\/p>\n<h2><span class=\"notranslate\">Cookies afectadas por el Reglamento y Cookies Exentas<\/span><\/h2>\n<p><span class=\"notranslate\">De acuerdo con la directiva de la UE, las cookies que requieren el consentimiento informado por parte del Usuario son cookies anal\u00edticas y cookies de publicidad y afiliaci\u00f3n, excepto las de car\u00e1cter t\u00e9cnico y las necesarias para el funcionamiento del sitio web o el suministro de cookies. servicios expresamente solicitados por el usuario.<\/span><\/p>\n<h2><span class=\"notranslate\">Tipos de cookies<\/span><\/h2>\n<ol type=\"1\">\n<li><span class=\"notranslate\">a) Seg\u00fan la entidad que las gestiona, existen Cookies propias (aquellas que se env\u00edan al equipo terminal del usuario desde un ordenador o dominio gestionado por el propio editor y desde el que se presta el servicio solicitado por el usuario) y de terceros (los que se env\u00edan al equipo terminal del usuario desde un ordenador o dominio que no es gestionado por el editor , pero por otra entidad que trata los datos obtenidos a trav\u00e9s de las cookies).<\/span><\/li>\n<li><span class=\"notranslate\">b) Dependiendo del tiempo que permanezcan activos, est\u00e1n las sesiones (dise\u00f1adas para recopilar y almacenar datos mientras el usuario accede a una p\u00e1gina web) y las persistentes (en las que los datos se almacenan en el terminal y se puede acceder y procesar durante un per\u00edodo definido por el responsable de la cookie &#8211; puede pasar de unos minutos a varios a\u00f1os-).<\/span><\/li>\n<\/ol>\n<p><span class=\"notranslate\">) Dependiendo de la finalidad para la que traten la informaci\u00f3n que recopilen, pueden ser:<\/span><\/p>\n<p><span class=\"notranslate\">&#8211; Cookies t\u00e9cnicas (necesarias para el uso del sitio web y la prestaci\u00f3n del servicio contratado),<\/span><\/p>\n<p><span class=\"notranslate\">&#8211; Cookies de personalizaci\u00f3n (que permiten al usuario acceder al servicio con caracter\u00edsticas predefinidas, como idioma, tipo de navegador, configuraci\u00f3n regional, etc.)<\/span><\/p>\n<p><span class=\"notranslate\">&#8211; Cookies de an\u00e1lisis (recopilan informaci\u00f3n sobre el uso que se hace del sitio web),<\/span><\/p>\n<p><span class=\"notranslate\">&#8211; Cookies publicitarias (recopilan informaci\u00f3n sobre preferencias y opciones personales de los usuarios),<\/span><\/p>\n<p><span class=\"notranslate\">&#8211; Cookies de afiliados (le permiten realizar un seguimiento de las visitas de otros sitios web, con los que el sitio web establece un contrato de afiliaci\u00f3n).<\/span><\/p>\n<h2><span class=\"notranslate\">Tipos de cookies utilizadas por este sitio web<\/span><\/h2>\n<p><span class=\"notranslate\">Las cookies utilizadas en nuestro sitio web son cookies de sesi\u00f3n y de terceros, y nos permiten almacenar y acceder a informaci\u00f3n relacionada con el idioma, el tipo de navegador utilizado y otras caracter\u00edsticas generales predefinidas por el usuario, as\u00ed como realizar un seguimiento y an\u00e1lisis de la actividad realizada para mejorar y prestar nuestros servicios de una manera m\u00e1s eficiente y personalizada.<\/span><\/p>\n<p><span class=\"notranslate\">Las cookies utilizadas tienen, en todo caso, car\u00e1cter temporal, con la \u00fanica finalidad de hacer m\u00e1s eficiente la navegaci\u00f3n.<\/span> <span class=\"notranslate\">En ning\u00fan caso estas cookies proporcionan por s\u00ed mismas datos personales y no se utilizan para la recopilaci\u00f3n de los mismos.<\/span><\/p>\n<p><span class=\"notranslate\">El uso de cookies ofrece ventajas, tales como:<\/span><\/p>\n<p><span class=\"notranslate\">&#8211; facilita la navegaci\u00f3n del usuario y el acceso a los diferentes servicios que ofrece este sitio web;<\/span><\/p>\n<p><span class=\"notranslate\">&#8211; evita que el usuario tenga que configurar las caracter\u00edsticas generales predefinidas cada vez que acceda al sitio web;<\/span> <span class=\"notranslate\">Y<\/span><\/p>\n<p><span class=\"notranslate\">&#8211; favorece la mejora del funcionamiento y de los servicios prestados a trav\u00e9s de este sitio web, tras el correspondiente an\u00e1lisis de la informaci\u00f3n obtenida a trav\u00e9s de las cookies instaladas.<\/span><\/p>\n<p><span class=\"notranslate\">Al acceder a nuestro sitio web se le informa de que si contin\u00faa navegando, se le instalar\u00e1n varias cookies de terceros, permitiendo as\u00ed la instalaci\u00f3n de determinadas cookies que tendr\u00e1n la \u00fanica finalidad de registrar el acceso a nuestro sitio web para la realizaci\u00f3n de estad\u00edsticas an\u00f3nimas sobre visitas, siempre recopilando informaci\u00f3n de forma an\u00f3nima.<\/span> <span class=\"notranslate\">No es necesario aceptar la instalaci\u00f3n de estas cookies, tambi\u00e9n puede navegar a trav\u00e9s de nuestro sitio web.<\/span><\/p>\n<p><span class=\"notranslate\">En varias secciones de nuestro sitio web puede instalar cookies de redes sociales, espec\u00edficamente las siguientes:<\/span><\/p>\n<ul type=\"disc\">\n<li><span class=\"notranslate\">Cookies de Facebook, de acuerdo con las disposiciones de su pol\u00edtica de cookies.<\/span><\/li>\n<li><span class=\"notranslate\">Cookies de Google+ y Google Maps, seg\u00fan lo que haya en su p\u00e1gina sobre qu\u00e9 tipo de cookies utilizan.<\/span><\/li>\n<\/ul>\n<h2><\/h2>\n<h2><\/h2>\n<h2><span class=\"notranslate\">Revocaci\u00f3n<\/span><\/h2>\n<p><span class=\"notranslate\">En todo momento puede acceder a la configuraci\u00f3n de su navegador aceptando o rechazando todas las cookies, o seleccionar aquellas cuya instalaci\u00f3n admita y que no, siguiendo uno de los siguientes procedimientos, que depende del navegador que utilice:<\/span><\/p>\n<p><span class=\"notranslate\">Google Chrome (en el men\u00fa Herramientas):<\/span><\/p>\n<p><span class=\"notranslate\">Configuraci\u00f3n &gt; Mostrar opciones avanzadas Privacidad &gt; (Configuraci\u00f3n de contenido) &gt; Cookies: <a href=\"https:\/\/support.google.com\/chrome\/answer\/95647%3Fco%3DGENIE.Platform%253DDesktopandhl%3Des\" target=\"_blank\" rel=\"noopener noreferrer nofollow\">https:\/\/support.google.com\/chrome\/answer\/95647?co=GENIE.Platform%3DDesktopandhl=en<\/a><\/span><\/p>\n<p><span class=\"notranslate\">Microsoft Internet Explorer (en el men\u00fa Herramientas):<\/span><\/p>\n<p><span class=\"notranslate\">Opciones de Internet &gt; Privacidad &gt; Avanzada: <a href=\"https:\/\/support.microsoft.com\/es-es\/help\/17442\/windows-internet-explorer-delete-manage-cookies\" target=\"_blank\" rel=\"noopener noreferrer nofollow\">https:\/\/support.microsoft.com\/es-es\/help\/17442\/windows-internet-explorer-delete-manage-cookies<\/a><\/span><\/p>\n<p><span class=\"notranslate\">Firefox:<\/span><\/p>\n<p><span class=\"notranslate\">Opciones &gt; &gt; Cookies de privacidad: <a href=\"https:\/\/support.mozilla.org\/es\/kb\/habilitar-y-deshabilitar-cookies-sitios-web-rastrear-preferencias\" target=\"_blank\" rel=\"noopener noreferrer nofollow\">https:\/\/support.mozilla.org\/es\/kb\/habilitar-y-deshabilitar-cookies-sitios-web-rastrear-preferencias<\/a><\/span><\/p>\n<p><span class=\"notranslate\">Safari, iPad y iPhone:<\/span><\/p>\n<p><span class=\"notranslate\">&gt;Preferencias Privacidad: <a href=\"https:\/\/support.apple.com\/kb\/ph21411%3Flocale%3Des_ES\" target=\"_blank\" rel=\"noopener noreferrer nofollow\">https:\/\/support.apple.com\/kb\/ph21411?locale=en_US<\/a><\/span><\/p>\n<p><span class=\"notranslate\">\u00d3pera:<\/span><\/p>\n<p><span class=\"notranslate\">Opciones de Configuraci\u00f3n &gt; &gt; Cookies &gt; avanzadas: <a href=\"http:\/\/help.opera.com\/Windows\/12.00\/es-ES\/cookies.html\" target=\"_blank\" rel=\"noopener noreferrer nofollow\">http:\/\/help.opera.com\/Windows\/12.00\/es-ES\/cookies.html<\/a><\/span><\/p>\n<p><span class=\"notranslate\">Estos navegadores est\u00e1n sujetos a actualizaciones o modificaciones, por lo que no podemos garantizar que cumplan plenamente con la versi\u00f3n de su navegador.<\/span><\/p>\n<p><span class=\"notranslate\">Tambi\u00e9n puede ser que utilice otro navegador no incluido en estos enlaces como Konqueror, Arora, Flock, etc.<\/span> <span class=\"notranslate\">Para evitar estas discrepancias, puede acceder directamente desde las opciones de su navegador, normalmente en el men\u00fa &#8220;Opciones&#8221; en la secci\u00f3n &#8220;Privacidad&#8221;.<\/span> <span class=\"notranslate\">(Consulte la ayuda de su navegador para obtener m\u00e1s informaci\u00f3n).<\/span><\/p>\n<p><span class=\"notranslate\">Desactivaci\u00f3n \/ Activaci\u00f3n y Eliminaci\u00f3n de Cookies<\/span><\/p>\n<p>Para restringir o bloquear las cookies, se realiza a trav\u00e9s de la configuraci\u00f3n del navegador.<\/p>\n<p>Si no desea que los sitios web coloquen cookies en su ordenador, puede adaptar la configuraci\u00f3n de su navegador para que se le notifique antes de colocar las cookies.<\/p>\n<p>Del mismo modo, puede adaptar la configuraci\u00f3n para que el navegador rechace todas las cookies, o solo las cookies de terceros. Tambi\u00e9n puede eliminar cualquiera de las cookies que ya est\u00e1n en el ordenador. Ten en cuenta que tendr\u00e1s que adaptar la configuraci\u00f3n de cada navegador y equipo que utilices por separado.<\/p>\n<p>Tenga en cuenta que, si no desea recibir cookies, ya no podemos garantizar que nuestro sitio web funcione correctamente. Algunas caracter\u00edsticas del sitio pueden perderse y es posible que ya no pueda ver ciertos sitios web. Adem\u00e1s, rechazar las cookies no significa que no vaya a ver anuncios. Simplemente los anuncios no se ajustar\u00e1n a sus intereses y se repetir\u00e1n con m\u00e1s frecuencia.<\/p>\n<p>Cada navegador tiene un m\u00e9todo diferente para adaptar la configuraci\u00f3n. Si es necesario, consulte la funci\u00f3n de ayuda del navegador para establecer la configuraci\u00f3n correcta.<\/p>\n<p>Para desactivar las cookies en su tel\u00e9fono m\u00f3vil, consulte el manual del dispositivo para obtener m\u00e1s informaci\u00f3n.<\/p>\n<p>Puede obtener m\u00e1s informaci\u00f3n sobre las cookies en Internet, <a href=\"http:\/\/www.aboutcookies.org\/\" target=\"_blank\" rel=\"noopener noreferrer nofollow\">http:\/\/www.aboutcookies.org\/<\/a><\/p>\n<p>Teniendo en cuenta la forma en que funcionan Internet y los sitios web, no siempre tenemos informaci\u00f3n sobre las cookies colocadas por terceros a trav\u00e9s de nuestro sitio web. Esto se aplica especialmente a los casos en los que nuestro sitio web contiene lo que se denominan elementos integrados: textos, documentos, im\u00e1genes o cortometrajes que se almacenan en otro lugar, pero que se muestran en nuestro sitio web o a trav\u00e9s de \u00e9l.<\/p>\n<p>Por lo tanto, si encuentra este tipo de cookies en este sitio web y no aparece en la lista anterior, por favor inf\u00f3rmenos. O p\u00f3ngase en contacto directamente con el tercero para solicitar informaci\u00f3n sobre las cookies que realiza, el prop\u00f3sito y la duraci\u00f3n de la cookie, y c\u00f3mo se ha garantizado su privacidad.<\/p>\n","protected":false},"excerpt":{"rendered":"<p>Pol\u00edtica de cookies De conformidad con la normativa espa\u00f1ola que regula el uso de cookies en relaci\u00f3n con la prestaci\u00f3n de servicios de comunicaciones electr\u00f3nicas, establecida en el Real Decreto Ley 13\/2012, de 30 de marzo, le informamos sobre las cookies utilizadas en el sitio web de Mar Pallar\u00e9s L\u00f3pez (Africandreamland Joyer\u00eda ) y la [&hellip;]<\/p>\n","protected":false},"author":1,"featured_media":0,"parent":0,"menu_order":0,"comment_status":"closed","ping_status":"closed","template":"","meta":{"_et_pb_use_builder":"","_et_pb_old_content":"","_et_gb_content_width":"","footnotes":""},"class_list":["post-19336","page","type-page","status-publish","hentry"],"jetpack_sharing_enabled":true,"_links":{"self":[{"href":"https:\/\/africandreamland.com\/es\/wp-json\/wp\/v2\/pages\/19336","targetHints":{"allow":["GET"]}}],"collection":[{"href":"https:\/\/africandreamland.com\/es\/wp-json\/wp\/v2\/pages"}],"about":[{"href":"https:\/\/africandreamland.com\/es\/wp-json\/wp\/v2\/types\/page"}],"author":[{"embeddable":true,"href":"https:\/\/africandreamland.com\/es\/wp-json\/wp\/v2\/users\/1"}],"replies":[{"embeddable":true,"href":"https:\/\/africandreamland.com\/es\/wp-json\/wp\/v2\/comments?post=19336"}],"version-history":[{"count":0,"href":"https:\/\/africandreamland.com\/es\/wp-json\/wp\/v2\/pages\/19336\/revisions"}],"wp:attachment":[{"href":"https:\/\/africandreamland.com\/es\/wp-json\/wp\/v2\/media?parent=19336"}],"curies":[{"name":"wp","href":"https:\/\/api.w.org\/{rel}","templated":true}]}}