{"id":19413,"date":"2017-03-20T07:17:22","date_gmt":"2017-03-20T06:17:22","guid":{"rendered":"https:\/\/africandreamland.com\/preguntas-frecuentes\/"},"modified":"2022-03-29T19:21:59","modified_gmt":"2022-03-29T17:21:59","slug":"preguntas-frecuentes","status":"publish","type":"page","link":"https:\/\/africandreamland.com\/es\/preguntas-frecuentes\/","title":{"rendered":"Preguntas frecuentes"},"content":{"rendered":"<p>[et_pb_section fb_built=&#8221;1&#8243; _builder_version=&#8221;3.22&#8243;][et_pb_row _builder_version=&#8221;4.3.2&#8243;][et_pb_column type=&#8221;4_4&#8243; _builder_version=&#8221;4.3.2&#8243;][et_pb_accordion icon_color=&#8221;#ecd5c5&#8243; _builder_version=&#8221;4.3.2&#8243;][et_pb_accordion_item title=&#8221;\u00bfC\u00f3mo puedo pedir personalizar una joya?&#8221; open=&#8221;on&#8221; _builder_version=&#8221;4.3.2&#8243;]<\/p>\n<p>Puedes contactarme para un pedido especial. Pero si necesitas cambiar la ubicaci\u00f3n del coraz\u00f3n, escribir un grabado en la parte de atr\u00e1s, u otro largo que no est\u00e9 en las opciones, puede escribir tus preferencias en las NOTAS DE PEDIDO, en los Detalles de Facturaci\u00f3n, y lo har\u00e9 sin cargo.<\/p>\n<p>[\/et_pb_accordion_item][et_pb_accordion_item title=&#8221;Quiero otro mapa pero del mismo tama\u00f1o y joya.&#8221; _builder_version=&#8221;4.3.2&#8243; open=&#8221;off&#8221;]<\/p>\n<p>\u00a1\u00a1No hay problema!! Es muy f\u00e1cil. Puedes escribir el nombre del pa\u00eds que quieras en el recuadro NOTAS DE PEDIDO, en el detalle de Facturaci\u00f3n, y yo har\u00e9 una joya personalizada: la misma joya que compras pero con el mapa que necesitas.<\/p>\n<p>Tambi\u00e9n puedes elegir la ubicaci\u00f3n del coraz\u00f3n, el acabado y el grabado &#8230; todo sin cargo. Solo por el mismo precio de la joya que elijas.<\/p>\n<p>[\/et_pb_accordion_item][et_pb_accordion_item title=&#8221;\u00bfCu\u00e1les son los tama\u00f1os de las joyas?&#8221; _builder_version=&#8221;4.3.2&#8243; open=&#8221;off&#8221;]<\/p>\n<p>El tama\u00f1o que elijas en las opciones es el tama\u00f1o del collar, el largo del cord\u00f3n o cadena. El tama\u00f1o est\u00e1ndar es de 16 o 18 &#8220;(40-45 cm).<\/p>\n<p>Si desea un tama\u00f1o espec\u00edfico, escr\u00edbelo en los comentarios en el recuadro del vendedor, NOTAS DE PEDIDO.<\/p>\n<p>Por favor, ten en cuenta que los tama\u00f1os grandes son los m\u00e1s caros, y si desea 21 &#8220;, debe elegir 20&#8221; como m\u00e1ximo y escribir 21 &#8220;en los comentarios.<\/p>\n<p>[\/et_pb_accordion_item][et_pb_accordion_item title=&#8221;\u00bfCu\u00e1nto tiempo tardar\u00e9 en recibir mi joya?&#8221; _builder_version=&#8221;4.3.2&#8243; open=&#8221;off&#8221;]<\/p>\n<p>Necesito 3-5 d\u00edas para hacer la joya personalizada. A veces m\u00e1s si esta es chapada en oro.<\/p>\n<p>Luego, el tiempo de env\u00edo demora entre 1 y 2 d\u00edas en llegar a tu hogar si se env\u00eda por correo 24 horas.<\/p>\n<p>Ten en cuenta que en verano o Navidad el tiempo de fabricaci\u00f3n puede ser m\u00e1s largo .<\/p>\n<p>Env\u00edo las joyas por DHL express o Paq. Ligh en Europa o Correos Express en Espa\u00f1a.<\/p>\n<p>Necesito un n\u00famero de tel\u00e9fono para que la agencia se comunique contigo si fuera necesario. Nunca utilizo este n\u00famero para contactarte directamente.<\/p>\n<p>No puedo enviar a un apartado de correos, por favor, cont\u00e1ctame si necesitas este servicio.<\/p>\n<p>[\/et_pb_accordion_item][et_pb_accordion_item title=&#8221;Si no me gusta la joya, \u00bfpuedo devolverla?&#8221; icon_color=&#8221;#ecd5c5&#8243; _builder_version=&#8221;4.3.2&#8243; open=&#8221;off&#8221;]<\/p>\n<p>Si la joya es personalizada no puedes devolverla, pero puedes contactarme para buscar una soluci\u00f3n.<\/p>\n<p>Si la joya no est\u00e1 personalizada (sin cambio de ubicaci\u00f3n del coraz\u00f3n o grabada) puedes devolverla dentro de los 14 d\u00edas posteriores a su recepci\u00f3n.<\/p>\n<p>Ponte en contacto con info@africandreamland.com para obtener m\u00e1s detalles. Te devuelvo tu dinero sin los gastos de env\u00edo.<\/p>\n<p>[\/et_pb_accordion_item][\/et_pb_accordion][\/et_pb_column][\/et_pb_row][\/et_pb_section]<\/p>\n","protected":false},"excerpt":{"rendered":"<p>Puedes contactarme para un pedido especial. Pero si necesitas cambiar la ubicaci\u00f3n del coraz\u00f3n, escribir un grabado en la parte de atr\u00e1s, u otro largo que no est\u00e9 en las opciones, puede escribir tus preferencias en las NOTAS DE PEDIDO, en los Detalles de Facturaci\u00f3n, y lo har\u00e9 sin cargo.\u00a1\u00a1No hay problema!! Es muy f\u00e1cil. [&hellip;]<\/p>\n","protected":false},"author":1,"featured_media":0,"parent":0,"menu_order":0,"comment_status":"closed","ping_status":"closed","template":"","meta":{"_et_pb_use_builder":"on","_et_pb_old_content":"","_et_gb_content_width":"","footnotes":""},"class_list":["post-19413","page","type-page","status-publish","hentry"],"jetpack_sharing_enabled":true,"_links":{"self":[{"href":"https:\/\/africandreamland.com\/es\/wp-json\/wp\/v2\/pages\/19413","targetHints":{"allow":["GET"]}}],"collection":[{"href":"https:\/\/africandreamland.com\/es\/wp-json\/wp\/v2\/pages"}],"about":[{"href":"https:\/\/africandreamland.com\/es\/wp-json\/wp\/v2\/types\/page"}],"author":[{"embeddable":true,"href":"https:\/\/africandreamland.com\/es\/wp-json\/wp\/v2\/users\/1"}],"replies":[{"embeddable":true,"href":"https:\/\/africandreamland.com\/es\/wp-json\/wp\/v2\/comments?post=19413"}],"version-history":[{"count":0,"href":"https:\/\/africandreamland.com\/es\/wp-json\/wp\/v2\/pages\/19413\/revisions"}],"wp:attachment":[{"href":"https:\/\/africandreamland.com\/es\/wp-json\/wp\/v2\/media?parent=19413"}],"curies":[{"name":"wp","href":"https:\/\/api.w.org\/{rel}","templated":true}]}}