{"id":20611,"date":"2018-03-16T14:10:12","date_gmt":"2018-03-16T13:10:12","guid":{"rendered":"https:\/\/africandreamland.com\/map-jewelry-shop\/sin%20categor\u00c3\u00ada\/anillo-inicial-de-plata\/"},"modified":"2024-11-20T11:37:29","modified_gmt":"2024-11-20T10:37:29","slug":"anillo-inicial-plata","status":"publish","type":"product","link":"https:\/\/africandreamland.com\/es\/product\/anillo-inicial-plata\/","title":{"rendered":"Anillo inicial de plata"},"content":{"rendered":"<p>Anillo inicial de plata.<\/p>\n<h2>Anillo de plata de ley con Inicial Estampada. Este anillo encantador y delgado es perfecto para todas las situaciones, y est\u00c3\u00a1 hecho bajo pedido.<\/h2>\n<p><span style=\"font-weight: 400;\">Puedes elegir la talla que necesites en las opciones. (recuerde que este es el tama\u00c3\u00b1o de EE. UU.).<\/span><\/p>\n<p><span style=\"font-weight: 400;\">Si necesitas saber cu\u00c3\u00a1l es tu talla correcta en la talla de EE. UU., Utiliza nuestra<\/span><a href=\"https:\/\/africandreamland.com\/international-ring-size-chart\/\"><span style=\"font-weight: 400;\">tabla de tallas de anillo internacional.<\/span><\/a><\/p>\n<p>Y puedes elegir la inicial, y si deseas min\u00c3\u00basculas o may\u00c3\u00basculas (a partir de la \u00c3\u00baltima imagen).<\/p>\n<p>Por favor, escribe MAY\u00c3\u0161SCULAS o MIN\u00c3\u0161SCULAS en la notas, antes de pagar.<\/p>\n<p>Tama\u00c3\u00b1o redonda: 0.5 cm<\/p>\n<p>Puedes pedir cualquier tama\u00c3\u00b1o.<br \/>\nSolo tienes que indicarlo en los comentarios al vendedor.<\/p>\n<p>\u00e2\u0153\u00bf MATERIALES \u00e2\u0153\u00bf<\/p>\n<p>Plata de ley 925.<\/p>\n<p>\u00e2\u0153\u00bf EMPAQUETADO \u00e2\u0153\u00bf<\/p>\n<p><span style=\"font-weight: 400;\">Tu joya se enviar\u00c3\u00a1 en una caja de regalo kraft, con un regalo extra GRATIS e instrucciones de cuidado. \u00c2\u00a1Lista para regalar!!<\/span><\/p>\n","protected":false},"excerpt":{"rendered":"<p>Anillo inicial de plata.<\/p>\n","protected":false},"featured_media":99071,"comment_status":"closed","ping_status":"closed","template":"","meta":{"_et_pb_use_builder":"","_et_pb_old_content":"","_et_gb_content_width":""},"product_brand":[],"product_cat":[1458],"product_tag":[2204],"class_list":{"0":"post-20611","1":"product","2":"type-product","3":"status-publish","4":"has-post-thumbnail","6":"product_cat-anillos-de-plata","7":"product_tag-anillos","8":"pa_initial-heart-a-es-2","9":"pa_initial-heart-b-es-2","10":"pa_initial-heart-c-es-2","11":"pa_initial-heart-d-es-2","12":"pa_initial-heart-e-es-2","13":"pa_initial-heart-f-es-2","14":"pa_initial-heart-g-es-2","15":"pa_initial-heart-h-es-2","16":"pa_initial-heart-i-es-2","17":"pa_initial-heart-j-es-2","18":"pa_initial-heart-k-es-2","19":"pa_initial-heart-l-es-2","20":"pa_initial-heart-m-es-2","21":"pa_initial-heart-n-es-2","22":"pa_initial-heart-o-es-2","23":"pa_initial-heart-p-es-2","24":"pa_initial-heart-q-es-2","25":"pa_initial-heart-r-es-2","26":"pa_initial-heart-s-es-2","27":"pa_initial-heart-t-es-2","28":"pa_initial-heart-u-es-2","29":"pa_initial-heart-w-es-2","30":"pa_initial-heart-x-es-2","31":"pa_initial-heart-y-es-2","32":"pa_initial-heart-z-es-2","33":"pa_ring-size-10-es","34":"pa_ring-size-10-1-4-es","35":"pa_ring-size-10-1-2-es","36":"pa_ring-size-10-3-4-es","37":"pa_ring-size-11-es","38":"pa_ring-size-11-1-4-es","39":"pa_ring-size-11-1-2-es","40":"pa_ring-size-11-3-4-es","41":"pa_ring-size-12-es","42":"pa_ring-size-4-es","43":"pa_ring-size-4-1-4-es","44":"pa_ring-size-4-1-2-es","45":"pa_ring-size-4-3-4-es","46":"pa_ring-size-5-es","47":"pa_ring-size-5-1-4-es","48":"pa_ring-size-5-1-2-es","49":"pa_ring-size-5-3-4-es","50":"pa_ring-size-6-es","51":"pa_ring-size-6-1-4-es","52":"pa_ring-size-6-1-2-es","53":"pa_ring-size-6-3-4-es","54":"pa_ring-size-7-es","55":"pa_ring-size-7-1-4-es","56":"pa_ring-size-7-1-2-es","57":"pa_ring-size-7-3-4-es","58":"pa_ring-size-8-es","59":"pa_ring-size-8-1-4-es","60":"pa_ring-size-8-1-2-es","61":"pa_ring-size-8-3-4-es","62":"pa_ring-size-9-es","63":"pa_ring-size-9-1-4-es","64":"pa_ring-size-9-1-2-es","65":"pa_ring-size-9-3-4-es","67":"first","68":"instock","69":"taxable","70":"shipping-taxable","71":"purchasable","72":"product-type-variable"},"exclude_global_add_ons":[],"addons":[],"jetpack_sharing_enabled":true,"_links":{"self":[{"href":"https:\/\/africandreamland.com\/es\/wp-json\/wp\/v2\/product\/20611","targetHints":{"allow":["GET"]}}],"collection":[{"href":"https:\/\/africandreamland.com\/es\/wp-json\/wp\/v2\/product"}],"about":[{"href":"https:\/\/africandreamland.com\/es\/wp-json\/wp\/v2\/types\/product"}],"replies":[{"embeddable":true,"href":"https:\/\/africandreamland.com\/es\/wp-json\/wp\/v2\/comments?post=20611"}],"wp:featuredmedia":[{"embeddable":true,"href":"https:\/\/africandreamland.com\/es\/wp-json\/wp\/v2\/media\/99071"}],"wp:attachment":[{"href":"https:\/\/africandreamland.com\/es\/wp-json\/wp\/v2\/media?parent=20611"}],"wp:term":[{"taxonomy":"product_brand","embeddable":true,"href":"https:\/\/africandreamland.com\/es\/wp-json\/wp\/v2\/product_brand?post=20611"},{"taxonomy":"product_cat","embeddable":true,"href":"https:\/\/africandreamland.com\/es\/wp-json\/wp\/v2\/product_cat?post=20611"},{"taxonomy":"product_tag","embeddable":true,"href":"https:\/\/africandreamland.com\/es\/wp-json\/wp\/v2\/product_tag?post=20611"}],"curies":[{"name":"wp","href":"https:\/\/api.w.org\/{rel}","templated":true}]}}