{"id":20695,"date":"2018-03-10T19:50:16","date_gmt":"2018-03-10T18:50:16","guid":{"rendered":"https:\/\/africandreamland.com\/map-jewelry-shop\/sin%20categor\u00eda\/collar-de-rusia\/"},"modified":"2025-07-02T17:13:48","modified_gmt":"2025-07-02T15:13:48","slug":"collar-de-rusia","status":"publish","type":"product","link":"https:\/\/africandreamland.com\/es\/collar-de-rusia\/","title":{"rendered":"Collar de Rusia"},"content":{"rendered":"<h3 data-start=\"231\" data-end=\"333\">\ud83c\uddf7\ud83c\uddfa Lleva tu historia con nuestro <strong data-start=\"265\" data-end=\"288\">Collar Rusia<\/strong> : atrevido, hecho a mano y arraigado en la identidad.<\/h3>\n<p data-start=\"335\" data-end=\"588\">Este llamativo collar cuenta con un colgante con la silueta completa de <strong data-start=\"403\" data-end=\"413\">Rusia<\/strong>, meticulosamente aserrado a mano y acabado en plata de ley maciza 925. Con un acabado mate limpio y contornos org\u00e1nicos, la pieza equilibra el dise\u00f1o minimalista con un peso simb\u00f3lico. <\/p>\n<h2 data-start=\"590\" data-end=\"775\">El collar de Rusia se combina con un <strong data-start=\"619\" data-end=\"643\">cord\u00f3n de cuero de primera calidad<\/strong>, suave pero duradero, que ofrece comodidad y car\u00e1cter. Una pieza hecha para durar, al igual que los recuerdos y las conexiones que representa. <\/h2>\n<p data-start=\"777\" data-end=\"878\">Perfecto para aquellos que llevan a Rusia en su coraz\u00f3n, ya sea por nacimiento, herencia, experiencia o esp\u00edritu.<\/p>\n<p data-start=\"880\" data-end=\"973\">Cada collar est\u00e1 hecho a mano individualmente, lo que hace que <strong data-start=\"926\" data-end=\"948\">cada pieza sea \u00fanica<\/strong>, al igual que su viaje.<\/p>\n<p data-start=\"980\" data-end=\"998\"><strong>\u2728 C\u00d3MO HACER EL PEDIDO<\/strong><\/p>\n<p data-start=\"1000\" data-end=\"1102\">Elija la longitud de cable deseada, agregue el art\u00edculo a su carrito y proceda al pago.<\/p>\n<p data-start=\"1104\" data-end=\"1181\">Su <strong data-start=\"1109\" data-end=\"1132\">collar de mapas de Rusia<\/strong> estar\u00e1 hecho a mano y cuidadosamente preparado para usted.<\/p>\n<p data-start=\"1188\" data-end=\"1206\"><strong>\u2728 QU\u00c9 RECIBIR\u00c1S<\/strong><\/p>\n<p data-start=\"1208\" data-end=\"1334\">Tu collar llegar\u00e1 <strong data-start=\"1234\" data-end=\"1257\">bellamente envuelto<\/strong>, listo para regalar (o guardar).<br data-start=\"1283\" data-end=\"1286\">Incluiremos un peque\u00f1o regalo extra como agradecimiento.<\/p>\n<p data-start=\"1341\" data-end=\"1351\"><strong>\u2728 PREGUNTAS FRECUENTES<\/strong><\/p>\n<p data-start=\"1353\" data-end=\"1670\"><strong data-start=\"1353\" data-end=\"1370\">TAMA\u00d1O DEL COLGANTE:<\/strong> aprox. 3 cm de ancho <br data-start=\"1390\" data-end=\"1393\"><strong data-start=\"1393\" data-end=\"1402\">CUERDA:<\/strong> Cuero genuino de alta calidad<br data-start=\"1431\" data-end=\"1434\"><strong data-start=\"1434\" data-end=\"1453\">OPCIONES DE LONGITUD:<\/strong> 40-45-50cm<br data-start=\"1499\" data-end=\"1502\"><strong data-start=\"1502\" data-end=\"1513\">TERMINAR:<\/strong> Plata pulida (como en la foto)<br data-start=\"1531\" data-end=\"1534\"><strong data-start=\"1534\" data-end=\"1546\">CLAUSURA:<\/strong> Cierre de plata de ley<br data-start=\"1604\" data-end=\"1607\"><strong data-start=\"1607\" data-end=\"1621\">MATERIALES:<\/strong><br data-start=\"1621\" data-end=\"1624\">\u2022 Plata de ley 925<br data-start=\"1645\" data-end=\"1648\">\u2022 Cord\u00f3n de cuero de primera calidad<\/p>\n<p data-start=\"1677\" data-end=\"1694\"><strong>\u2728 TENGA EN CUENTA<\/strong><\/p>\n<p data-start=\"1696\" data-end=\"1808\"><strong data-start=\"1696\" data-end=\"1716\">TIEMPO DE PROCESAMIENTO:<\/strong> 1\u20133 d\u00edas h\u00e1biles<br data-start=\"1734\" data-end=\"1737\"><strong data-start=\"1737\" data-end=\"1750\">NAVIERO:<\/strong><br data-start=\"1750\" data-end=\"1753\">\u2022 Espa\u00f1a: 24\u201348h<br data-start=\"1768\" data-end=\"1771\">\u2022 Europa- EE. UU.- Otros: 3-5 d\u00edas (env\u00edo expr\u00e9s)<\/p>\n<p data-start=\"1810\" data-end=\"1929\"><strong data-start=\"1810\" data-end=\"1824\">SELLO 925:<\/strong><br data-start=\"1824\" data-end=\"1827\">Todos los componentes de plata est\u00e1n estampados con el n\u00famero 925 en el reverso o en el cierre, siguiendo los est\u00e1ndares internacionales de calidad.<\/p>\n","protected":false},"excerpt":{"rendered":"<p>Collar de Rusia en plata de ley.<\/p>\n","protected":false},"featured_media":99110,"comment_status":"closed","ping_status":"closed","template":"","meta":{"_et_pb_use_builder":"","_et_pb_old_content":"","_et_gb_content_width":""},"product_brand":[],"product_cat":[1460],"product_tag":[],"class_list":{"0":"post-20695","1":"product","2":"type-product","3":"status-publish","4":"has-post-thumbnail","6":"product_cat-joyas-de-rusia","8":"first","9":"instock","10":"taxable","11":"shipping-taxable","12":"purchasable","13":"product-type-variable"},"exclude_global_add_ons":[],"addons":[],"jetpack_sharing_enabled":true,"_links":{"self":[{"href":"https:\/\/africandreamland.com\/es\/wp-json\/wp\/v2\/product\/20695","targetHints":{"allow":["GET"]}}],"collection":[{"href":"https:\/\/africandreamland.com\/es\/wp-json\/wp\/v2\/product"}],"about":[{"href":"https:\/\/africandreamland.com\/es\/wp-json\/wp\/v2\/types\/product"}],"replies":[{"embeddable":true,"href":"https:\/\/africandreamland.com\/es\/wp-json\/wp\/v2\/comments?post=20695"}],"wp:featuredmedia":[{"embeddable":true,"href":"https:\/\/africandreamland.com\/es\/wp-json\/wp\/v2\/media\/99110"}],"wp:attachment":[{"href":"https:\/\/africandreamland.com\/es\/wp-json\/wp\/v2\/media?parent=20695"}],"wp:term":[{"taxonomy":"product_brand","embeddable":true,"href":"https:\/\/africandreamland.com\/es\/wp-json\/wp\/v2\/product_brand?post=20695"},{"taxonomy":"product_cat","embeddable":true,"href":"https:\/\/africandreamland.com\/es\/wp-json\/wp\/v2\/product_cat?post=20695"},{"taxonomy":"product_tag","embeddable":true,"href":"https:\/\/africandreamland.com\/es\/wp-json\/wp\/v2\/product_tag?post=20695"}],"curies":[{"name":"wp","href":"https:\/\/api.w.org\/{rel}","templated":true}]}}