{"id":20728,"date":"2018-07-05T12:00:16","date_gmt":"2018-07-05T10:00:16","guid":{"rendered":"https:\/\/africandreamland.com\/map-jewelry-shop\/sin%20categor\u00eda\/collar-irkutsk\/"},"modified":"2024-07-02T19:30:08","modified_gmt":"2024-07-02T17:30:08","slug":"irkutsk-collar","status":"publish","type":"product","link":"https:\/\/africandreamland.com\/es\/irkutsk-collar\/","title":{"rendered":"Collar Irkutsk"},"content":{"rendered":"<p>Collar Irkutsk.<\/p>\n<h2>Collar Redondo de Plata con Irkutsk en plata de ley, un regalo perfecto para los amantes de Irkutsk.<\/h2>\n<p>&nbsp;<\/p>\n<p>\u2728 C\u00d3MO HACER EL PEDIDO<\/p>\n<p>Para recibir tu Collar Irkutsk en tu casa, solo necesitas:<\/p>\n<p>Elija el tama\u00f1o del cord\u00f3n de cuero en el cuadro de opciones.<\/p>\n<p>\u00a1Y eso es todo!<br \/>\n\u00a1Estar\u00e1s lista para recibir tu colgante, hecho a mano especialmente para ti!<\/p>\n<p>\u2728 QU\u00c9 RECIBIR\u00c1S<\/p>\n<p>Tu colgante llegar\u00e1 bellamente envuelto para regalo, con un regalo extra para ti o quien quieras.<\/p>\n<p>\u2728PREGUNTAS FRECUENTES<\/p>\n<p>TAMA\u00d1O DEL COLGANTE: 1 pulgadas (2,5 cm) aproximadamente, 0,8 de grosor<\/p>\n<p>ACABADO: Pulido.<\/p>\n<p>CADENA: Cord\u00f3n de cuero de 1,5 mm.<\/p>\n<p>MATERIALES:<br \/>\n925 Plata de ley<\/p>\n<p>\u2728TEN EN CUENTA:<br \/>\nTIEMPO DE PROCESAMIENTO: 1-3 d\u00edas.<\/p>\n<p>ENV\u00cdO:<br \/>\nSu joya ser\u00e1 enviada por env\u00edo expr\u00e9s (1 d\u00eda).<\/p>\n<p>\u00a1Llegar\u00e1 a USA EN 1-2 d\u00edas!<\/p>\n<p>En Espa\u00f1a Correos Express 24h.<\/p>\n<p>SELLO 925:<br \/>\nTodas mis joyas de plata (incluidas las joyas ba\u00f1adas en oro) est\u00e1n estampadas con 925 en la parte posterior o en el cierre, esto no se puede cambiar.<\/p>\n","protected":false},"excerpt":{"rendered":"<p>Collar Redondo con forma de Irkutsk.<\/p>\n","protected":false},"featured_media":96273,"comment_status":"closed","ping_status":"closed","template":"","meta":{"_et_pb_use_builder":"","_et_pb_old_content":"","_et_gb_content_width":""},"product_brand":[],"product_cat":[1460],"product_tag":[],"class_list":{"0":"post-20728","1":"product","2":"type-product","3":"status-publish","4":"has-post-thumbnail","6":"product_cat-joyas-de-rusia","8":"first","9":"instock","10":"taxable","11":"shipping-taxable","12":"purchasable","13":"product-type-variable"},"exclude_global_add_ons":[],"addons":[],"jetpack_sharing_enabled":true,"_links":{"self":[{"href":"https:\/\/africandreamland.com\/es\/wp-json\/wp\/v2\/product\/20728","targetHints":{"allow":["GET"]}}],"collection":[{"href":"https:\/\/africandreamland.com\/es\/wp-json\/wp\/v2\/product"}],"about":[{"href":"https:\/\/africandreamland.com\/es\/wp-json\/wp\/v2\/types\/product"}],"replies":[{"embeddable":true,"href":"https:\/\/africandreamland.com\/es\/wp-json\/wp\/v2\/comments?post=20728"}],"wp:featuredmedia":[{"embeddable":true,"href":"https:\/\/africandreamland.com\/es\/wp-json\/wp\/v2\/media\/96273"}],"wp:attachment":[{"href":"https:\/\/africandreamland.com\/es\/wp-json\/wp\/v2\/media?parent=20728"}],"wp:term":[{"taxonomy":"product_brand","embeddable":true,"href":"https:\/\/africandreamland.com\/es\/wp-json\/wp\/v2\/product_brand?post=20728"},{"taxonomy":"product_cat","embeddable":true,"href":"https:\/\/africandreamland.com\/es\/wp-json\/wp\/v2\/product_cat?post=20728"},{"taxonomy":"product_tag","embeddable":true,"href":"https:\/\/africandreamland.com\/es\/wp-json\/wp\/v2\/product_tag?post=20728"}],"curies":[{"name":"wp","href":"https:\/\/api.w.org\/{rel}","templated":true}]}}