{"id":20838,"date":"2018-06-17T03:50:13","date_gmt":"2018-06-17T01:50:13","guid":{"rendered":"https:\/\/africandreamland.com\/map-jewelry-shop\/sin%20categor\u00eda\/colgante-silver-map-africa\/"},"modified":"2024-06-29T14:09:24","modified_gmt":"2024-06-29T12:09:24","slug":"colgante-mapa-africa-pequeno","status":"publish","type":"product","link":"https:\/\/africandreamland.com\/es\/colgante-mapa-africa-pequeno\/","title":{"rendered":"Colgante Mapa \u00c1frica Peque\u00f1o"},"content":{"rendered":"<p>Colgante Mapa \u00c1frica Peque\u00f1o hecho a mano especialmente para ti.<\/p>\n<h2>Este Colgante Mapa \u00c1frica Peque\u00f1o es perfecto para los amantes de \u00c1frica, y una joya para llevar a diario por su tama\u00f1o y acabado.<\/h2>\n<p>&nbsp;<\/p>\n<h3>\u273fdeja que tu coraz\u00f3n te lleve a los lugares que m\u00e1s amas con nuestras joyas\u273f<\/h3>\n<p>&nbsp;<\/p>\n<p>\u273f JOYA \u273f<\/p>\n<p>TAMA\u00d1O DEL COLGANTE: 1,5X2 cm (0.6X0.8 pulgadas).<\/p>\n<p>0,8 mm de grosor<\/p>\n<p>ACABADO: Brillante rallado, matizado o pulido (como la imagen). El\u00edgelo en las opciones.<\/p>\n<p>CADENA: Cadena de plata de ley 925 de primera calidad.<\/p>\n<p>Longitud: Elige entre 16 &#8220;(40 cm) o 18&#8221; (45 cm) en las opciones.<\/p>\n<p>CORAZ\u00d3N: Por favor, si deseas personalizar la lugar del coraz\u00f3n, escribe la ubicaci\u00f3n en las notas, antes de pagar.<\/p>\n<p>\u273f MATERIALES \u273f<\/p>\n<p>Plata de ley 925.<\/p>\n<p>\u273f EMPAQUETADO \u273f<\/p>\n<p>Tu joya se enviar\u00e1 en una caja de regalo kraft, con un regalo GRATIS adicional. \u00a1Listo para regalar!<\/p>\n","protected":false},"excerpt":{"rendered":"<p>Colgante Mapa \u00c1frica Peque\u00f1o<\/p>\n<p>&nbsp;<\/p>\n","protected":false},"featured_media":98993,"comment_status":"closed","ping_status":"closed","template":"","meta":{"_et_pb_use_builder":"off","_et_pb_old_content":"Colgante Mapa \u00c1frica Peque\u00f1o hecho a mano especialmente para ti.\n\n \n<h3>Colgante Mapa \u00c1frica Peque\u00f1o. Personaliza tu Colgante Mapa \u00c1frica Peque\u00f1o en plata de ley.<\/h3>\n \n<h3>\u273fdeja que tu coraz\u00f3n te lleve a los lugares que m\u00e1s amas con nuestras joyas\u273f<\/h3>\n \n<h4>\u273f JOYA \u273f<\/h4>\nTAMA\u00d1O DEL COLGANTE: 1,5X2 cm (0.6X0.8 pulgadas). 0,8 mm de grosor\nACABADO: Brillante rallado, matizado o pulido (como la imagen). El\u00edgelo en las opciones.\n\nCADENA: Cadena de plata de ley 925 de primera calidad.\nLargo del collar: escoge entre 16\" (40 cm) a 18\" (45 cm).\n\nCORAZ\u00d3N: Por favor, si deseas personalizar la lugar del coraz\u00f3n, escribe la ubicaci\u00f3n en las notas, antes de pagar.\n\n \n<h4>\u273f MATERIALES \u273f<\/h4>\nPlata de ley 925.\n<h4>\u273f EMPAQUETADO \u273f<\/h4>\nTu joya se enviar\u00e1 en una caja de regalo kraft, con un regalo GRATIS adicional.","_et_gb_content_width":""},"product_brand":[],"product_cat":[1443],"product_tag":[],"class_list":{"0":"post-20838","1":"product","2":"type-product","3":"status-publish","4":"has-post-thumbnail","6":"product_cat-collares-mapa-africa","8":"first","9":"instock","10":"taxable","11":"shipping-taxable","12":"purchasable","13":"product-type-variable"},"exclude_global_add_ons":[],"addons":[],"jetpack_sharing_enabled":true,"_links":{"self":[{"href":"https:\/\/africandreamland.com\/es\/wp-json\/wp\/v2\/product\/20838","targetHints":{"allow":["GET"]}}],"collection":[{"href":"https:\/\/africandreamland.com\/es\/wp-json\/wp\/v2\/product"}],"about":[{"href":"https:\/\/africandreamland.com\/es\/wp-json\/wp\/v2\/types\/product"}],"replies":[{"embeddable":true,"href":"https:\/\/africandreamland.com\/es\/wp-json\/wp\/v2\/comments?post=20838"}],"wp:featuredmedia":[{"embeddable":true,"href":"https:\/\/africandreamland.com\/es\/wp-json\/wp\/v2\/media\/98993"}],"wp:attachment":[{"href":"https:\/\/africandreamland.com\/es\/wp-json\/wp\/v2\/media?parent=20838"}],"wp:term":[{"taxonomy":"product_brand","embeddable":true,"href":"https:\/\/africandreamland.com\/es\/wp-json\/wp\/v2\/product_brand?post=20838"},{"taxonomy":"product_cat","embeddable":true,"href":"https:\/\/africandreamland.com\/es\/wp-json\/wp\/v2\/product_cat?post=20838"},{"taxonomy":"product_tag","embeddable":true,"href":"https:\/\/africandreamland.com\/es\/wp-json\/wp\/v2\/product_tag?post=20838"}],"curies":[{"name":"wp","href":"https:\/\/api.w.org\/{rel}","templated":true}]}}