{"id":21000,"date":"2018-06-12T14:47:37","date_gmt":"2018-06-12T12:47:37","guid":{"rendered":"https:\/\/africandreamland.com\/map-jewelry-shop\/sin%20categor\u00eda\/pendientes-rusia\/"},"modified":"2025-07-02T17:28:08","modified_gmt":"2025-07-02T15:28:08","slug":"rusia-pendientes","status":"publish","type":"product","link":"https:\/\/africandreamland.com\/es\/rusia-pendientes\/","title":{"rendered":"Pendientes Rusia"},"content":{"rendered":"<p>\ud83c\uddf7\ud83c\uddfa Celebre la conexi\u00f3n con nuestros <strong>aretes rusos<\/strong> hechos a mano: minimalistas, significativos y elaborados en plata de ley.<\/p>\n<p>Estos peque\u00f1os pero poderosos aretes tienen la forma de la silueta completa de <strong>Rusia<\/strong>, cortados a mano en plata de ley 925 maciza y pulidos con cuidado. Su tama\u00f1o de 1 cm los hace perfectos para el uso diario sin dejar de hacer una declaraci\u00f3n silenciosa y elegante. <\/p>\n<h2>Cada par de Pendientes Rusia est\u00e1 meticulosamente hecho a mano, sin moldes, sin producci\u00f3n en masa, lo que significa que <strong>cada conjunto es \u00fanico<\/strong>, al igual que las historias que nos unen a los lugares de donde venimos.<\/h2>\n<p>Ya sea que se usen como s\u00edmbolo de identidad, memoria o admiraci\u00f3n, estos aretes son un tributo moderno y ponible a uno de los paisajes m\u00e1s ic\u00f3nicos del mundo.<\/p>\n<p><strong>\u2728 C\u00d3MO HACER EL PEDIDO<\/strong><\/p>\n<p>Simplemente agregue su par de <strong>aretes de Rusia<\/strong> al carrito y complete su pago.<br \/>\nEstar\u00e1n hechos a mano con cari\u00f1o y se enviar\u00e1n con cuidado, solo para ti.<\/p>\n<p><strong>\u2728 QU\u00c9 RECIBIR\u00c1S<\/strong><\/p>\n<p>Tus pendientes llegar\u00e1n <strong>bellamente envueltos<\/strong>, listos para regalar o guardar, con una peque\u00f1a sorpresa en su interior.<\/p>\n<p><strong>\u2728 PREGUNTAS FRECUENTES<\/strong><\/p>\n<p><strong>TAMA\u00d1O DEL PENDIENTE:<\/strong> aprox. 1 cm<br \/>\n<strong>MATERIALES:<\/strong><br \/>\n\u2022 Plata<br \/>\n de ley 925 maciza\u2022 Dorso de mariposa (plata de ley)<br \/>\n<strong>ACABADO:<\/strong> pulido suave<br \/>\n<strong>ESTILO:<\/strong> Pendientes de bot\u00f3n (empuje hacia atr\u00e1s)<\/p>\n<p><strong>\u2728 TENGA EN CUENTA<\/strong><\/p>\n<p><strong>TIEMPO DE PROCESAMIENTO:<\/strong> 1\u20133 d\u00edas h\u00e1biles<br \/>\n<strong>NAVIERO:<\/strong><br \/>\n\u2022 Espa\u00f1a: 24\u201348h<br \/>\n\u2022 Europa- EEUU- Otros: 3\u20135 d\u00edas (env\u00edo expr\u00e9s)<\/p>\n<p><strong>SELLO 925:<\/strong><br \/>\nToda la plata utilizada est\u00e1 estampada con el sello 925, ya sea en el reverso o en el correo, de acuerdo con los est\u00e1ndares internacionales de plata.<\/p>\n","protected":false},"excerpt":{"rendered":"<p>Pendientes de mapa de Rusia en plata de ley.<\/p>\n","protected":false},"featured_media":99113,"comment_status":"closed","ping_status":"closed","template":"","meta":{"_et_pb_use_builder":"","_et_pb_old_content":"","_et_gb_content_width":""},"product_brand":[],"product_cat":[1460],"product_tag":[],"class_list":{"0":"post-21000","1":"product","2":"type-product","3":"status-publish","4":"has-post-thumbnail","6":"product_cat-joyas-de-rusia","8":"first","9":"instock","10":"taxable","11":"shipping-taxable","12":"purchasable","13":"product-type-simple"},"exclude_global_add_ons":[],"addons":[],"jetpack_sharing_enabled":true,"_links":{"self":[{"href":"https:\/\/africandreamland.com\/es\/wp-json\/wp\/v2\/product\/21000","targetHints":{"allow":["GET"]}}],"collection":[{"href":"https:\/\/africandreamland.com\/es\/wp-json\/wp\/v2\/product"}],"about":[{"href":"https:\/\/africandreamland.com\/es\/wp-json\/wp\/v2\/types\/product"}],"replies":[{"embeddable":true,"href":"https:\/\/africandreamland.com\/es\/wp-json\/wp\/v2\/comments?post=21000"}],"wp:featuredmedia":[{"embeddable":true,"href":"https:\/\/africandreamland.com\/es\/wp-json\/wp\/v2\/media\/99113"}],"wp:attachment":[{"href":"https:\/\/africandreamland.com\/es\/wp-json\/wp\/v2\/media?parent=21000"}],"wp:term":[{"taxonomy":"product_brand","embeddable":true,"href":"https:\/\/africandreamland.com\/es\/wp-json\/wp\/v2\/product_brand?post=21000"},{"taxonomy":"product_cat","embeddable":true,"href":"https:\/\/africandreamland.com\/es\/wp-json\/wp\/v2\/product_cat?post=21000"},{"taxonomy":"product_tag","embeddable":true,"href":"https:\/\/africandreamland.com\/es\/wp-json\/wp\/v2\/product_tag?post=21000"}],"curies":[{"name":"wp","href":"https:\/\/api.w.org\/{rel}","templated":true}]}}