{"id":21191,"date":"2019-12-06T10:44:43","date_gmt":"2019-12-06T09:44:43","guid":{"rendered":"https:\/\/africandreamland.com\/map-jewelry-shop\/sin%20categor\u00eda\/africa-tie-pin\/"},"modified":"2022-04-15T12:11:14","modified_gmt":"2022-04-15T10:11:14","slug":"pasador-corbata-plata-africa","status":"publish","type":"product","link":"https:\/\/africandreamland.com\/es\/pasador-corbata-plata-africa\/","title":{"rendered":"Pasador de corbata plata \u00c1frica"},"content":{"rendered":"<p>Pasador de corbata plata \u00c1frica en Plata de Ley. Clip de corbata personalizado contempor\u00e1neo en plata con un mapa de \u00c1frica.<\/p>\n<h2>De dise\u00f1o esbelto, este pasador de plata africana bellamente personalizado se presenta en un acabado altamente pulido.<\/h2>\n<p>Con un mecanismo de clip simple, se sienta firmemente en posici\u00f3n en la corbata durante todo el d\u00eda o la noche.<\/p>\n<p>Este Pasador de corbata plata \u00c1frica est\u00e1 hecho a mano sin cera, en mi taller de Barcelona. Esta joya es una pieza \u00fanica, especialmente hecha a mano para ti con plata de ley 925 de primera calidad.<\/p>\n<p><span style=\"font-weight: 400;\">\u273f JOYA \u273f<\/span><\/p>\n<p><span style=\"font-weight: 400;\">TAMA\u00d1O DEL MAPA: 1 cm ( 0.4 pulgadas). 0,8 mm de grosor<\/span><\/p>\n<p>Dimensiones del pasador de \u00c1frica: 6cm<\/p>\n<p><span style=\"font-weight: 400;\">ACABADO: Pulido.<\/span><\/p>\n<p><span style=\"font-weight: 400;\">\u273f MATERIALES \u273f<\/span><\/p>\n<p><span style=\"font-weight: 400;\">925 plata de ley, antial\u00e9rgico.<\/span><\/p>\n<p><span style=\"font-weight: 400;\">\u273f EMPAQUETADO \u273f<\/span><\/p>\n<p><span style=\"font-weight: 400;\">Tu joya se enviar\u00e1 en una caja de regalo kraft, con un regalo extra GRATIS e instrucciones de cuidado. \u00a1Listo para regalar!!<\/span><\/p>\n","protected":false},"excerpt":{"rendered":"<p>Pasador de corbata plata \u00c1frica<\/p>\n","protected":false},"featured_media":94518,"comment_status":"closed","ping_status":"closed","template":"","meta":{"_et_pb_use_builder":"","_et_pb_old_content":"","_et_gb_content_width":""},"product_brand":[],"product_cat":[1445],"product_tag":[],"class_list":{"0":"post-21191","1":"product","2":"type-product","3":"status-publish","4":"has-post-thumbnail","6":"product_cat-otras-joyas-mapa-africa","8":"first","9":"instock","10":"taxable","11":"shipping-taxable","12":"purchasable","13":"product-type-simple"},"exclude_global_add_ons":[],"addons":[],"jetpack_sharing_enabled":true,"_links":{"self":[{"href":"https:\/\/africandreamland.com\/es\/wp-json\/wp\/v2\/product\/21191","targetHints":{"allow":["GET"]}}],"collection":[{"href":"https:\/\/africandreamland.com\/es\/wp-json\/wp\/v2\/product"}],"about":[{"href":"https:\/\/africandreamland.com\/es\/wp-json\/wp\/v2\/types\/product"}],"replies":[{"embeddable":true,"href":"https:\/\/africandreamland.com\/es\/wp-json\/wp\/v2\/comments?post=21191"}],"wp:featuredmedia":[{"embeddable":true,"href":"https:\/\/africandreamland.com\/es\/wp-json\/wp\/v2\/media\/94518"}],"wp:attachment":[{"href":"https:\/\/africandreamland.com\/es\/wp-json\/wp\/v2\/media?parent=21191"}],"wp:term":[{"taxonomy":"product_brand","embeddable":true,"href":"https:\/\/africandreamland.com\/es\/wp-json\/wp\/v2\/product_brand?post=21191"},{"taxonomy":"product_cat","embeddable":true,"href":"https:\/\/africandreamland.com\/es\/wp-json\/wp\/v2\/product_cat?post=21191"},{"taxonomy":"product_tag","embeddable":true,"href":"https:\/\/africandreamland.com\/es\/wp-json\/wp\/v2\/product_tag?post=21191"}],"curies":[{"name":"wp","href":"https:\/\/api.w.org\/{rel}","templated":true}]}}