{"id":21208,"date":"2020-04-15T14:10:51","date_gmt":"2020-04-15T12:10:51","guid":{"rendered":"https:\/\/africandreamland.com\/map-jewelry-shop\/sin%20categor\u00eda\/contorno-del-collar-de-oro-de-africa\/"},"modified":"2024-09-02T18:43:43","modified_gmt":"2024-09-02T16:43:43","slug":"collar-perfil-africa-oro","status":"publish","type":"product","link":"https:\/\/africandreamland.com\/es\/collar-perfil-africa-oro\/","title":{"rendered":"Collar Perfil \u00c1frica Oro"},"content":{"rendered":"<h2>Collar Perfil \u00c1frica Oro.<\/h2>\n<h2>Este Collar Perfil \u00c1frica Oro es hermoso y rom\u00e1ntico con la perla. Est\u00e1 chapado en oro de 18kt (3 micras).<\/h2>\n<h3>\u273fdeja que tu coraz\u00f3n te lleve a los lugares que m\u00e1s amas con nuestras joyas\u273f<\/h3>\n<p>\u273f JOYA \u273f<\/p>\n<p>TAMA\u00d1O DEL MAPA: 3\u00d72,5 cm (1.2\u00d71 pulgadas). 0,8 mm de grosor<br \/>\nCADENA: Cadena de plata chapada en oro de 18kt de primera calidad.<br \/>\nLongitud: 18 pulgadas (45 cm).<\/p>\n<p>Acabado rallado, como la imagen.<\/p>\n<p>\u273f MATERIALES \u273f<\/p>\n<p>18kt chapado en oro (3 micras).<\/p>\n<p>La cadena es una preciosa cadena de plata chapada en oro de 18kt de primera calidad.<\/p>\n<p>\u273f EMPAQUETADO \u273f<\/p>\n<p><span style=\"font-weight: 400;\">Tu joya se enviar\u00e1 en una caja de regalo kraft, con un regalo extra GRATIS e instrucciones de cuidado. \u00a1Lista para regalar!!<\/span><\/p>\n<p>&nbsp;<\/p>\n","protected":false},"excerpt":{"rendered":"<p>Collar Perfil \u00c1frica Oro<\/p>\n","protected":false},"featured_media":99336,"comment_status":"open","ping_status":"closed","template":"","meta":{"_et_pb_use_builder":"","_et_pb_old_content":"","_et_gb_content_width":""},"product_brand":[],"product_cat":[1443],"product_tag":[],"class_list":{"0":"post-21208","1":"product","2":"type-product","3":"status-publish","4":"has-post-thumbnail","6":"product_cat-collares-mapa-africa","8":"first","9":"instock","10":"taxable","11":"shipping-taxable","12":"purchasable","13":"product-type-simple"},"exclude_global_add_ons":[],"addons":[],"jetpack_sharing_enabled":true,"_links":{"self":[{"href":"https:\/\/africandreamland.com\/es\/wp-json\/wp\/v2\/product\/21208","targetHints":{"allow":["GET"]}}],"collection":[{"href":"https:\/\/africandreamland.com\/es\/wp-json\/wp\/v2\/product"}],"about":[{"href":"https:\/\/africandreamland.com\/es\/wp-json\/wp\/v2\/types\/product"}],"replies":[{"embeddable":true,"href":"https:\/\/africandreamland.com\/es\/wp-json\/wp\/v2\/comments?post=21208"}],"wp:featuredmedia":[{"embeddable":true,"href":"https:\/\/africandreamland.com\/es\/wp-json\/wp\/v2\/media\/99336"}],"wp:attachment":[{"href":"https:\/\/africandreamland.com\/es\/wp-json\/wp\/v2\/media?parent=21208"}],"wp:term":[{"taxonomy":"product_brand","embeddable":true,"href":"https:\/\/africandreamland.com\/es\/wp-json\/wp\/v2\/product_brand?post=21208"},{"taxonomy":"product_cat","embeddable":true,"href":"https:\/\/africandreamland.com\/es\/wp-json\/wp\/v2\/product_cat?post=21208"},{"taxonomy":"product_tag","embeddable":true,"href":"https:\/\/africandreamland.com\/es\/wp-json\/wp\/v2\/product_tag?post=21208"}],"curies":[{"name":"wp","href":"https:\/\/api.w.org\/{rel}","templated":true}]}}