{"id":21210,"date":"2020-04-18T20:41:26","date_gmt":"2020-04-18T18:41:26","guid":{"rendered":"https:\/\/africandreamland.com\/map-jewelry-shop\/sin%20categor\u00eda\/collar-de-mapa-checo\/"},"modified":"2022-06-24T17:15:13","modified_gmt":"2022-06-24T15:15:13","slug":"collar-republica-checa","status":"publish","type":"product","link":"https:\/\/africandreamland.com\/es\/collar-republica-checa\/","title":{"rendered":"Collar Rep\u00fablica Checa"},"content":{"rendered":"<p>Collar Rep\u00fablica Checa hecho a mano especialmente para ti.<\/p>\n<h2>Este Collar Rep\u00fablica Checa est\u00e1 hecho a mano en plata de ley y cord\u00f3n vegano.<\/h2>\n<h3>\u273fdeja que tu coraz\u00f3n te lleve a los lugares que m\u00e1s amas con nuestras joyas\u273f<\/h3>\n<p>\u273f JOYA \u273f<\/p>\n<p>TAMA\u00d1O DEL COLGANTE: 2&#215;1.5 cm (0.8&#215;0.6 pulgadas). 0,8 mm de grosor<br \/>\nACABADO: Rallado Brillante (Como la imagen).<\/p>\n<p>CORD\u00d3N: Cord\u00f3n vegano de primera calidad.<br \/>\nLargo del collar: escoge entre 16&#8243; (40 cm) a 18&#8243; (45 cm). En la imagen slipknot.<\/p>\n<p>CORAZ\u00d3N: Por favor, si deseas personalizar tu coraz\u00f3n, escribe la ubicaci\u00f3n en las notas al vendedor, antes del pago.<\/p>\n<p>\u273f MATERIALES \u273f<\/p>\n<p>Argentium Silver 935 (m\u00e1s plata fina que 925 de plata de ley) es antial\u00e9rgico y evita el oscurecimiento de la plata.<\/p>\n<p>\u273f EMPAQUETADO \u273f<\/p>\n<p><span style=\"font-weight: 400;\">Tu joya se enviar\u00e1 en una caja de regalo kraft, con un regalo extra GRATIS e instrucciones de cuidado. \u00a1Lista para regalar!!<\/span><\/p>\n<p>&nbsp;<\/p>\n","protected":false},"excerpt":{"rendered":"<p>Colgante mapa Chequia.<\/p>\n","protected":false},"featured_media":99300,"comment_status":"open","ping_status":"closed","template":"","meta":{"_et_pb_use_builder":"","_et_pb_old_content":"","_et_gb_content_width":""},"product_brand":[],"product_cat":[1446],"product_tag":[],"class_list":{"0":"post-21210","1":"product","2":"type-product","3":"status-publish","4":"has-post-thumbnail","6":"product_cat-otras-joyas-mapas","8":"first","9":"instock","10":"taxable","11":"shipping-taxable","12":"purchasable","13":"product-type-variable"},"exclude_global_add_ons":[],"addons":[],"jetpack_sharing_enabled":true,"_links":{"self":[{"href":"https:\/\/africandreamland.com\/es\/wp-json\/wp\/v2\/product\/21210","targetHints":{"allow":["GET"]}}],"collection":[{"href":"https:\/\/africandreamland.com\/es\/wp-json\/wp\/v2\/product"}],"about":[{"href":"https:\/\/africandreamland.com\/es\/wp-json\/wp\/v2\/types\/product"}],"replies":[{"embeddable":true,"href":"https:\/\/africandreamland.com\/es\/wp-json\/wp\/v2\/comments?post=21210"}],"wp:featuredmedia":[{"embeddable":true,"href":"https:\/\/africandreamland.com\/es\/wp-json\/wp\/v2\/media\/99300"}],"wp:attachment":[{"href":"https:\/\/africandreamland.com\/es\/wp-json\/wp\/v2\/media?parent=21210"}],"wp:term":[{"taxonomy":"product_brand","embeddable":true,"href":"https:\/\/africandreamland.com\/es\/wp-json\/wp\/v2\/product_brand?post=21210"},{"taxonomy":"product_cat","embeddable":true,"href":"https:\/\/africandreamland.com\/es\/wp-json\/wp\/v2\/product_cat?post=21210"},{"taxonomy":"product_tag","embeddable":true,"href":"https:\/\/africandreamland.com\/es\/wp-json\/wp\/v2\/product_tag?post=21210"}],"curies":[{"name":"wp","href":"https:\/\/api.w.org\/{rel}","templated":true}]}}