{"id":21229,"date":"2020-04-15T11:12:29","date_gmt":"2020-04-15T09:12:29","guid":{"rendered":"https:\/\/africandreamland.com\/map-jewelry-shop\/sin%20categor\u00eda\/collar-de-mapas-de-oro-de-africa\/"},"modified":"2026-04-22T07:01:05","modified_gmt":"2026-04-22T05:01:05","slug":"collar-africa-mini-oro","status":"publish","type":"product","link":"https:\/\/africandreamland.com\/es\/collar-africa-mini-oro\/","title":{"rendered":"Collar \u00c1frica Mini Oro"},"content":{"rendered":"<p>Collar \u00c1frica Mini Oro<\/p>\n<h2>Este Collar \u00c1frica Mini Oro es peque\u00f1o y brillante. Perfecto para tu look diario.<\/h2>\n<h3>\u273fdeja que tu coraz\u00f3n te lleve a los lugares que m\u00e1s amas con nuestras joyas\u273f<\/h3>\n<p>\u273f JOYA \u273f<\/p>\n<p>TAMA\u00d1O DEL MAPA: 1 cm . 0,7 mm de espesor<br \/>\nCADENA: Cadena de plata de ley chapada en oro de 18kt.<\/p>\n<p>Puede elegir el acabado (pulido, rallado brillante) y la ubicaci\u00f3n del coraz\u00f3n (sin coraz\u00f3n o con coraz\u00f3n) en las opciones.<\/p>\n<p>\u273f MATERIALES \u273f<\/p>\n<p>Este colgante est\u00e1 hecho a mano con plata de ley y luego est\u00e1 chapado en oro.<br \/>\n\u00a1Ahora 3 micras de 18kt chapadas en oro!<br \/>\nLa cadena es una preciosa cadena de plata ba\u00f1ada en oro de 18kt de primera calidad.<\/p>\n<p>\u273f EMPAQUETADO \u273f<\/p>\n<p><span style=\"font-weight: 400;\">Tu joya se enviar\u00e1 en una caja de regalo kraft, con un regalo extra GRATIS e instrucciones de cuidado. \u00a1Lista para regalar!!<\/span><\/p>\n","protected":false},"excerpt":{"rendered":"<p>Collar \u00c1frica Mini Oro<\/p>\n<p>&nbsp;<\/p>\n","protected":false},"featured_media":99333,"comment_status":"open","ping_status":"closed","template":"","meta":{"_et_pb_use_builder":"","_et_pb_old_content":"","_et_gb_content_width":""},"product_brand":[],"product_cat":[1443],"product_tag":[],"class_list":{"0":"post-21229","1":"product","2":"type-product","3":"status-publish","4":"has-post-thumbnail","6":"product_cat-collares-mapa-africa","7":"pa_finished-heart-polished-withheart-es","8":"pa_finished-heart-polished-without-es","9":"pa_finished-heart-grated-withheart-es","10":"pa_finished-heart-grated-without-es","11":"pa_with-without-chain-with-chain-es","12":"pa_with-without-chain-without-chain-es","14":"first","15":"instock","16":"taxable","17":"shipping-taxable","18":"purchasable","19":"product-type-variable"},"exclude_global_add_ons":[],"addons":[],"jetpack_sharing_enabled":true,"_links":{"self":[{"href":"https:\/\/africandreamland.com\/es\/wp-json\/wp\/v2\/product\/21229","targetHints":{"allow":["GET"]}}],"collection":[{"href":"https:\/\/africandreamland.com\/es\/wp-json\/wp\/v2\/product"}],"about":[{"href":"https:\/\/africandreamland.com\/es\/wp-json\/wp\/v2\/types\/product"}],"replies":[{"embeddable":true,"href":"https:\/\/africandreamland.com\/es\/wp-json\/wp\/v2\/comments?post=21229"}],"wp:featuredmedia":[{"embeddable":true,"href":"https:\/\/africandreamland.com\/es\/wp-json\/wp\/v2\/media\/99333"}],"wp:attachment":[{"href":"https:\/\/africandreamland.com\/es\/wp-json\/wp\/v2\/media?parent=21229"}],"wp:term":[{"taxonomy":"product_brand","embeddable":true,"href":"https:\/\/africandreamland.com\/es\/wp-json\/wp\/v2\/product_brand?post=21229"},{"taxonomy":"product_cat","embeddable":true,"href":"https:\/\/africandreamland.com\/es\/wp-json\/wp\/v2\/product_cat?post=21229"},{"taxonomy":"product_tag","embeddable":true,"href":"https:\/\/africandreamland.com\/es\/wp-json\/wp\/v2\/product_tag?post=21229"}],"curies":[{"name":"wp","href":"https:\/\/api.w.org\/{rel}","templated":true}]}}