{"id":21233,"date":"2020-04-18T20:41:26","date_gmt":"2020-04-18T18:41:26","guid":{"rendered":"https:\/\/africandreamland.com\/map-jewelry-shop\/sin%20categor\u00eda\/mapa-de-pendientes-de-australia\/"},"modified":"2022-11-04T20:37:39","modified_gmt":"2022-11-04T19:37:39","slug":"pendientes-australia","status":"publish","type":"product","link":"https:\/\/africandreamland.com\/es\/pendientes-australia\/","title":{"rendered":"Pendientes Australia"},"content":{"rendered":"<p>Mapa Australia Pendientes.<\/p>\n<h2>Estos Pendientes Australia son perfectos para los amantes de Australia o recordar ese viaje que tanto te gust\u00f3.<\/h2>\n<h3>\u273fdeja que tu coraz\u00f3n te lleve a los lugares que m\u00e1s amas con nuestras joyas\u273f<\/h3>\n<h4>\u273f JOYA \u273f<\/h4>\n<p>TAMA\u00d1O DEL MAPA: 1 cm ( 0.4 pulgadas). 0,8 mm de grosor<br \/>\nACABADO: Rallado Brillante, matizado o pulido (como la imagen). El\u00edgelo en las opciones.<\/p>\n<p><strong>nota: Ahora la opci\u00f3n chapada en oro no est\u00e1 disponible. Por favor, pnte en contacto conmigo si deseas esta opci\u00f3n.<\/strong><\/p>\n<h4>\u273f MATERIALES \u273f<\/h4>\n<p>Argentium Silver 935 (m\u00e1s plata fina que 925 de plata de ley) es antial\u00e9rgico y evita el oscurecimiento de la plata.<br \/>\nElige plata de ley o chapado en oro de 18 kt (3 micras) en las opciones.<\/p>\n<h4>\u273f EMPAQUETADO \u273f<\/h4>\n<p>Tu joya se enviar\u00e1 en una caja de regalo kraft, con un regalo extra GRATIS y las instrucciones de cuidado.<\/p>\n","protected":false},"excerpt":{"rendered":"<p>Pendientes con mapa de Australia.<\/p>\n","protected":false},"featured_media":97191,"comment_status":"open","ping_status":"closed","template":"","meta":{"_et_pb_use_builder":"","_et_pb_old_content":"","_et_gb_content_width":""},"product_brand":[],"product_cat":[1446],"product_tag":[],"class_list":{"0":"post-21233","1":"product","2":"type-product","3":"status-publish","4":"has-post-thumbnail","6":"product_cat-otras-joyas-mapas","7":"pa_color-gold-es","8":"pa_color-silver-es","10":"first","11":"instock","12":"taxable","13":"shipping-taxable","14":"purchasable","15":"product-type-variable"},"exclude_global_add_ons":[],"addons":[],"jetpack_sharing_enabled":true,"_links":{"self":[{"href":"https:\/\/africandreamland.com\/es\/wp-json\/wp\/v2\/product\/21233","targetHints":{"allow":["GET"]}}],"collection":[{"href":"https:\/\/africandreamland.com\/es\/wp-json\/wp\/v2\/product"}],"about":[{"href":"https:\/\/africandreamland.com\/es\/wp-json\/wp\/v2\/types\/product"}],"replies":[{"embeddable":true,"href":"https:\/\/africandreamland.com\/es\/wp-json\/wp\/v2\/comments?post=21233"}],"wp:featuredmedia":[{"embeddable":true,"href":"https:\/\/africandreamland.com\/es\/wp-json\/wp\/v2\/media\/97191"}],"wp:attachment":[{"href":"https:\/\/africandreamland.com\/es\/wp-json\/wp\/v2\/media?parent=21233"}],"wp:term":[{"taxonomy":"product_brand","embeddable":true,"href":"https:\/\/africandreamland.com\/es\/wp-json\/wp\/v2\/product_brand?post=21233"},{"taxonomy":"product_cat","embeddable":true,"href":"https:\/\/africandreamland.com\/es\/wp-json\/wp\/v2\/product_cat?post=21233"},{"taxonomy":"product_tag","embeddable":true,"href":"https:\/\/africandreamland.com\/es\/wp-json\/wp\/v2\/product_tag?post=21233"}],"curies":[{"name":"wp","href":"https:\/\/api.w.org\/{rel}","templated":true}]}}