{"id":21256,"date":"2020-04-03T19:01:07","date_gmt":"2020-04-03T17:01:07","guid":{"rendered":"https:\/\/africandreamland.com\/map-jewelry-shop\/sin%20categor\u00eda\/collar-de-africa-con-perla-blanca\/"},"modified":"2026-02-20T00:05:34","modified_gmt":"2026-02-19T23:05:34","slug":"collar-africa-perla","status":"publish","type":"product","link":"https:\/\/africandreamland.com\/es\/collar-africa-perla\/","title":{"rendered":"Collar \u00c1frica Perla"},"content":{"rendered":"<p>Collar \u00c1frica Perla hecho a mano en plata de ley.<\/p>\n<h2>Nuestro Collar \u00c1frica Perla es hermoso y rom\u00e1ntico y perfecto para acompa\u00f1ar tus recuerdos todos los d\u00edas.<\/h2>\n<h3>\u273f Deja que tu coraz\u00f3n te lleve a los lugares que m\u00e1s te gustan con nuestras joyas de mapas\u273f<\/h3>\n<p>\u273f JOYA \u273f<\/p>\n<p>TAMA\u00d1O DEL MAPA: 2&#215;1.5 cm (0.8&#215;0.6 pulgadas). 0,8 mm de grosor<br \/>\nACABADO: Rallado Brillante (Como la imagen).<\/p>\n<p>CADENA: Cadena de bolitas de 18&#8243;.<\/p>\n<p>\u273f MATERIALES \u273f<\/p>\n<p>Argentium Silver 935 (m\u00e1s plata fina que plata de ley 925) es antial\u00e9rgico y previene el deslustre.<\/p>\n<p>\u273f EMPAQUETADO \u273f<\/p>\n<p><span style=\"font-weight: 400;\">Tu joya se enviar\u00e1 en una caja de regalo kraft, con un regalo extra GRATIS e instrucciones de cuidado. \u00a1Lista para regalar!!<\/span><\/p>\n","protected":false},"excerpt":{"rendered":"<p>Colgante de mapa de \u00c1frica con una perla colgando.<\/p>\n","protected":false},"featured_media":99047,"comment_status":"open","ping_status":"closed","template":"","meta":{"_et_pb_use_builder":"","_et_pb_old_content":"","_et_gb_content_width":""},"product_brand":[],"product_cat":[1443],"product_tag":[],"class_list":{"0":"post-21256","1":"product","2":"type-product","3":"status-publish","4":"has-post-thumbnail","6":"product_cat-collares-mapa-africa","8":"first","9":"instock","10":"taxable","11":"shipping-taxable","12":"purchasable","13":"product-type-simple"},"exclude_global_add_ons":[],"addons":[],"jetpack_sharing_enabled":true,"_links":{"self":[{"href":"https:\/\/africandreamland.com\/es\/wp-json\/wp\/v2\/product\/21256","targetHints":{"allow":["GET"]}}],"collection":[{"href":"https:\/\/africandreamland.com\/es\/wp-json\/wp\/v2\/product"}],"about":[{"href":"https:\/\/africandreamland.com\/es\/wp-json\/wp\/v2\/types\/product"}],"replies":[{"embeddable":true,"href":"https:\/\/africandreamland.com\/es\/wp-json\/wp\/v2\/comments?post=21256"}],"wp:featuredmedia":[{"embeddable":true,"href":"https:\/\/africandreamland.com\/es\/wp-json\/wp\/v2\/media\/99047"}],"wp:attachment":[{"href":"https:\/\/africandreamland.com\/es\/wp-json\/wp\/v2\/media?parent=21256"}],"wp:term":[{"taxonomy":"product_brand","embeddable":true,"href":"https:\/\/africandreamland.com\/es\/wp-json\/wp\/v2\/product_brand?post=21256"},{"taxonomy":"product_cat","embeddable":true,"href":"https:\/\/africandreamland.com\/es\/wp-json\/wp\/v2\/product_cat?post=21256"},{"taxonomy":"product_tag","embeddable":true,"href":"https:\/\/africandreamland.com\/es\/wp-json\/wp\/v2\/product_tag?post=21256"}],"curies":[{"name":"wp","href":"https:\/\/api.w.org\/{rel}","templated":true}]}}