{"id":21262,"date":"2020-04-16T10:37:21","date_gmt":"2020-04-16T08:37:21","guid":{"rendered":"https:\/\/africandreamland.com\/map-jewelry-shop\/sin%20categor\u00eda\/mapa-del-anillo-de-africa\/"},"modified":"2026-05-07T18:37:04","modified_gmt":"2026-05-07T16:37:04","slug":"anillo-mapa-africa","status":"publish","type":"product","link":"https:\/\/africandreamland.com\/es\/anillo-mapa-africa\/","title":{"rendered":"Anillo Mapa \u00c1frica"},"content":{"rendered":"<p>Anillo Mapa \u00c1frica hecho a mano en plata de ley.<\/p>\n<h2><b>Este Anillo Mapa \u00c1frica est\u00e1 hecho a mano en el tama\u00f1o del aro que necesites.<\/b><\/h2>\n<h3>\u273fdeja que tu coraz\u00f3n te lleve a los lugares que m\u00e1s amas con nuestras joyas\u273f<\/h3>\n<p>\u273f JOYA \u273f<\/p>\n<p>MAPA DE \u00c1FRICA: 1 cm (0,4 pulgadas) 0,8 mm de grosor.<br \/>\nACABADO: Pulido (Como en la imagen).<\/p>\n<p>ARO: 1,5MM.<\/p>\n<p><span style=\"font-weight: 400;\">Puedes elegir la talla que necesites en las opciones. (recuerde que este es el tama\u00f1o de EE. UU.).<\/span><\/p>\n<p><span style=\"font-weight: 400;\">Si necesitas saber cu\u00e1l es tu talla correcta en la talla de EE. UU., Utiliza nuestra<\/span><a href=\"https:\/\/africandreamland.com\/international-ring-size-chart\/\" target=\"_blank\" rel=\"noopener\"><span style=\"font-weight: 400;\">tabla de tallas de anillo internacional.<\/span><\/a><\/p>\n<p>\u273f MATERIALES \u273f<\/p>\n<p>Plata de ley 925.<\/p>\n<p>\u273f EMPAQUETADO \u273f<\/p>\n<p>Tu joya se enviar\u00e1 en una caja de regalo kraft, con un regalo GRATIS adicional.<\/p>\n<p>&nbsp;<\/p>\n","protected":false},"excerpt":{"rendered":"<p>Anillo Mapa \u00c1frica.<\/p>\n<p>&nbsp;<\/p>\n","protected":false},"featured_media":99200,"comment_status":"open","ping_status":"closed","template":"","meta":{"_et_pb_use_builder":"","_et_pb_old_content":"","_et_gb_content_width":""},"product_brand":[],"product_cat":[1444],"product_tag":[2204],"class_list":{"0":"post-21262","1":"product","2":"type-product","3":"status-publish","4":"has-post-thumbnail","6":"product_cat-anillos-mapa-africa","7":"product_tag-anillos","8":"pa_ring-size-10-es","9":"pa_ring-size-10-1-4-es","10":"pa_ring-size-10-1-2-es","11":"pa_ring-size-10-3-4-es","12":"pa_ring-size-11-es","13":"pa_ring-size-11-1-4-es","14":"pa_ring-size-11-1-2-es","15":"pa_ring-size-11-3-4-es","16":"pa_ring-size-12-es","17":"pa_ring-size-4-es","18":"pa_ring-size-4-1-4-es","19":"pa_ring-size-4-1-2-es","20":"pa_ring-size-4-3-4-es","21":"pa_ring-size-5-es","22":"pa_ring-size-5-1-4-es","23":"pa_ring-size-5-1-2-es","24":"pa_ring-size-5-3-4-es","25":"pa_ring-size-6-es","26":"pa_ring-size-6-1-4-es","27":"pa_ring-size-6-1-2-es","28":"pa_ring-size-6-3-4-es","29":"pa_ring-size-7-es","30":"pa_ring-size-7-1-4-es","31":"pa_ring-size-7-1-2-es","32":"pa_ring-size-7-3-4-es","33":"pa_ring-size-8-es","34":"pa_ring-size-8-1-4-es","35":"pa_ring-size-8-1-2-es","36":"pa_ring-size-8-3-4-es","37":"pa_ring-size-9-es","38":"pa_ring-size-9-1-4-es","39":"pa_ring-size-9-1-2-es","40":"pa_ring-size-9-3-4-es","42":"first","43":"instock","44":"taxable","45":"shipping-taxable","46":"purchasable","47":"product-type-variable"},"exclude_global_add_ons":[],"addons":[],"jetpack_sharing_enabled":true,"_links":{"self":[{"href":"https:\/\/africandreamland.com\/es\/wp-json\/wp\/v2\/product\/21262","targetHints":{"allow":["GET"]}}],"collection":[{"href":"https:\/\/africandreamland.com\/es\/wp-json\/wp\/v2\/product"}],"about":[{"href":"https:\/\/africandreamland.com\/es\/wp-json\/wp\/v2\/types\/product"}],"replies":[{"embeddable":true,"href":"https:\/\/africandreamland.com\/es\/wp-json\/wp\/v2\/comments?post=21262"}],"wp:featuredmedia":[{"embeddable":true,"href":"https:\/\/africandreamland.com\/es\/wp-json\/wp\/v2\/media\/99200"}],"wp:attachment":[{"href":"https:\/\/africandreamland.com\/es\/wp-json\/wp\/v2\/media?parent=21262"}],"wp:term":[{"taxonomy":"product_brand","embeddable":true,"href":"https:\/\/africandreamland.com\/es\/wp-json\/wp\/v2\/product_brand?post=21262"},{"taxonomy":"product_cat","embeddable":true,"href":"https:\/\/africandreamland.com\/es\/wp-json\/wp\/v2\/product_cat?post=21262"},{"taxonomy":"product_tag","embeddable":true,"href":"https:\/\/africandreamland.com\/es\/wp-json\/wp\/v2\/product_tag?post=21262"}],"curies":[{"name":"wp","href":"https:\/\/api.w.org\/{rel}","templated":true}]}}