{"id":21303,"date":"2018-07-02T20:30:22","date_gmt":"2018-07-02T18:30:22","guid":{"rendered":"https:\/\/africandreamland.com\/map-jewelry-shop\/sin%20categor\u00eda\/pendientes-silver-africa\/"},"modified":"2025-11-24T19:40:58","modified_gmt":"2025-11-24T18:40:58","slug":"pendientes-africa-plata","status":"publish","type":"product","link":"https:\/\/africandreamland.com\/es\/pendientes-africa-plata\/","title":{"rendered":"Pendientes \u00c1frica Plata"},"content":{"rendered":"<p data-start=\"240\" data-end=\"353\">\ud83c\udf0d <strong data-start=\"243\" data-end=\"295\">Honre sus ra\u00edces con nuestros pendientes \u00c1frica plata<\/strong> , hechos a mano en plata esterlina con prop\u00f3sito y precisi\u00f3n.<\/p>\n<h2 data-start=\"355\" data-end=\"576\">Estos delicados pendientes \u00c1frica plata tienen la forma del <strong data-start=\"407\" data-end=\"424\">mapa completo de \u00c1frica<\/strong>, cuidadosamente cortados a mano en plata de ley maciza 925 y acabados con una superficie <strong data-start=\"496\" data-end=\"512\">rallada brillante que capta<\/strong> la luz con una textura y un brillo sutiles.<\/h2>\n<p data-start=\"578\" data-end=\"754\">Cada pendiente mide aproximadamente <strong data-start=\"606\" data-end=\"614\">1 cm<\/strong> , lo suficientemente peque\u00f1o para usarlo a diario, pero lleno de significado. Son elegantes, ligeros y est\u00e1n hechos para celebrar la identidad, el legado y la conexi\u00f3n. <\/p>\n<p data-start=\"756\" data-end=\"883\">Terminados con <strong data-start=\"786\" data-end=\"805\">dorso de mariposa<\/strong> en plata de ley, estos aretes se mantienen seguros en su lugar mientras ofrecen comodidad y minimalismo.<\/p>\n<p data-start=\"885\" data-end=\"999\">Cada par est\u00e1 hecho a mano individualmente: no hay dos iguales, lo que hace que cada pieza sea realmente <strong data-start=\"981\" data-end=\"998\">\u00fanica<\/strong>.<\/p>\n<p data-start=\"1001\" data-end=\"1179\">Ya sea que los use para expresar su origen, sus viajes o su admiraci\u00f3n por el continente, estos aretes son un tributo elegante y ponible a la belleza y la fuerza de \u00c1frica.<\/p>\n<p data-start=\"1181\" data-end=\"1336\">\u2728 <strong data-start=\"1183\" data-end=\"1199\">C\u00f3mo hacer un pedido<\/strong><br data-start=\"1199\" data-end=\"1202\">Simplemente agregue los <strong data-start=\"1217\" data-end=\"1243\">Aretes de \u00c1frica de Plata<\/strong> a su carrito y complete el pago. Su par ser\u00e1 hecho a mano y se le enviar\u00e1 con cuidado. <\/p>\n<p data-start=\"1338\" data-end=\"1486\">\u2728 <strong data-start=\"1340\" data-end=\"1356\">Lo que obtienes<\/strong><br data-start=\"1356\" data-end=\"1359\">Tus pendientes llegar\u00e1n <strong data-start=\"1385\" data-end=\"1424\">bellamente empaquetados y listos para regalar<\/strong>, con una peque\u00f1a sorpresa incluida para ti o para un ser querido.<\/p>\n<p data-start=\"1488\" data-end=\"1676\">\u2728 <strong data-start=\"1490\" data-end=\"1498\">Preguntas frecuentes<\/strong><br data-start=\"1498\" data-end=\"1501\">Tama\u00f1o del pendiente: aprox. 1 cm<br data-start=\"1527\" data-end=\"1530\">Materiales: plata de ley maciza 925<br data-start=\"1566\" data-end=\"1569\">Acabado: rallado brillante (pulido texturizado)<br data-start=\"1607\" data-end=\"1610\">Dorso: push-backs de mariposa de plata de ley<br data-start=\"1653\" data-end=\"1656\">Estilo: pendientes de bot\u00f3n <\/p>\n<p data-start=\"1678\" data-end=\"1888\">\u2728 <strong data-start=\"1680\" data-end=\"1695\">A tener en cuenta<\/strong><br data-start=\"1695\" data-end=\"1698\">Tiempo de procesamiento: 1\u20133 d\u00edas h\u00e1biles<br data-start=\"1732\" data-end=\"1735\">Naviero:<\/p>\n<p data-start=\"1678\" data-end=\"1888\">Espa\u00f1a 24\u201348 h \u00b7<\/p>\n<p data-start=\"1678\" data-end=\"1888\">Europa- EE. UU.- Otros: 3-5 d\u00edas (env\u00edo expr\u00e9s)<\/p>\n<p data-start=\"1678\" data-end=\"1888\"><br data-start=\"1795\" data-end=\"1798\">Toda la plata utilizada est\u00e1 certificada y estampada 925 de acuerdo con los est\u00e1ndares internacionales de calidad.<\/p>\n","protected":false},"excerpt":{"rendered":"<p>Pendientes con mapa de \u00c1frica creados en Plata de Ley.<\/p>\n","protected":false},"featured_media":22377,"comment_status":"closed","ping_status":"closed","template":"","meta":{"_et_pb_use_builder":"","_et_pb_old_content":"","_et_gb_content_width":""},"product_brand":[],"product_cat":[1442],"product_tag":[],"class_list":{"0":"post-21303","1":"product","2":"type-product","3":"status-publish","4":"has-post-thumbnail","6":"product_cat-pendientes-mapa-africa","8":"first","9":"instock","10":"taxable","11":"shipping-taxable","12":"purchasable","13":"product-type-simple"},"exclude_global_add_ons":[],"addons":[],"jetpack_sharing_enabled":true,"_links":{"self":[{"href":"https:\/\/africandreamland.com\/es\/wp-json\/wp\/v2\/product\/21303","targetHints":{"allow":["GET"]}}],"collection":[{"href":"https:\/\/africandreamland.com\/es\/wp-json\/wp\/v2\/product"}],"about":[{"href":"https:\/\/africandreamland.com\/es\/wp-json\/wp\/v2\/types\/product"}],"replies":[{"embeddable":true,"href":"https:\/\/africandreamland.com\/es\/wp-json\/wp\/v2\/comments?post=21303"}],"wp:featuredmedia":[{"embeddable":true,"href":"https:\/\/africandreamland.com\/es\/wp-json\/wp\/v2\/media\/22377"}],"wp:attachment":[{"href":"https:\/\/africandreamland.com\/es\/wp-json\/wp\/v2\/media?parent=21303"}],"wp:term":[{"taxonomy":"product_brand","embeddable":true,"href":"https:\/\/africandreamland.com\/es\/wp-json\/wp\/v2\/product_brand?post=21303"},{"taxonomy":"product_cat","embeddable":true,"href":"https:\/\/africandreamland.com\/es\/wp-json\/wp\/v2\/product_cat?post=21303"},{"taxonomy":"product_tag","embeddable":true,"href":"https:\/\/africandreamland.com\/es\/wp-json\/wp\/v2\/product_tag?post=21303"}],"curies":[{"name":"wp","href":"https:\/\/api.w.org\/{rel}","templated":true}]}}