{"id":21325,"date":"2020-05-06T11:11:26","date_gmt":"2020-05-06T09:11:26","guid":{"rendered":"https:\/\/africandreamland.com\/map-jewelry-shop\/sin%20categor\u00eda\/pulsera-africa-en-plata\/"},"modified":"2024-03-02T23:47:39","modified_gmt":"2024-03-02T22:47:39","slug":"pulsera-de-plata-africa","status":"publish","type":"product","link":"https:\/\/africandreamland.com\/es\/pulsera-de-plata-africa\/","title":{"rendered":"Pulsera de plata \u00c1frica"},"content":{"rendered":"<p>Pulsera de plata \u00c1frica en una caja de regalo kraft con un regalo extra gratis.<\/p>\n<p>Si eres un amante de \u00c1frica que busca sentirse cerca de tu tierra o acercar \u00c1frica a tu coraz\u00f3n, det\u00e9n la b\u00fasqueda, esto es exactamente lo que estabas buscando\ud83e\udd0d.<\/p>\n<p>&nbsp;<\/p>\n<h2>Esta Pulsera de plata \u00c1frica te ayudar\u00e1 a sentir el mapa de \u00c1frica cerca de ti as\u00ed como a hacer brillar ante los dem\u00e1s por su dise\u00f1o y acabados texturizados.<\/h2>\n<p>&nbsp;<\/p>\n<p>\u2728 C\u00d3MO PEDIR LA PULSERA<\/p>\n<p>Para recibir tu Pulsera de plata \u00c1frica en tu casa, solo necesitas:<\/p>\n<p>1. Elija en el cuadro de longitud la medida de tu pulsera de plata.<br \/>\n\u00a1Y eso es todo!<br \/>\n\u00a1Estar\u00e1s lista para recibir tu pulsera, hecha a mano especialmente para ti!<\/p>\n<p>\u2728 QU\u00c9 RECIBIR\u00c1S<\/p>\n<p>Tu pulsera llegar\u00e1 perfectamente envuelta para regalo, con un regalo extra para ti o quien quieras.<\/p>\n<p>\u2728PREGUNTAS FRECUENTES<\/p>\n<p>Mapa \u00e1frica: 1 cm (0,4 pulgadas) 0,8 mm de espesor.<br \/>\nACABADO: Pulido (Como imagen).<\/p>\n<p>CADENA:<br \/>\n925 Plata de ley.<\/p>\n<p>MATERIALES:<br \/>\n925 Plata de ley<\/p>\n","protected":false},"excerpt":{"rendered":"<p>Pulsera de plata hecha a mano con un mapa de \u00c1frica.<\/p>\n","protected":false},"featured_media":18513,"comment_status":"open","ping_status":"closed","template":"","meta":{"_et_pb_use_builder":"","_et_pb_old_content":"","_et_gb_content_width":""},"product_brand":[],"product_cat":[1441],"product_tag":[],"class_list":{"0":"post-21325","1":"product","2":"type-product","3":"status-publish","4":"has-post-thumbnail","6":"product_cat-pulseras-mapa-africa","8":"first","9":"instock","10":"taxable","11":"shipping-taxable","12":"purchasable","13":"product-type-variable"},"exclude_global_add_ons":[],"addons":[],"jetpack_sharing_enabled":true,"_links":{"self":[{"href":"https:\/\/africandreamland.com\/es\/wp-json\/wp\/v2\/product\/21325","targetHints":{"allow":["GET"]}}],"collection":[{"href":"https:\/\/africandreamland.com\/es\/wp-json\/wp\/v2\/product"}],"about":[{"href":"https:\/\/africandreamland.com\/es\/wp-json\/wp\/v2\/types\/product"}],"replies":[{"embeddable":true,"href":"https:\/\/africandreamland.com\/es\/wp-json\/wp\/v2\/comments?post=21325"}],"wp:featuredmedia":[{"embeddable":true,"href":"https:\/\/africandreamland.com\/es\/wp-json\/wp\/v2\/media\/18513"}],"wp:attachment":[{"href":"https:\/\/africandreamland.com\/es\/wp-json\/wp\/v2\/media?parent=21325"}],"wp:term":[{"taxonomy":"product_brand","embeddable":true,"href":"https:\/\/africandreamland.com\/es\/wp-json\/wp\/v2\/product_brand?post=21325"},{"taxonomy":"product_cat","embeddable":true,"href":"https:\/\/africandreamland.com\/es\/wp-json\/wp\/v2\/product_cat?post=21325"},{"taxonomy":"product_tag","embeddable":true,"href":"https:\/\/africandreamland.com\/es\/wp-json\/wp\/v2\/product_tag?post=21325"}],"curies":[{"name":"wp","href":"https:\/\/api.w.org\/{rel}","templated":true}]}}