{"id":21331,"date":"2018-06-22T22:20:10","date_gmt":"2018-06-22T20:20:10","guid":{"rendered":"https:\/\/africandreamland.com\/map-jewelry-shop\/sin%20categor\u00eda\/collar-de-oro-africa-de-18kt\/"},"modified":"2024-03-09T15:46:58","modified_gmt":"2024-03-09T14:46:58","slug":"collar-africa-chapado-en-oro","status":"publish","type":"product","link":"https:\/\/africandreamland.com\/es\/collar-africa-chapado-en-oro\/","title":{"rendered":"Collar \u00c1frica chapado en oro"},"content":{"rendered":"<p><span style=\"font-weight: 400;\">Collar \u00c1frica chapado en oro hecho a mano y chapado en oro.<\/span><\/p>\n<h2>Este Collar \u00c1frica chapado en oro es hipoalerg\u00e9nico y perfecto para mujeres y ni\u00f1as debido a su peque\u00f1o tama\u00f1o.<\/h2>\n<h3>\u273fdeja que tu coraz\u00f3n te lleve a los lugares que m\u00e1s amas con nuestras joyas\u273f<\/h3>\n<p><span style=\"font-weight: 400;\">\u273f JOYA \u273f<\/span><\/p>\n<p><span style=\"font-weight: 400;\">TAMA\u00d1O DEL MAPA: 1,5&#215;2 cm (0,6&#215;0,8 pulgadas). 0,7 mm de espesor<\/span><\/p>\n<p><span style=\"font-weight: 400;\">ACABADO: Rallado brillante, matizado o pulido.<\/span><\/p>\n<p><span style=\"font-weight: 400;\">CORAZ\u00d3N: Elige: sin coraz\u00f3n, sur, oeste o este en las opciones<\/span><\/p>\n<p><span style=\"font-weight: 400;\">\u273f MATERIALES \u273f<\/span><\/p>\n<p>Plata de ley 925 con 3 micras de ba\u00f1o de oro de 18kt.<\/p>\n<p>La cadena es una preciosa cadena de plata chapada en oro de 18kt de primera calidad. 18&#8243; &#8211; 45cm.<\/p>\n<p><span style=\"font-weight: 400;\">\u273f EMPAQUETADO \u273f<\/span><\/p>\n<p><span style=\"font-weight: 400;\">Tu joya se enviar\u00e1 en una caja de regalo kraft, con un regalo extra GRATIS e instrucciones de cuidado. \u00a1Lista para regalar!!<\/span><\/p>\n","protected":false},"excerpt":{"rendered":"<p>Collar de \u00c1frica chapado en oro de 18kt.<\/p>\n","protected":false},"featured_media":99348,"comment_status":"closed","ping_status":"closed","template":"","meta":{"_et_pb_use_builder":"off","_et_pb_old_content":"Collar \u00c1frica chapado en oro\n<h2>Collar \u00c1frica chapado en oro de 18kt en una caja de regalo kraft con un regalo extra gratis.<\/h2>\n<h3>Este Collar \u00c1frica chapado en oro es perfecto para los amantes de \u00c1frica para todos los d\u00edas porque es muy c\u00f3modo con su peque\u00f1a cadena de plata chapada en oro. Colgante de mapa de \u00c1frica personalizado. Collar \u00c1frica chapado en oro hecho a mano.<\/h3>\n\u273fdeja que tu coraz\u00f3n te lleve a los lugares que m\u00e1s amas con nuestras joyas\u273f\n\n\u273f JOYA \u273f\nTAMA\u00d1O DEL COLGANTE: 1,5x2 cm ( 0,6x0,8 pulgadas). 0,7 mm de espesor\nACABADO: Rallado Brillante, matizado o pulido (como la imagen). El\u00edgelo en las opciones.\n\nCADENA: Cadena de plata chapada en oro de 18kt de primera calidad.\nLongitud: Puedes escoger la cadena entre 16\" (40cm) o 18\" (45m).\n\nCORAZ\u00d3N: Elige: sin coraz\u00f3n, sur, oeste o este en las opciones.\n\n.....................................................\n\n\u273f MATERIALES \u273f\nLat\u00f3n con 3 micras de 18kt chapados en oro.\nLa cadena es una preciosa cadena de plata chapada en oro de 18kt de primera calidad.\n\n\u273f EMPAQUETADO \u273f\nTu joya se enviar\u00e1 en una caja de regalo kraft, con un regalo GRATIS adicional y las instrucciones de cuidado.","_et_gb_content_width":""},"product_brand":[],"product_cat":[1443],"product_tag":[],"class_list":{"0":"post-21331","1":"product","2":"type-product","3":"status-publish","4":"has-post-thumbnail","6":"product_cat-collares-mapa-africa","7":"pa_finished-heart-polished-east-es","8":"pa_finished-heart-polished-west-es","9":"pa_finished-heart-polished-without-es","10":"pa_finished-heart-polished-south-es","11":"pa_finished-heart-grated-without-es","12":"pa_finished-heart-grated-east-es","13":"pa_finished-heart-grated-west-es","14":"pa_finished-heart-grated-south-es","16":"first","17":"instock","18":"taxable","19":"shipping-taxable","20":"purchasable","21":"product-type-variable"},"exclude_global_add_ons":[],"addons":[],"jetpack_sharing_enabled":true,"_links":{"self":[{"href":"https:\/\/africandreamland.com\/es\/wp-json\/wp\/v2\/product\/21331","targetHints":{"allow":["GET"]}}],"collection":[{"href":"https:\/\/africandreamland.com\/es\/wp-json\/wp\/v2\/product"}],"about":[{"href":"https:\/\/africandreamland.com\/es\/wp-json\/wp\/v2\/types\/product"}],"replies":[{"embeddable":true,"href":"https:\/\/africandreamland.com\/es\/wp-json\/wp\/v2\/comments?post=21331"}],"wp:featuredmedia":[{"embeddable":true,"href":"https:\/\/africandreamland.com\/es\/wp-json\/wp\/v2\/media\/99348"}],"wp:attachment":[{"href":"https:\/\/africandreamland.com\/es\/wp-json\/wp\/v2\/media?parent=21331"}],"wp:term":[{"taxonomy":"product_brand","embeddable":true,"href":"https:\/\/africandreamland.com\/es\/wp-json\/wp\/v2\/product_brand?post=21331"},{"taxonomy":"product_cat","embeddable":true,"href":"https:\/\/africandreamland.com\/es\/wp-json\/wp\/v2\/product_cat?post=21331"},{"taxonomy":"product_tag","embeddable":true,"href":"https:\/\/africandreamland.com\/es\/wp-json\/wp\/v2\/product_tag?post=21331"}],"curies":[{"name":"wp","href":"https:\/\/api.w.org\/{rel}","templated":true}]}}