{"id":21437,"date":"2018-06-21T18:29:56","date_gmt":"2018-06-21T16:29:56","guid":{"rendered":"https:\/\/africandreamland.com\/map-jewelry-shop\/sin%20categor\u00eda\/collar-de-oro-de-vietnam\/"},"modified":"2023-10-10T23:26:35","modified_gmt":"2023-10-10T21:26:35","slug":"collar-vietnam-dorado","status":"publish","type":"product","link":"https:\/\/africandreamland.com\/es\/collar-vietnam-dorado\/","title":{"rendered":"Collar Vietnam Dorado"},"content":{"rendered":"<p>Collar Vietnam Dorado .<\/p>\n<h2>Este Collar Vietnam Dorado es perfecto para los amantes de este pa\u00eds.<\/h2>\n<h3>\u273fdeja que tu coraz\u00f3n te lleve a los lugares que m\u00e1s amas con nuestras joyas\u273f<\/h3>\n<p>\u273f JOYA \u273f<\/p>\n<p>TAMA\u00d1O DE LA REDONDA: 2,5 cm ( 1 pulgadas). 0,7 mm de espesor<br \/>\nACABADO: Pulido (Como la imagen).<\/p>\n<p>CADENA: Cord\u00f3n vegano negro de primera calidad.<br \/>\nLargo del collar: escoge entre 16&#8243; (40 cm) a 18&#8243; (45 cm).<\/p>\n<p>\u273f MATERIALES \u273f<\/p>\n<p>Lat\u00f3n. Tiene un rico color c\u00e1lido y si est\u00e1 muy pulido se asemeja al oro. Luego, la joya tiene un ba\u00f1o de oro de 18kt de 3 micras.<\/p>\n<p>\u273f EMPAQUETADO \u273f<\/p>\n<p><span style=\"font-weight: 400;\">Tu joya se enviar\u00e1 en una caja de regalo kraft, con un regalo extra GRATIS e instrucciones de cuidado. \u00a1Lista para regalar!!<\/span><\/p>\n","protected":false},"excerpt":{"rendered":"<p>Collar de Vietnam chapado en oro de 18kt.<\/p>\n","protected":false},"featured_media":99209,"comment_status":"closed","ping_status":"closed","template":"","meta":{"_et_pb_use_builder":"","_et_pb_old_content":"","_et_gb_content_width":""},"product_brand":[],"product_cat":[1446],"product_tag":[],"class_list":{"0":"post-21437","1":"product","2":"type-product","3":"status-publish","4":"has-post-thumbnail","6":"product_cat-otras-joyas-mapas","8":"first","9":"instock","10":"taxable","11":"shipping-taxable","12":"purchasable","13":"product-type-variable"},"exclude_global_add_ons":[],"addons":[],"jetpack_sharing_enabled":true,"_links":{"self":[{"href":"https:\/\/africandreamland.com\/es\/wp-json\/wp\/v2\/product\/21437","targetHints":{"allow":["GET"]}}],"collection":[{"href":"https:\/\/africandreamland.com\/es\/wp-json\/wp\/v2\/product"}],"about":[{"href":"https:\/\/africandreamland.com\/es\/wp-json\/wp\/v2\/types\/product"}],"replies":[{"embeddable":true,"href":"https:\/\/africandreamland.com\/es\/wp-json\/wp\/v2\/comments?post=21437"}],"wp:featuredmedia":[{"embeddable":true,"href":"https:\/\/africandreamland.com\/es\/wp-json\/wp\/v2\/media\/99209"}],"wp:attachment":[{"href":"https:\/\/africandreamland.com\/es\/wp-json\/wp\/v2\/media?parent=21437"}],"wp:term":[{"taxonomy":"product_brand","embeddable":true,"href":"https:\/\/africandreamland.com\/es\/wp-json\/wp\/v2\/product_brand?post=21437"},{"taxonomy":"product_cat","embeddable":true,"href":"https:\/\/africandreamland.com\/es\/wp-json\/wp\/v2\/product_cat?post=21437"},{"taxonomy":"product_tag","embeddable":true,"href":"https:\/\/africandreamland.com\/es\/wp-json\/wp\/v2\/product_tag?post=21437"}],"curies":[{"name":"wp","href":"https:\/\/api.w.org\/{rel}","templated":true}]}}