{"id":21527,"date":"2020-01-28T10:30:05","date_gmt":"2020-01-28T09:30:05","guid":{"rendered":"https:\/\/africandreamland.com\/map-jewelry-shop\/sin%20categor\u00eda\/colgante-de-madera-de-ebano-africa\/"},"modified":"2023-03-27T14:47:40","modified_gmt":"2023-03-27T12:47:40","slug":"colgante-africa-ebano","status":"publish","type":"product","link":"https:\/\/africandreamland.com\/es\/colgante-africa-ebano\/","title":{"rendered":"Colgante \u00c1frica madera \u00c9bano"},"content":{"rendered":"<p>Colgante \u00c1frica \u00c9bano hecho a mano especialmente para ti.<\/p>\n<h2>Colgante \u00c1frica \u00c9bano , un regalo perfecto para el d\u00eda del padre o para tu pareja.<\/h2>\n<h3>\u273fdeja que tu coraz\u00f3n te lleve a los lugares que m\u00e1s amas con nuestras joyas\u273f<\/h3>\n<p>\u273f JOYA DE \u00c1FRICA \u273f<\/p>\n<p>TAMA\u00d1O DEL MAPA: 3&#215;2,5 cm (1.2&#215;1 pulgadas). 2 mm de espesor<\/p>\n<p>ACABADO: (Como la imagen).<\/p>\n<p>CADENA: Cord\u00f3n vegano negro de 2mm de primera calidad.<br \/>\nLongitud: 18&#8243; (45cm).<\/p>\n<p>\u273f MATERIALES \u273f<\/p>\n<p>Colgante de madera de \u00e9bano \u00e1frica de primera calidad.<\/p>\n<p>\u273f EMPAQUETADO \u273f<\/p>\n<p><span style=\"font-weight: 400;\">Tu joya se enviar\u00e1 en una caja de regalo kraft, con un regalo extra GRATIS e instrucciones de cuidado. \u00a1Lista para regalar!!<\/span><\/p>\n","protected":false},"excerpt":{"rendered":"<p>Colgante \u00c1frica de madera de \u00e9bano.<\/p>\n","protected":false},"featured_media":99008,"comment_status":"closed","ping_status":"closed","template":"","meta":{"_et_pb_use_builder":"","_et_pb_old_content":"","_et_gb_content_width":""},"product_brand":[],"product_cat":[1443],"product_tag":[],"class_list":{"0":"post-21527","1":"product","2":"type-product","3":"status-publish","4":"has-post-thumbnail","6":"product_cat-collares-mapa-africa","8":"first","9":"instock","10":"taxable","11":"shipping-taxable","12":"purchasable","13":"product-type-simple"},"exclude_global_add_ons":[],"addons":[],"jetpack_sharing_enabled":true,"_links":{"self":[{"href":"https:\/\/africandreamland.com\/es\/wp-json\/wp\/v2\/product\/21527","targetHints":{"allow":["GET"]}}],"collection":[{"href":"https:\/\/africandreamland.com\/es\/wp-json\/wp\/v2\/product"}],"about":[{"href":"https:\/\/africandreamland.com\/es\/wp-json\/wp\/v2\/types\/product"}],"replies":[{"embeddable":true,"href":"https:\/\/africandreamland.com\/es\/wp-json\/wp\/v2\/comments?post=21527"}],"wp:featuredmedia":[{"embeddable":true,"href":"https:\/\/africandreamland.com\/es\/wp-json\/wp\/v2\/media\/99008"}],"wp:attachment":[{"href":"https:\/\/africandreamland.com\/es\/wp-json\/wp\/v2\/media?parent=21527"}],"wp:term":[{"taxonomy":"product_brand","embeddable":true,"href":"https:\/\/africandreamland.com\/es\/wp-json\/wp\/v2\/product_brand?post=21527"},{"taxonomy":"product_cat","embeddable":true,"href":"https:\/\/africandreamland.com\/es\/wp-json\/wp\/v2\/product_cat?post=21527"},{"taxonomy":"product_tag","embeddable":true,"href":"https:\/\/africandreamland.com\/es\/wp-json\/wp\/v2\/product_tag?post=21527"}],"curies":[{"name":"wp","href":"https:\/\/api.w.org\/{rel}","templated":true}]}}