{"id":21548,"date":"2020-02-19T19:11:36","date_gmt":"2020-02-19T18:11:36","guid":{"rendered":"https:\/\/africandreamland.com\/map-jewelry-shop\/sin%20categor\u00eda\/collar-africa-plata\/"},"modified":"2025-05-18T14:35:00","modified_gmt":"2025-05-18T12:35:00","slug":"collar-africa-plata","status":"publish","type":"product","link":"https:\/\/africandreamland.com\/es\/collar-africa-plata\/","title":{"rendered":"Collar \u00e1frica plata"},"content":{"rendered":"<p>Collar \u00c1frica Plata hecho a mano en Plata de Ley.<\/p>\n<h2>Este Collar \u00c1frica plata es perfecto para los Amantes de \u00c1frica, para los viajeros o familias de adopci\u00f3n.<\/h2>\n<h3>\u273fDeja que tu coraz\u00f3n te lleve a los lugares que m\u00e1s te gustan con nuestros mapas de joyas personalizados\u273f<\/h3>\n<p>\u273f JOYA \u273f<\/p>\n<p>TAMA\u00d1O DEL MAPA: 3&#215;2.5 cm (1.2&#215;1 pulgadas). 0,8 mm de grosor<\/p>\n<p>ACABADO: Pulido o rallado brillante.<\/p>\n<p>CADENA: Cadena de plata de ley 925 de 18&#8243; o 16&#8243; de primera calidad. Puedes elegir sin cadena si quieres.<\/p>\n<p>CORAZON: Por favor, si deseas personalizar tu coraz\u00f3n, por favor escribe la ubicaci\u00f3n en la nota al vendedor, antes del pago. Si no dices nada al respecto, lo har\u00e9 con el coraz\u00f3n sobre el Este, como puedes ver en la primera imagen.<\/p>\n<p>\u273f MATERIALES \u273f Plata de ley 925<br \/>\n.<\/p>\n<p>\u273f EMPAQUETADO \u273f<\/p>\n<p><span style=\"font-weight: 400;\">Tu joya se enviar\u00e1 en una caja de regalo kraft, con un regalo extra GRATIS e instrucciones de cuidado. \u00a1Lista para regalar!!<\/span><\/p>\n","protected":false},"excerpt":{"rendered":"<p>Colgante \u00c1frica en plata de ley.<\/p>\n","protected":false},"featured_media":98990,"comment_status":"closed","ping_status":"closed","template":"","meta":{"_et_pb_use_builder":"off","_et_pb_old_content":"Collar \u00e1frica plata hecho a mano en Plata Argentium en una caja de regalo kraft con un regalo extra.\r\n<h2>Este Collar \u00c1frica plata es perfecto para los Amantes de \u00c1frica, para los viajeros o familias de adopci\u00f3n.<\/h2>\r\n\u273fDeja que tu coraz\u00f3n te lleve a los lugares que m\u00e1s te gustan con nuestros mapas de joyas personalizados\u273f\r\n\r\n\u273f JOYA \u273f\r\n<h2>TAMA\u00d1O DEL COLGANTE \u00c1FRICA: 3x2.5 cm (1.2x1 pulgadas). 0,8 mm de grosor<\/h2>\r\nACABADO: Brillante rallado (segunda imagen), matizado o pulido (como la primera imagen). El\u00edgelo en las opciones.\r\n\r\nCADENA: Cadena de plata de ley 925 de primera calidad.\r\nLongitud: Elija de 16\" a 22\" en las opciones.\r\n\r\nCORAZON: Por favor, si deseas personalizar tu coraz\u00f3n, por favor escribe la ubicaci\u00f3n en la nota al vendedor, antes del pago. Si no dices nada al respecto, lo har\u00e9 con el coraz\u00f3n sobre el Este, como puedes ver en la primera imagen.\r\n\r\n\u273f MATERIALES \u273f\r\nLa plata argentina 930 (plata m\u00e1s fina que la plata de ley 925) es antial\u00e9rgica y evita el deslustre.\r\n\r\n\u273f EMBALAJE \u273f\r\nTu joya se empaquetar\u00e1 en una caja de regalo kraft, con un regalo extra GRATIS (ver el regalo real aqu\u00ed) y unas instrucciones de cuidado.\r\n\r\n\u273f ENV\u00cdO \u273f\r\nTIEMPO DE PROCESAMIENTO: 3-5 d\u00edas (por favor, cont\u00e1cteme si lo necesita antes).\r\nENV\u00cdO: Tu joya se enviar\u00e1 con Correos paq. Ligero con env\u00edo est\u00e1ndar (5-8 d\u00edas) o DHL express (1-2 d\u00edas) si elige env\u00edo expr\u00e9s. En Espa\u00f1a Correos Premium 24h.\r\n<div id=\"et-boc\">\r\n<div class=\"et-l\">\r\n<div class=\"et_pb_module et_pb_text et_pb_text_5 et_pb_text_align_left et_pb_bg_layout_light\">\r\n<div class=\"et_pb_text_inner\">\r\n<h3>C\u00d3MO MANTENER TUS JOYAS AFRICANDREAMLAND LIMPIAS Y COMO NUEVAS<\/h3>\r\nTanto la plata de ley, como la plata Argenium y las joyas ba\u00f1adas en oro pueden tener \u00f3xido y oscurecimiento con el tiempo. La exposici\u00f3n excesiva al aire, la humedad, el sudor, los productos para la piel y el cabello y qu\u00edmicos pueden causar que el proceso de oxidaci\u00f3n vaya m\u00e1s r\u00e1pido.\r\n\r\nAqu\u00ed tienes algunos tips que te pueden ayudar en esto:\r\n<ul>\r\n \t<li>PARA MANTENER LAS JOYAS BRILLANTES<\/li>\r\n<\/ul>\r\nMantenlas envueltas en el papel de seda donde las ponemos para el env\u00edo, cuando no las uses. No uses productos qu\u00edmicos cuando est\u00e9s usando las joyas. Limpia la joya con una gamuza de pulimiento despu\u00e9s de su uso.\r\n<ul>\r\n \t<li>C\u00d3MO LIMPIAR TU JOYA.<\/li>\r\n<\/ul>\r\nUsa una gamuza de pulimiento como herramienta de limpieza principal. Usa l\u00edquidos especiales para plata si lo consideras necesario, pero sin abusar de ellos. Tanto las gamuzas como los l\u00edquidos de limpieza los puedes encontrar en grandes almacenes. Si no los encuentras, puedes contactar conmigo para que pueda ayudarte a comprar estos productos.\r\n<h3>El Argentium silver o plata Argentium tiene muy poco mantenimiento.<\/h3>\r\nSimplemente p\u00e1sale una gamuza suave y si tienen piezas intrincadas puedes limpiarlas con agua caliente con jab\u00f3n suave e inmediatamente seca la joya para evitar marcas de agua. Por favor, no uses productos de pulimento con la plata Argentium.\r\n\r\nAl igual que se recomienda en otros metales preciosos, recuerda quitarte tus joyas de Plata Argentium antes de entrar en piscinas, jacuzzis y antes de hacer actividades que supongan un contacto con productos qu\u00edmicos aunque sean suaves.\r\n\r\n<\/div>\r\n<\/div>\r\n<\/div>\r\n<\/div>","_et_gb_content_width":""},"product_brand":[],"product_cat":[1443],"product_tag":[],"class_list":{"0":"post-21548","1":"product","2":"type-product","3":"status-publish","4":"has-post-thumbnail","6":"product_cat-collares-mapa-africa","7":"pa_finished-heart-polished-withheart-es","8":"pa_finished-heart-polished-without-es","9":"pa_finished-heart-grated-withheart-es","10":"pa_finished-heart-grated-without-es","11":"pa_with-without-chain-without-chain-es","13":"first","14":"instock","15":"taxable","16":"shipping-taxable","17":"purchasable","18":"product-type-variable"},"exclude_global_add_ons":[],"addons":[],"jetpack_sharing_enabled":true,"_links":{"self":[{"href":"https:\/\/africandreamland.com\/es\/wp-json\/wp\/v2\/product\/21548","targetHints":{"allow":["GET"]}}],"collection":[{"href":"https:\/\/africandreamland.com\/es\/wp-json\/wp\/v2\/product"}],"about":[{"href":"https:\/\/africandreamland.com\/es\/wp-json\/wp\/v2\/types\/product"}],"replies":[{"embeddable":true,"href":"https:\/\/africandreamland.com\/es\/wp-json\/wp\/v2\/comments?post=21548"}],"wp:featuredmedia":[{"embeddable":true,"href":"https:\/\/africandreamland.com\/es\/wp-json\/wp\/v2\/media\/98990"}],"wp:attachment":[{"href":"https:\/\/africandreamland.com\/es\/wp-json\/wp\/v2\/media?parent=21548"}],"wp:term":[{"taxonomy":"product_brand","embeddable":true,"href":"https:\/\/africandreamland.com\/es\/wp-json\/wp\/v2\/product_brand?post=21548"},{"taxonomy":"product_cat","embeddable":true,"href":"https:\/\/africandreamland.com\/es\/wp-json\/wp\/v2\/product_cat?post=21548"},{"taxonomy":"product_tag","embeddable":true,"href":"https:\/\/africandreamland.com\/es\/wp-json\/wp\/v2\/product_tag?post=21548"}],"curies":[{"name":"wp","href":"https:\/\/api.w.org\/{rel}","templated":true}]}}