{"id":21798,"date":"2020-01-04T08:42:23","date_gmt":"2020-01-04T07:42:23","guid":{"rendered":"https:\/\/africandreamland.com\/map-jewelry-shop\/sin%20categor\u00eda\/collar-africa-con-perla\/"},"modified":"2024-03-19T00:05:00","modified_gmt":"2024-03-18T23:05:00","slug":"africa-collar-con-perla","status":"publish","type":"product","link":"https:\/\/africandreamland.com\/es\/africa-collar-con-perla\/","title":{"rendered":"Collar \u00c1frica con Perla"},"content":{"rendered":"<p>Collar de \u00c1frica con Perla en plata de ley.<\/p>\n<h2>Este collar de \u00c1frica con perla es hermoso y rom\u00e1ntico con la perla colgando.<\/h2>\n<h3>\u273fdeja que tu coraz\u00f3n te lleve a los lugares que m\u00e1s amas con nuestras joyas\u273f<\/h3>\n<p>\u273f JOYA \u273f<\/p>\n<p>TAMA\u00d1O DEL MAPA: 3\u00d72,5 cm (1.2\u00d71 pulgadas). 0,8 mm de grosor<br \/>\nCADENA: Cadena de plata de primera calidad.<br \/>\nLongitud: 16 &#8220;(40 cm) o 18 pulgadas (45 cm).<\/p>\n<p>Acabado: Rallado brillante como la imagen.<\/p>\n<p>\u273f MATERIALES \u273f<\/p>\n<p><span style=\"font-weight: 400;\">Argentium Silver 935 (m\u00e1s plata fina que 925 de plata de ley) es antial\u00e9rgico y evita el oscurecimiento de la plata.<\/span><\/p>\n<p>\u273f EMPAQUETADO \u273f<\/p>\n<p>Tu joya ser\u00e1 enviada en una caja de regalo kraft, con un regalo extra GRATIS e instrucciones de cuidado. \u00a1Lista para regalar!! \u00a1Listo para regalar!!<\/p>\n<p><a href=\"https:\/\/africandreamland.com\/map-jewelry-shop\/africa-map-jewels\/africa-map-necklaces\/gold-africa-necklace-outline\/\" target=\"_blank\" rel=\"noopener\">Aqu\u00ed encontrar\u00e1s el mismo colgante chapado en oro.<\/a><\/p>\n","protected":false},"excerpt":{"rendered":"<p>Colgante Mapa de \u00c1frica.<\/p>\n<p>&nbsp;<\/p>\n","protected":false},"featured_media":99083,"comment_status":"open","ping_status":"closed","template":"","meta":{"_et_pb_use_builder":"","_et_pb_old_content":"","_et_gb_content_width":""},"product_brand":[],"product_cat":[1443],"product_tag":[],"class_list":{"0":"post-21798","1":"product","2":"type-product","3":"status-publish","4":"has-post-thumbnail","6":"product_cat-collares-mapa-africa","8":"first","9":"instock","10":"taxable","11":"shipping-taxable","12":"purchasable","13":"product-type-variable"},"exclude_global_add_ons":[],"addons":[],"jetpack_sharing_enabled":true,"_links":{"self":[{"href":"https:\/\/africandreamland.com\/es\/wp-json\/wp\/v2\/product\/21798","targetHints":{"allow":["GET"]}}],"collection":[{"href":"https:\/\/africandreamland.com\/es\/wp-json\/wp\/v2\/product"}],"about":[{"href":"https:\/\/africandreamland.com\/es\/wp-json\/wp\/v2\/types\/product"}],"replies":[{"embeddable":true,"href":"https:\/\/africandreamland.com\/es\/wp-json\/wp\/v2\/comments?post=21798"}],"wp:featuredmedia":[{"embeddable":true,"href":"https:\/\/africandreamland.com\/es\/wp-json\/wp\/v2\/media\/99083"}],"wp:attachment":[{"href":"https:\/\/africandreamland.com\/es\/wp-json\/wp\/v2\/media?parent=21798"}],"wp:term":[{"taxonomy":"product_brand","embeddable":true,"href":"https:\/\/africandreamland.com\/es\/wp-json\/wp\/v2\/product_brand?post=21798"},{"taxonomy":"product_cat","embeddable":true,"href":"https:\/\/africandreamland.com\/es\/wp-json\/wp\/v2\/product_cat?post=21798"},{"taxonomy":"product_tag","embeddable":true,"href":"https:\/\/africandreamland.com\/es\/wp-json\/wp\/v2\/product_tag?post=21798"}],"curies":[{"name":"wp","href":"https:\/\/api.w.org\/{rel}","templated":true}]}}