{"id":22922,"date":"2020-04-16T10:50:40","date_gmt":"2020-04-16T08:50:40","guid":{"rendered":"https:\/\/africandreamland.com\/map-jewelry-shop\/sin%20categor\u00eda\/pulsera-de-perro-salchicha\/"},"modified":"2026-02-24T11:13:47","modified_gmt":"2026-02-24T10:13:47","slug":"pulsera-perro-salchicha","status":"publish","type":"product","link":"https:\/\/africandreamland.com\/es\/pulsera-perro-salchicha\/","title":{"rendered":"Pulsera Perro Salchicha"},"content":{"rendered":"<p>Pulsera Perro Salchicha hecha a mano en plata de ley.<\/p>\n<h2>Ahora puedes elegir la Pulsera Perro Salchicha en tres colores: plata de ley 925, chapada en oro de 18kt o chapada en rodio negro.<\/h2>\n<p>Esta pulsera es perfecta para regalar, porque el cord\u00f3n es adaptable. No necesitas saber el tama\u00f1o de la mu\u00f1eca.<\/p>\n<p>\u00a1La pulsera perfecta para los amantes de los Dachshund!<\/p>\n<p>\u273f JOYA \u273f<br \/>\nTAMA\u00d1O DEL COLGANTE: 3&#215;1.5 cm ( 1.5&#215;0.6 pulgadas). 0,8 mm de grosor<br \/>\nACABADO: pulido (como la imagen).<\/p>\n<p>Tenga en cuenta que la opci\u00f3n dorada no tiene la oreja recortada, solo grabada.<\/p>\n<p>CADENA: Cordon de cuero de primera calidad.<br \/>\nCord\u00f3n de nudo deslizante.<\/p>\n<p>\u273f MATERIALES \u273f<br \/>\nPlata de ley 925. La opci\u00f3n de oro es la plata de ley ba\u00f1ada en oro de 18 quilates. La opci\u00f3n negra es plata de ley oscurecida.<\/p>\n<p>\u273f EMPAQUETADO \u273f<br \/>\nTu joya se enviar\u00e1 en una caja de regalo kraft, con un regalo GRATIS adicional y las instrucciones de cuidado.<\/p>\n","protected":false},"excerpt":{"rendered":"<p>Pulsera Perro Salchicha<\/p>\n","protected":false},"featured_media":22921,"comment_status":"open","ping_status":"closed","template":"","meta":{"_et_pb_use_builder":"","_et_pb_old_content":"","_et_gb_content_width":""},"product_brand":[],"product_cat":[2241],"product_tag":[],"class_list":{"0":"post-22922","1":"product","2":"type-product","3":"status-publish","4":"has-post-thumbnail","6":"product_cat-joyas-de-mascotas","7":"pa_color-gold-es","8":"pa_color-black-es","9":"pa_color-silver-es","11":"first","12":"instock","13":"taxable","14":"shipping-taxable","15":"purchasable","16":"product-type-variable"},"exclude_global_add_ons":[],"addons":[],"jetpack_sharing_enabled":true,"_links":{"self":[{"href":"https:\/\/africandreamland.com\/es\/wp-json\/wp\/v2\/product\/22922","targetHints":{"allow":["GET"]}}],"collection":[{"href":"https:\/\/africandreamland.com\/es\/wp-json\/wp\/v2\/product"}],"about":[{"href":"https:\/\/africandreamland.com\/es\/wp-json\/wp\/v2\/types\/product"}],"replies":[{"embeddable":true,"href":"https:\/\/africandreamland.com\/es\/wp-json\/wp\/v2\/comments?post=22922"}],"wp:featuredmedia":[{"embeddable":true,"href":"https:\/\/africandreamland.com\/es\/wp-json\/wp\/v2\/media\/22921"}],"wp:attachment":[{"href":"https:\/\/africandreamland.com\/es\/wp-json\/wp\/v2\/media?parent=22922"}],"wp:term":[{"taxonomy":"product_brand","embeddable":true,"href":"https:\/\/africandreamland.com\/es\/wp-json\/wp\/v2\/product_brand?post=22922"},{"taxonomy":"product_cat","embeddable":true,"href":"https:\/\/africandreamland.com\/es\/wp-json\/wp\/v2\/product_cat?post=22922"},{"taxonomy":"product_tag","embeddable":true,"href":"https:\/\/africandreamland.com\/es\/wp-json\/wp\/v2\/product_tag?post=22922"}],"curies":[{"name":"wp","href":"https:\/\/api.w.org\/{rel}","templated":true}]}}