{"id":94520,"date":"2019-12-06T10:44:43","date_gmt":"2019-12-06T09:44:43","guid":{"rendered":"https:\/\/africandreamland.com\/personalized-africa-map-shop\/sin%20categor\u00eda\/plata-africa-tie-pin\/"},"modified":"2023-03-31T09:27:00","modified_gmt":"2023-03-31T07:27:00","slug":"pasador-corbata-africa","status":"publish","type":"product","link":"https:\/\/africandreamland.com\/es\/pasador-corbata-africa\/","title":{"rendered":"Pasador de corbata \u00c1frica"},"content":{"rendered":"<p>Pasador de corbata \u00c1frica de plata en una caja de regalo kraft con un regalo extra gratis.<\/p>\n<p>Si eres un amante de \u00c1frica que busca sentirse cerca de tu tierra o acercar \u00c1frica a tu coraz\u00f3n, det\u00e9n la b\u00fasqueda, esto es exactamente lo que estabas buscando\ud83e\udd0d.<\/p>\n<h2>\n<p>Este Pasador de corbata \u00c1frica te ayudar\u00e1 a sentir el mapa de \u00c1frica cerca de ti as\u00ed como a hacer brillar ante los dem\u00e1s por su dise\u00f1o y acabados texturizados.<\/h2>\n<p>\u2728 C\u00d3MO PEDIR EL PASADOR<\/p>\n<p>Para recibir tu Pasador de corbata \u00c1frica en tu casa, solo necesitas:<\/p>\n<p>Pon tu joya en el carrito y haz la compra.<\/p>\n<p>\u00a1Y eso es todo!<br \/>\n\u00a1Estar\u00e1s lista para recibir tu pasador, hecho a mano especialmente para ti!<\/p>\n<p>\u2728 QU\u00c9 RECIBIR\u00c1S<\/p>\n<p>Tu pasador de corbata con el mapa de \u00c1frica llegar\u00e1 bellamente envuelto para regalo, con un regalo extra para usted o quien quiera.<\/p>\n<p>\u2728PREGUNTAS FRECUENTES<\/p>\n<p>Dimensiones del pasador de la corbata: 6cm<br \/>\n\u00c1frica: 1cm.<\/p>\n<p>MATERIALES:<br \/>\n925 Plata de ley<\/p>\n","protected":false},"excerpt":{"rendered":"<p>Pasador de corbata \u00c1frica en Plata de Ley.<\/p>\n","protected":false},"featured_media":11068,"comment_status":"closed","ping_status":"closed","template":"","meta":{"_et_pb_use_builder":"","_et_pb_old_content":"","_et_gb_content_width":""},"product_brand":[],"product_cat":[1445],"product_tag":[],"class_list":{"0":"post-94520","1":"product","2":"type-product","3":"status-publish","4":"has-post-thumbnail","6":"product_cat-otras-joyas-mapa-africa","8":"first","9":"instock","10":"taxable","11":"shipping-taxable","12":"purchasable","13":"product-type-simple"},"exclude_global_add_ons":[],"addons":[],"jetpack_sharing_enabled":true,"_links":{"self":[{"href":"https:\/\/africandreamland.com\/es\/wp-json\/wp\/v2\/product\/94520","targetHints":{"allow":["GET"]}}],"collection":[{"href":"https:\/\/africandreamland.com\/es\/wp-json\/wp\/v2\/product"}],"about":[{"href":"https:\/\/africandreamland.com\/es\/wp-json\/wp\/v2\/types\/product"}],"replies":[{"embeddable":true,"href":"https:\/\/africandreamland.com\/es\/wp-json\/wp\/v2\/comments?post=94520"}],"wp:featuredmedia":[{"embeddable":true,"href":"https:\/\/africandreamland.com\/es\/wp-json\/wp\/v2\/media\/11068"}],"wp:attachment":[{"href":"https:\/\/africandreamland.com\/es\/wp-json\/wp\/v2\/media?parent=94520"}],"wp:term":[{"taxonomy":"product_brand","embeddable":true,"href":"https:\/\/africandreamland.com\/es\/wp-json\/wp\/v2\/product_brand?post=94520"},{"taxonomy":"product_cat","embeddable":true,"href":"https:\/\/africandreamland.com\/es\/wp-json\/wp\/v2\/product_cat?post=94520"},{"taxonomy":"product_tag","embeddable":true,"href":"https:\/\/africandreamland.com\/es\/wp-json\/wp\/v2\/product_tag?post=94520"}],"curies":[{"name":"wp","href":"https:\/\/api.w.org\/{rel}","templated":true}]}}