{"id":95681,"date":"2023-12-16T12:58:14","date_gmt":"2023-12-16T11:58:14","guid":{"rendered":"https:\/\/africandreamland.com\/personalized-africa-map-shop\/sin%20categor\u00eda\/pendientes-mapa-mundo\/"},"modified":"2023-12-16T13:01:27","modified_gmt":"2023-12-16T12:01:27","slug":"pendientes-mapamundi","status":"publish","type":"product","link":"https:\/\/africandreamland.com\/es\/pendientes-mapamundi\/","title":{"rendered":"Pendientes Mapamundi"},"content":{"rendered":"<p>Pendientes Mapamundi hechos a mano con corcho y cierre de plata ba\u00f1ada en oro rosa.<\/p>\n<h2>\u00a1Estos pendientes veganos de corcho son s\u00faper ligeros y brillantes! \u00a1Un mapamundi en tus orejas!<\/h2>\n<p>\u00a1Siempre querr\u00e1s usarlos!<\/p>\n<p>\u273f\u00a1Deja que tu estilo brille! \u273f<\/p>\n<p>\u273f JOYA \u273f<br \/>\n\u00a1Ahora dos tallas!<br \/>\n3,5 cm o 2,5 cm. \u00a1Elige en las opciones!<\/p>\n<p>\u273f MATERIALES \u273f<br \/>\nCorcho, vinilo y plata de ley 925 ba\u00f1ado en oro rosa.<br \/>\nEstos pendientes son hipoalerg\u00e9nicos porque est\u00e1n fabricados en plata de ley 925 y ba\u00f1ados en oro de 18kt.<\/p>\n<p>Tambi\u00e9n pondr\u00e9 un cierre de goma para que nunca pierdas tus pendientes.<\/p>\n<p>\u273f EMPAQUETADO \u273f<br \/>\nTu joya se enviar\u00e1 en una caja de regalo kraft, con un regalo extra GRATIS y las instrucciones de cuidado.<\/p>\n","protected":false},"excerpt":{"rendered":"<p>Pendientes veganos de corcho.<\/p>\n","protected":false},"featured_media":99306,"comment_status":"open","ping_status":"closed","template":"","meta":{"_et_pb_use_builder":"","_et_pb_old_content":"","_et_gb_content_width":""},"product_brand":[],"product_cat":[1446],"product_tag":[],"class_list":{"0":"post-95681","1":"product","2":"type-product","3":"status-publish","4":"has-post-thumbnail","6":"product_cat-otras-joyas-mapas","7":"pa_pattern-25-cm-es","8":"pa_pattern-35-cm-es","10":"first","11":"instock","12":"taxable","13":"shipping-taxable","14":"purchasable","15":"product-type-variable"},"exclude_global_add_ons":[],"addons":[],"jetpack_sharing_enabled":true,"_links":{"self":[{"href":"https:\/\/africandreamland.com\/es\/wp-json\/wp\/v2\/product\/95681","targetHints":{"allow":["GET"]}}],"collection":[{"href":"https:\/\/africandreamland.com\/es\/wp-json\/wp\/v2\/product"}],"about":[{"href":"https:\/\/africandreamland.com\/es\/wp-json\/wp\/v2\/types\/product"}],"replies":[{"embeddable":true,"href":"https:\/\/africandreamland.com\/es\/wp-json\/wp\/v2\/comments?post=95681"}],"wp:featuredmedia":[{"embeddable":true,"href":"https:\/\/africandreamland.com\/es\/wp-json\/wp\/v2\/media\/99306"}],"wp:attachment":[{"href":"https:\/\/africandreamland.com\/es\/wp-json\/wp\/v2\/media?parent=95681"}],"wp:term":[{"taxonomy":"product_brand","embeddable":true,"href":"https:\/\/africandreamland.com\/es\/wp-json\/wp\/v2\/product_brand?post=95681"},{"taxonomy":"product_cat","embeddable":true,"href":"https:\/\/africandreamland.com\/es\/wp-json\/wp\/v2\/product_cat?post=95681"},{"taxonomy":"product_tag","embeddable":true,"href":"https:\/\/africandreamland.com\/es\/wp-json\/wp\/v2\/product_tag?post=95681"}],"curies":[{"name":"wp","href":"https:\/\/api.w.org\/{rel}","templated":true}]}}