{"id":95779,"date":"2024-02-02T17:58:29","date_gmt":"2024-02-02T16:58:29","guid":{"rendered":"https:\/\/africandreamland.com\/?post_type=product&#038;p=95779"},"modified":"2024-06-04T18:22:53","modified_gmt":"2024-06-04T16:22:53","slug":"medalla-ramo-novia","status":"publish","type":"product","link":"https:\/\/africandreamland.com\/es\/medalla-ramo-novia\/","title":{"rendered":"Medalla para ramo de novia"},"content":{"rendered":"<p>Esta Medalla para ramo de novia es el complemento perfecto para tu ramo de novia.<br \/>\nGrabado con un mensaje especial, este colgante de ramo personalizado es el mejor regalo para una despedida de soltera.<br \/>\nLa medalla de 25 mm est\u00e1 grabada con el mensaje de tu elecci\u00f3n.<br \/>\nDisponible en acero chapado en oro amarillo, acero chapado en oro rosa o acero inoxidable.<br \/>\nEl colgante viene con una cinta de organza de tu elecci\u00f3n: pink, white o rose.<\/p>\n<p>El colgante del ramo tambi\u00e9n se puede poner en una cadenita para usarlo mucho despu\u00e9s de que haya terminado tu d\u00eda especial.<\/p>\n<p>\u2728 C\u00d3MO HACER EL PEDIDO<\/p>\n<p>Para recibir tu Medalla para ramo de novia en tu casa, solo necesitas:<\/p>\n<p>1. Elige el color de tu colgante y de tu cinta.<\/p>\n<p>2. Escribe tu texto en las opciones, la fuente y si quieres un s\u00edmbolo.<\/p>\n<p>O sube tu imagen o tu propia letra y la grabo.<\/p>\n<p>\u00a1Y eso es todo!<br \/>\n\u00a1Estar\u00e1s lista para recibir tu colgante, hecho a mano especialmente para ti!<\/p>\n<p>\u2728 QU\u00c9 RECIBIR\u00c1S<\/p>\n<p>Tu colgante llegar\u00e1 bellamente envuelto para regalo, con un regalo extra para ti o quien quieras.<\/p>\n<p>\u2728PREGUNTAS FRECUENTES<\/p>\n<p>TAMA\u00d1O DEL COLGANTE: 25 mm.<\/p>\n<p>CINTA:<br \/>\nCinta de organza de 70 cm.<\/p>\n<p>MATERIALES:<br \/>\nAcero inoxidable.<\/p>\n","protected":false},"excerpt":{"rendered":"<p>Colgante conmemorativo para tu ramo de novia.<\/p>\n","protected":false},"featured_media":99327,"comment_status":"closed","ping_status":"closed","template":"","meta":{"_et_pb_use_builder":"","_et_pb_old_content":"","_et_gb_content_width":""},"product_brand":[],"product_cat":[2185],"product_tag":[],"class_list":{"0":"post-95779","1":"product","2":"type-product","3":"status-publish","4":"has-post-thumbnail","6":"product_cat-joyas-de-boda","7":"pa_color-acero","8":"pa_color-gold-es","9":"pa_color-oro-rosa","11":"first","12":"instock","13":"taxable","14":"shipping-taxable","15":"purchasable","16":"product-type-variable"},"exclude_global_add_ons":false,"addons":[{"name":"Tu texto aqu\u00ed","type":"custom_text","position":0,"required":false,"title_format":"label","default":"","description_enable":false,"description":null,"placeholder_enable":false,"placeholder":"","display":"select","restrictions_type":"any_text","adjust_price":false,"price":"","price_type":"flat_fee","restrictions":false,"min":"0","max":"0","options":[],"id":1707045214},{"name":"Sube tu imagen si quieres","type":"file_upload","position":1,"required":false,"title_format":"label","default":"","description_enable":false,"description":null,"placeholder_enable":false,"placeholder":"","display":"select","restrictions_type":"any_text","adjust_price":false,"price":"","price_type":"flat_fee","restrictions":false,"min":"0","max":"0","options":[],"id":1707045215}],"jetpack_sharing_enabled":true,"_links":{"self":[{"href":"https:\/\/africandreamland.com\/es\/wp-json\/wp\/v2\/product\/95779","targetHints":{"allow":["GET"]}}],"collection":[{"href":"https:\/\/africandreamland.com\/es\/wp-json\/wp\/v2\/product"}],"about":[{"href":"https:\/\/africandreamland.com\/es\/wp-json\/wp\/v2\/types\/product"}],"replies":[{"embeddable":true,"href":"https:\/\/africandreamland.com\/es\/wp-json\/wp\/v2\/comments?post=95779"}],"wp:featuredmedia":[{"embeddable":true,"href":"https:\/\/africandreamland.com\/es\/wp-json\/wp\/v2\/media\/99327"}],"wp:attachment":[{"href":"https:\/\/africandreamland.com\/es\/wp-json\/wp\/v2\/media?parent=95779"}],"wp:term":[{"taxonomy":"product_brand","embeddable":true,"href":"https:\/\/africandreamland.com\/es\/wp-json\/wp\/v2\/product_brand?post=95779"},{"taxonomy":"product_cat","embeddable":true,"href":"https:\/\/africandreamland.com\/es\/wp-json\/wp\/v2\/product_cat?post=95779"},{"taxonomy":"product_tag","embeddable":true,"href":"https:\/\/africandreamland.com\/es\/wp-json\/wp\/v2\/product_tag?post=95779"}],"curies":[{"name":"wp","href":"https:\/\/api.w.org\/{rel}","templated":true}]}}