{"id":95953,"date":"2024-02-10T15:40:36","date_gmt":"2024-02-10T14:40:36","guid":{"rendered":"https:\/\/africandreamland.com\/?post_type=product&#038;p=95953"},"modified":"2024-02-10T15:53:10","modified_gmt":"2024-02-10T14:53:10","slug":"llavero-de-madera-bombero","status":"publish","type":"product","link":"https:\/\/africandreamland.com\/es\/llavero-de-madera-bombero\/","title":{"rendered":"Llavero de madera de bombero"},"content":{"rendered":"<p>Llavero de madera de bombero.<br \/>\nEl regalo perfecto para un bombero.<\/p>\n<p>Un casco de 35 mm en madera de nogal.<br \/>\nTambi\u00e9n se puede grabar en el reverso el n\u00famero de bombero, el nombre o una fecha.<\/p>\n<p>\u2728 C\u00d3MO HACER EL PEDIDO<\/p>\n<p>Para recibir tu Llavero de Madera de Bombero en tu casa, solo necesitas:<\/p>\n<p>Escribe en el cuadro de personalizaci\u00f3n si deseas grabar en el reverso el n\u00famero de bombero, el nombre o una fecha.<br \/>\nElige la tipograf\u00eda de las letras.<\/p>\n<p>.<\/p>\n<p>Ejemplo: Grabar: Te amo<br \/>\nFuente: TimesNewRoman. .<\/p>\n<p>\u00a1Y eso es todo!<br \/>\n\u00a1Estar\u00e1s listo para recibir tu llavero, hecho a mano especialmente para ti!<\/p>\n<p>\u2728 QU\u00c9 RECIBIR\u00c1S<\/p>\n<p>Tu llavero llegar\u00e1 bellamente envuelto para regalo, con un regalo extra para ti o para quien quieras.<\/p>\n<p>\u2728PREGUNTAS FRECUENTES<\/p>\n<p>TAMA\u00d1O DEL CHARM: 35 mm.<\/p>\n<p>MATERIALES:<br \/>\nContrachapado de nogal y cobre.<\/p>\n","protected":false},"excerpt":{"rendered":"<p>Llavero de bombero.<\/p>\n","protected":false},"featured_media":99285,"comment_status":"open","ping_status":"closed","template":"","meta":{"_et_pb_use_builder":"","_et_pb_old_content":"","_et_gb_content_width":""},"product_brand":[],"product_cat":[2248,2188],"product_tag":[],"class_list":{"0":"post-95953","1":"product","2":"type-product","3":"status-publish","4":"has-post-thumbnail","6":"product_cat-fs-poster-dissabte-diumenge-plata","7":"product_cat-regalos-para-bomberos","9":"first","10":"instock","11":"taxable","12":"shipping-taxable","13":"purchasable","14":"product-type-simple"},"exclude_global_add_ons":false,"addons":[{"name":"Personalizaci\u00f3n","type":"custom_text","position":0,"required":false,"title_format":"label","default":"","description_enable":true,"description":"Escribe en el cuadro de personalizaci\u00f3n si deseas grabar en el reverso el n\u00famero de bombero, el nombre o una fecha. Elige la tipograf\u00eda de las letras. \nEjemplo: Grabar: Te quiero Fuente: TimesNewRoman.","placeholder_enable":false,"placeholder":"","display":"select","restrictions_type":"any_text","adjust_price":false,"price":"","price_type":"flat_fee","restrictions":false,"min":"0","max":"0","options":[],"id":1707580378}],"jetpack_sharing_enabled":true,"_links":{"self":[{"href":"https:\/\/africandreamland.com\/es\/wp-json\/wp\/v2\/product\/95953","targetHints":{"allow":["GET"]}}],"collection":[{"href":"https:\/\/africandreamland.com\/es\/wp-json\/wp\/v2\/product"}],"about":[{"href":"https:\/\/africandreamland.com\/es\/wp-json\/wp\/v2\/types\/product"}],"replies":[{"embeddable":true,"href":"https:\/\/africandreamland.com\/es\/wp-json\/wp\/v2\/comments?post=95953"}],"wp:featuredmedia":[{"embeddable":true,"href":"https:\/\/africandreamland.com\/es\/wp-json\/wp\/v2\/media\/99285"}],"wp:attachment":[{"href":"https:\/\/africandreamland.com\/es\/wp-json\/wp\/v2\/media?parent=95953"}],"wp:term":[{"taxonomy":"product_brand","embeddable":true,"href":"https:\/\/africandreamland.com\/es\/wp-json\/wp\/v2\/product_brand?post=95953"},{"taxonomy":"product_cat","embeddable":true,"href":"https:\/\/africandreamland.com\/es\/wp-json\/wp\/v2\/product_cat?post=95953"},{"taxonomy":"product_tag","embeddable":true,"href":"https:\/\/africandreamland.com\/es\/wp-json\/wp\/v2\/product_tag?post=95953"}],"curies":[{"name":"wp","href":"https:\/\/api.w.org\/{rel}","templated":true}]}}