{"id":96015,"date":"2024-02-29T11:27:24","date_gmt":"2024-02-29T10:27:24","guid":{"rendered":"https:\/\/africandreamland.com\/personalized-africa-map-shop\/sin%20categor\u00eda\/amuleto-azul-algo-personalizado\/"},"modified":"2024-02-29T11:31:22","modified_gmt":"2024-02-29T10:31:22","slug":"colgante-algo-azul-personalizado","status":"publish","type":"product","link":"https:\/\/africandreamland.com\/es\/colgante-algo-azul-personalizado\/","title":{"rendered":"Colgante Algo Azul Personalizado"},"content":{"rendered":"<p>El charm Something Blue es el complemento perfecto para tu boda.<br \/>\nGrabado con su inicial o s\u00edmbolo, este colgante personalizado es el mejor regalo para una despedida de soltera.<br \/>\nEl cierre de plata ba\u00f1ada en oro est\u00e1 grabado con la inicial o el s\u00edmbolo de tu elecci\u00f3n.<\/p>\n<h2>Puedes llevar tu Colgante Something Blue personalizado colgado en tu liga, en tu zapato, en tu ramo o incluso en tu ropa interior.<\/h2>\n<p>Despu\u00e9s de tu gran d\u00eda, puedes colgarlo en una cadena y llevarlo como colgante personalizado con tu inicial, o en una pulsera.<\/p>\n<p>\u2728 C\u00d3MO HACER EL PEDIDO<\/p>\n<p>Para recibir tu Colgante Algo Azul en tu casa, solo necesitas:<\/p>\n<p>1. Elige el tama\u00f1o de tu charm en las opciones.<\/p>\n<p>2. Escriba en el cuadro de personalizaci\u00f3n la inicial o s\u00edmbolo que desea grabar y la fuente.<\/p>\n<p>\u00a1Y eso es todo!<br \/>\n\u00a1Estar\u00e1s listo para recibir tu colgante algo azul, hecho a mano especialmente para ti!<\/p>\n<p>\u2728 QU\u00c9 RECIBIR\u00c1S<\/p>\n<p>Tu Colgante llegar\u00e1 bellamente envuelto para regalo, con un regalo extra para ti o para quien quieras.<\/p>\n<p>\u2728PREGUNTAS FRECUENTES<\/p>\n<p>TAMA\u00d1O DEL COLGANTE:<br \/>\nBIG: 4 cm (1.5&#8243;)<br \/>\nLITTLE: 2,5 cm (1&#8243;)<\/p>\n<p>MATERIALES:<br \/>\nPlata de ley ba\u00f1ada en oro de 18kt, perlas azules y blancas.<\/p>\n","protected":false},"excerpt":{"rendered":"<p>Colgante de novia hecho a mano.<\/p>\n","protected":false},"featured_media":99315,"comment_status":"open","ping_status":"closed","template":"","meta":{"_et_pb_use_builder":"","_et_pb_old_content":"","_et_gb_content_width":""},"product_brand":[],"product_cat":[2185],"product_tag":[],"class_list":{"0":"post-96015","1":"product","2":"type-product","3":"status-publish","4":"has-post-thumbnail","6":"product_cat-joyas-de-boda","8":"first","9":"instock","10":"taxable","11":"shipping-taxable","12":"purchasable","13":"product-type-variable"},"exclude_global_add_ons":false,"addons":[{"name":"Personalizaci\u00f3n","type":"custom_text","position":0,"required":false,"title_format":"label","default":"","description_enable":true,"description":"Escribe tu inicial o s\u00edmbolo y tu fuente.","placeholder_enable":false,"placeholder":"","display":"select","restrictions_type":"any_text","adjust_price":false,"price":"","price_type":"flat_fee","restrictions":false,"min":"0","max":"0","options":[],"id":1709206047}],"jetpack_sharing_enabled":true,"_links":{"self":[{"href":"https:\/\/africandreamland.com\/es\/wp-json\/wp\/v2\/product\/96015","targetHints":{"allow":["GET"]}}],"collection":[{"href":"https:\/\/africandreamland.com\/es\/wp-json\/wp\/v2\/product"}],"about":[{"href":"https:\/\/africandreamland.com\/es\/wp-json\/wp\/v2\/types\/product"}],"replies":[{"embeddable":true,"href":"https:\/\/africandreamland.com\/es\/wp-json\/wp\/v2\/comments?post=96015"}],"wp:featuredmedia":[{"embeddable":true,"href":"https:\/\/africandreamland.com\/es\/wp-json\/wp\/v2\/media\/99315"}],"wp:attachment":[{"href":"https:\/\/africandreamland.com\/es\/wp-json\/wp\/v2\/media?parent=96015"}],"wp:term":[{"taxonomy":"product_brand","embeddable":true,"href":"https:\/\/africandreamland.com\/es\/wp-json\/wp\/v2\/product_brand?post=96015"},{"taxonomy":"product_cat","embeddable":true,"href":"https:\/\/africandreamland.com\/es\/wp-json\/wp\/v2\/product_cat?post=96015"},{"taxonomy":"product_tag","embeddable":true,"href":"https:\/\/africandreamland.com\/es\/wp-json\/wp\/v2\/product_tag?post=96015"}],"curies":[{"name":"wp","href":"https:\/\/api.w.org\/{rel}","templated":true}]}}