{"id":96110,"date":"2024-06-02T07:18:24","date_gmt":"2024-06-02T05:18:24","guid":{"rendered":"https:\/\/africandreamland.com\/personalized-africa-map-shop\/sin%20categor\u00eda\/pendientes-de-oro-africa-2\/"},"modified":"2024-06-21T09:06:25","modified_gmt":"2024-06-21T07:06:25","slug":"pendientes-de-madera-con-flores","status":"publish","type":"product","link":"https:\/\/africandreamland.com\/es\/pendientes-de-madera-con-flores\/","title":{"rendered":"Pendientes de Madera con Flor"},"content":{"rendered":"<p>Pendientes de Madera con Flor hechos a mano en madera de bamb\u00fa.<\/p>\n<h2>Estos pendientes de madera con flor, ligeros y rom\u00e1nticos, ideales para tu d\u00eda a d\u00eda.<\/h2>\n<p>Todos estos pendientes son piezas \u00fanicas, perfectas para una mujer y ni\u00f1a rom\u00e1ntica.<\/p>\n<p>\u273f JOYA \u273f<\/p>\n<p>TAMA\u00d1O DEL PENDIENTE: 1 cm. 2,5 mm de espesor<br \/>\nACABADO: Color madera o blanco.<\/p>\n<p>\u273f MATERIALES \u273f<\/p>\n<p>Madera de bamb\u00fa y plata de ley.<\/p>\n<p>\u273f EMPAQUETADO \u273f<\/p>\n<p><span style=\"font-weight: 400;\">Tu joya se enviar\u00e1 en una caja de regalo kraft, con un regalo extra GRATIS e instrucciones de cuidado. \u00a1Lista para regalar!!<\/span><\/p>\n<p>&nbsp;<\/p>\n","protected":false},"excerpt":{"rendered":"<p>Pendientes de Madera con detalle de Flor.<\/p>\n","protected":false},"featured_media":99282,"comment_status":"open","ping_status":"closed","template":"","meta":{"_et_pb_use_builder":"","_et_pb_old_content":"","_et_gb_content_width":""},"product_brand":[],"product_cat":[2248,1456],"product_tag":[],"class_list":{"0":"post-96110","1":"product","2":"type-product","3":"status-publish","4":"has-post-thumbnail","6":"product_cat-fs-poster-dissabte-diumenge-plata","7":"product_cat-pendientes-de-plata","8":"pa_color-madera","9":"pa_color-white-es","11":"first","12":"instock","13":"taxable","14":"shipping-taxable","15":"purchasable","16":"product-type-variable"},"exclude_global_add_ons":[],"addons":[],"jetpack_sharing_enabled":true,"_links":{"self":[{"href":"https:\/\/africandreamland.com\/es\/wp-json\/wp\/v2\/product\/96110","targetHints":{"allow":["GET"]}}],"collection":[{"href":"https:\/\/africandreamland.com\/es\/wp-json\/wp\/v2\/product"}],"about":[{"href":"https:\/\/africandreamland.com\/es\/wp-json\/wp\/v2\/types\/product"}],"replies":[{"embeddable":true,"href":"https:\/\/africandreamland.com\/es\/wp-json\/wp\/v2\/comments?post=96110"}],"wp:featuredmedia":[{"embeddable":true,"href":"https:\/\/africandreamland.com\/es\/wp-json\/wp\/v2\/media\/99282"}],"wp:attachment":[{"href":"https:\/\/africandreamland.com\/es\/wp-json\/wp\/v2\/media?parent=96110"}],"wp:term":[{"taxonomy":"product_brand","embeddable":true,"href":"https:\/\/africandreamland.com\/es\/wp-json\/wp\/v2\/product_brand?post=96110"},{"taxonomy":"product_cat","embeddable":true,"href":"https:\/\/africandreamland.com\/es\/wp-json\/wp\/v2\/product_cat?post=96110"},{"taxonomy":"product_tag","embeddable":true,"href":"https:\/\/africandreamland.com\/es\/wp-json\/wp\/v2\/product_tag?post=96110"}],"curies":[{"name":"wp","href":"https:\/\/api.w.org\/{rel}","templated":true}]}}